{"id":10661,"date":"2021-09-26T13:29:08","date_gmt":"2021-09-26T13:29:08","guid":{"rendered":"https:\/\/pm.trdevel.cz\/?page_id=10661"},"modified":"2025-02-21T15:37:11","modified_gmt":"2025-02-21T15:37:11","slug":"inbody-analyza-lidskeho-tela","status":"publish","type":"page","link":"https:\/\/pm.trdevel.cz\/de\/inbody-analyza-lidskeho-tela\/","title":{"rendered":"InBody \u2013 anal\u00fdza lidsk\u00e9ho t\u011bla"},"content":{"rendered":"<p>[vc_row row_content_width=&#8220;grid&#8220; css=&#8220;.vc_custom_1632239210797{padding-top: 70px !important;}&#8220;][vc_column offset=&#8220;vc_col-lg-12&#8243; css=&#8220;.vc_custom_1632140768248{margin-top: -8px !important;}&#8220;]<div class=\"mkdf-section-title-holder mkdf-st-standard mkdf-st-title-left mkdf-st-normal-space \" style=\"text-align: center\">\n\t<div class=\"mkdf-st-inner\">\n\t\t\t\t\t<h1 class=\"mkdf-st-title\" >\n\t\t\t\tVa\u017een\u00ed \/ m\u011b\u0159en\u00ed na <span class=\"mkdf-st-title-bold\">InBody<\/span>\t\t\t<\/h1>\n\t\t\t\t\t<\/div>\n<\/div>[vc_empty_space height=&#8220;9px&#8220;][vc_column_text]Je to jeden z\u00a0<strong>nejp\u0159esn\u011bj\u0161\u00edch <\/strong>analyz\u00e1tor\u016f lidsk\u00e9ho t\u011bla v\u016fbec. Samotn\u00e1 anal\u00fdza trv\u00e1\u00a0<strong>p\u00e1r des\u00edtek sekund\u00a0<\/strong>a d\u00edky technologii DSM-BIA a programu\u00a0<strong>Body vision<\/strong>z\u00edsk\u00e1te mnoho p\u0159esn\u00fdch informac\u00ed.<\/p>\n<p>Pokud se m\u011b\u0159\u00edte na InBody, stejn\u011b tak na jin\u00fdch bio-impeda\u010dn\u00edch analyz\u00e1torech, zad\u00e1v\u00e1te do p\u0159\u00edstroje sv\u016fj v\u011bk a pohlav\u00ed (mu\u017e, nebo \u017eena). Tyto tzv. empirick\u00e9 \u00fadaje jsou u InBody d\u016fle\u017eit\u00e9 pouze pro zhodnocen\u00ed v\u00fdsledk\u016f anal\u00fdzy a vytvo\u0159en\u00ed tzv. doporu\u010duj\u00edc\u00edch hodnot. V\u00fdsledky samotn\u00e9ho m\u011b\u0159en\u00ed hodnot neovlivn\u00ed.<\/p>\n<h3 style=\"font-family: 'Poppins';\">V\u00fdsledky anal\u00fdzy:<\/h3>\n<ul>\n<li>Celkov\u00e1 voda, proteiny, kostn\u00ed\/nekostn\u00ed miner\u00e1ly, tukov\u00e1 hmota, kostn\u00ed a svalov\u00e1 hmota, svalov\u00e1 hmota, bez tukov\u00e1 hmota, v\u00e1ha<\/li>\n<li>BMI, procentu\u00e1ln\u00ed pod\u00edl t\u011blesn\u00e9ho tuku, pom\u011br pasu k bok\u016fm (WHR)<\/li>\n<li>Svalov\u00e1 hmota v jednotliv\u00fdch t\u011blesn\u00fdch \u010d\u00e1stech, procento svaloviny v jednotliv\u00fdch t\u011blesn\u00fdch \u010d\u00e1stech<\/li>\n<li>Oblast t\u011blesn\u00e9ho tuku (r\u016fstov\u00fd graf pro jedince pod 18 let)<\/li>\n<li>Nutri\u010dn\u00ed diagn\u00f3za (proteiny, miner\u00e1ly, tuk, ed\u00e9m)<\/li>\n<li>T\u011blesn\u00e1 vyv\u00e1\u017eenost, t\u011blesn\u00e1 s\u00edla, zdravotn\u00ed diagn\u00f3za<\/li>\n<li>C\u00edlov\u00e1 v\u00e1ha, kontrola v\u00e1hy, tukov\u00e1 kontrola, svalov\u00e1 kontrola, stav t\u011blesn\u00e9 zdatnosti, stupe\u0148 obezity<\/li>\n<li>Historie t\u011blesn\u00e9ho slo\u017een<\/li>\n<li>Impedance v jednotliv\u00fdch t\u011blesn\u00fdch \u010d\u00e1stech stanoven\u00e9 ka\u017edou frekvenc\u00ed zvl\u00e1\u0161\u0165<\/li>\n<\/ul>\n<p>[\/vc_column_text][vc_empty_space][\/vc_column][\/vc_row][vc_row full_width=&#8220;stretch_row&#8220; css=&#8220;.vc_custom_1638118773359{background-color: rgba(78,109,204,0.07) !important;*background-color: rgb(78,109,204) !important;}&#8220; simple_background_color=&#8220;rgba(78,109,204,0.07)&#8220;][vc_column][vc_row_inner row_content_width=&#8220;grid&#8220;][vc_column_inner][vc_column_text]\n<div class=\"wpcf7 no-js\" id=\"wpcf7-f13223-o1\" lang=\"cs-CZ\" dir=\"ltr\" data-wpcf7-id=\"13223\">\n<div class=\"screen-reader-response\"><p role=\"status\" aria-live=\"polite\" aria-atomic=\"true\"><\/p> <ul><\/ul><\/div>\n<form action=\"\/de\/wp-json\/wp\/v2\/pages\/10661#wpcf7-f13223-o1\" method=\"post\" class=\"wpcf7-form init inline-form\" aria-label=\"Kontaktn\u00ed formul\u00e1\u0159\" novalidate=\"novalidate\" data-status=\"init\">\n<div style=\"display: none;\">\n<input type=\"hidden\" name=\"_wpcf7\" value=\"13223\" \/>\n<input type=\"hidden\" name=\"_wpcf7_version\" value=\"6.0.4\" \/>\n<input type=\"hidden\" name=\"_wpcf7_locale\" value=\"cs_CZ\" \/>\n<input type=\"hidden\" name=\"_wpcf7_unit_tag\" value=\"wpcf7-f13223-o1\" \/>\n<input type=\"hidden\" name=\"_wpcf7_container_post\" value=\"0\" \/>\n<input type=\"hidden\" name=\"_wpcf7_posted_data_hash\" value=\"\" \/>\n<input type=\"hidden\" name=\"_wpcf7_recaptcha_response\" value=\"\" \/>\n<\/div>\n<h2>Objednat se na z\u00e1krok\n<\/h2>\n<div class=\"jq-row jq-inline-form\">\n\t<div class=\"fields-col jq-row\">\n\t\t<div class=\"jq-col-33\">\n\t\t\t<p><span class=\"wpcf7-form-control-wrap\" data-name=\"your-name\"><input size=\"40\" maxlength=\"400\" class=\"wpcf7-form-control wpcf7-text wpcf7-validates-as-required\" aria-required=\"true\" aria-invalid=\"false\" placeholder=\"Jm\u00e9no a p\u0159\u00edjmen\u00ed\" value=\"\" type=\"text\" name=\"your-name\" \/><\/span>\n\t\t\t<\/p>\n\t\t<\/div>\n\t\t<div class=\"jq-col-33\">\n\t\t\t<p><span class=\"wpcf7-form-control-wrap\" data-name=\"your-email\"><input size=\"40\" maxlength=\"400\" class=\"wpcf7-form-control wpcf7-email wpcf7-validates-as-required wpcf7-text wpcf7-validates-as-email\" aria-required=\"true\" aria-invalid=\"false\" placeholder=\"Email\" value=\"\" type=\"email\" name=\"your-email\" \/><\/span>\n\t\t\t<\/p>\n\t\t<\/div>\n\t\t<div class=\"jq-col-33\">\n\t\t\t<p><span class=\"wpcf7-form-control-wrap\" data-name=\"your-tel\"><input size=\"40\" maxlength=\"400\" class=\"wpcf7-form-control wpcf7-tel wpcf7-text wpcf7-validates-as-tel\" aria-invalid=\"false\" placeholder=\"+420 *** *** ***\" value=\"\" type=\"tel\" name=\"your-tel\" \/><\/span>\n\t\t\t<\/p>\n\t\t<\/div>\n\t\t<div class=\"jq-col-100\">\n\t\t\t<p><span class=\"wpcf7-form-control-wrap\" data-name=\"acceptance\"><span class=\"wpcf7-form-control wpcf7-acceptance\"><span class=\"wpcf7-list-item\"><label><input type=\"checkbox\" name=\"acceptance\" value=\"1\" aria-invalid=\"false\" \/><span class=\"wpcf7-list-item-label\">Souhlas\u00edm se zpracov\u00e1n\u00edm <a href=\"https:\/\/pm.trdevel.cz\/podminky\/\" target=\"_blank\">osobn\u00edch \u00fadaj\u016f<\/a><\/span><\/label><\/span><\/span><\/span>\n\t\t\t<\/p>\n\t\t<\/div>\n\t<\/div>\n\t<div class=\"button-col\">\n\t\t<p><input class=\"wpcf7-form-control wpcf7-submit has-spinner\" type=\"submit\" value=\"Odeslat\" \/><input type=\"hidden\" class=\"wpcf7-form-control wpcf7-hidden\" name=\"your-subject\" placeholder=\"\" value=\"\u0417\u0430\u043f\u0438\u0441\u044c \u043d\u0430 \u043f\u0440\u043e\u0446\u0435\u0434\u0443\u0440\u0443\" \/><input type=\"hidden\" class=\"wpcf7-form-control wpcf7-hidden\" name=\"hidden-443\" placeholder=\"\" value=\"InBody \u2013 anal\u00fdza lidsk\u00e9ho t\u011bla\" \/>\n\t\t<\/p>\n\t<\/div>\n<\/div><div class=\"wpcf7-response-output\" aria-hidden=\"true\"><\/div>\n<\/form>\n<\/div>\n[\/vc_column_text][\/vc_column_inner][\/vc_row_inner][\/vc_column][\/vc_row][vc_row content_placement=&#8220;middle&#8220; css=&#8220;.vc_custom_1632529364693{background-color: #fafafa !important;}&#8220;][vc_column]<div class=\"mkdf-elements-holder mkdf-one-column mkdf-responsive-mode-768\" style=\"background-color:#fafafa;\"><div class=\"mkdf-eh-item mkdf-horizontal-alignment-center\"  data-item-class=\"mkdf-eh-custom-855486\">\n\t<div class=\"mkdf-eh-item-inner\">\n\t\t<div class=\"mkdf-eh-item-content mkdf-eh-custom-855486\" style=\"padding: 20px 0 0 0\">\n\t\t\t<div class=\"mkdf-section-title-holder mkdf-st-standard mkdf-st-title-left mkdf-st-normal-space \" style=\"text-align: center\">\n\t<div class=\"mkdf-st-inner\">\n\t\t\t\t\t<h2 class=\"mkdf-st-title\" >\n\t\t\t\tCen\u00edk\t\t\t<\/h2>\n\t\t\t\t\t<\/div>\n<\/div>\t\t<\/div>\n\t<\/div>\n<\/div><\/div><div class=\"mkdf-elements-holder mkdf-one-column mkdf-responsive-mode-768 mkdf-one-column-alignment-center\" style=\"background-color:#fafafa;\"><div class=\"mkdf-eh-item mkdf-horizontal-alignment-center\"  data-item-class=\"mkdf-eh-custom-980649\" data-1280-1600=\"40px 300px 20px 300px\" data-1024-1280=\"40px 200px 20px 200px\" data-768-1024=\"40px 100px 20px 100px\" data-600-768=\"20px 30px 20px 30px\" data-480-600=\"20px 30px 20px 30px\" data-480=\"20px 30px 20px 30px\">\n\t<div class=\"mkdf-eh-item-inner\">\n\t\t<div class=\"mkdf-eh-item-content mkdf-eh-custom-980649\" style=\"padding: 40px 600px 20px 600px\">\n\t\t\t<div class=\"mkdf-pricing-tables clearfix  mkdf-one-column mkdf-pt-normal-space\"><div class=\"mkdf-pt-wrapper\"><div class=\"mkdf-price-table\">\n\t<div class=\"mkdf-pt-inner\" style=\"background-color: #ffffff\">\n\t\t\t\t<ul>\n\t\t\t<li class=\"mkdf-pt-title-holder\">\n\t\t\t\t<span class=\"mkdf-pt-title\" style=\"border-color: #13bfb1\">M\u011b\u0159en\u00ed na InBody<\/span>\n\t\t\t<\/li>\n\t\t\t<li class=\"mkdf-pt-prices\">\n\t\t\t\t<sup class=\"mkdf-pt-value\" >K\u010d<\/sup>\n\t\t\t\t<span class=\"mkdf-pt-price\" >990<\/span>\n\t\t\t\t<h6 class=\"mkdf-pt-mark\" >1 m\u011b\u0159en\u00ed<\/h6>\n\t\t\t<\/li>\n\t\t\t<li class=\"mkdf-pt-content\">\n\t\t\t\tV\u00e1\u017een\u00ed na Inbody + rozbor st\u00e1vaj\u00edc\u00edho \u017eivotn\u00edho stylu\t\t\t<\/li>\n\t\t\t\t\t\t\t<li class=\"mkdf-pt-button\">\n\t\t\t\t\t<a itemprop=\"url\" href=\"https:\/\/pm.trdevel.cz\/objednat-se-na-zakrok\/?balname=Inbody\" target=\"_self\"  class=\"mkdf-btn mkdf-btn-large mkdf-btn-solid mkdf-btn-solid-dark\"  >    <span class=\"mkdf-btn-text\">Objednat se na z\u00e1krok<\/span>    <span class=\"mkdf-btn-icon-holder\">        <span class=\"mkdf-btn-icon-normal\" ><\/span>        <span class=\"mkdf-btn-icon-flip\" ><\/span>    <\/span><\/a>\t\t\t\t<\/li>\t\t\t\t\n\t\t\t\t\t<\/ul>\n\t<\/div>\n<\/div><\/div><\/div>\t\t<\/div>\n\t<\/div>\n<\/div><\/div>[\/vc_column][\/vc_row][vc_row][vc_column]<div class=\"mkdf-elements-holder mkdf-one-column mkdf-responsive-mode-768\" ><div class=\"mkdf-eh-item mkdf-horizontal-alignment-center\"  data-item-class=\"mkdf-eh-custom-623185\">\n\t<div class=\"mkdf-eh-item-inner\">\n\t\t<div class=\"mkdf-eh-item-content mkdf-eh-custom-623185\" style=\"padding: 100px 0px 0px 0px\">\n\t\t\t<div class=\"mkdf-section-title-holder mkdf-st-standard mkdf-st-title-left mkdf-st-normal-space \" >\n\t<div class=\"mkdf-st-inner\">\n\t\t\t\t\t<h2 class=\"mkdf-st-title\" >\n\t\t\t\tMohlo by v\u00e1s zaj\u00edmat\t\t\t<\/h2>\n\t\t\t\t\t<\/div>\n<\/div>[vc_column_text]<\/p>\n<p style=\"text-align: center;\">Podobn\u00e9 z\u00e1kroky, kter\u00e9 by mohly v\u00e1s zaujmout<\/p>\n<p>[\/vc_column_text]\t\t<\/div>\n\t<\/div>\n<\/div><\/div>[\/vc_column][\/vc_row][vc_row][vc_column][vc_row_inner][vc_column_inner css=&#8220;.vc_custom_1635090641718{border-right-width: 1px !important;border-left-width: 1px !important;padding-top: 0% !important;padding-right: 0% !important;padding-bottom: 0% !important;padding-left: 0% !important;border-left-color: #ededed !important;border-left-style: solid !important;border-right-color: #ededed !important;border-right-style: solid !important;}&#8220; offset=&#8220;vc_col-lg-3 vc_col-md-12 vc_col-xs-12&#8243;]<div class=\"mkdf-elements-holder mkdf-one-column mkdf-responsive-mode-768\" ><div class=\"mkdf-eh-item mkdf-horizontal-alignment-center\"  data-item-class=\"mkdf-eh-custom-499374\">\n\t<div class=\"mkdf-eh-item-inner\">\n\t\t<div class=\"mkdf-eh-item-content mkdf-eh-custom-499374\" style=\"padding: 55px 10%\">\n\t\t\t[vc_column_text]<\/p>\n<h3>Radiofrekven\u010dn\u00ed lifting t\u011bla s TriActive+<\/h3>\n<p>Multifunk\u010dn\u00ed p\u0159\u00edstroj umo\u017e\u0148uje efektivn\u011b zkorigovat obrysy a objem t\u011bla. Jde o nejnov\u011bj\u0161\u00ed technologii v boji proti ochablosti k\u016f\u017ee, lokalizovan\u00e9mu ukl\u00e1d\u00e1n\u00ed tuku a celulitid\u011b.[\/vc_column_text][vc_empty_space][vc_column_text]<\/p>\n<p style=\"text-align: center; margin-top: 10px;\"><a class=\"mkdf-btn mkdf-btn-medium mkdf-btn-outline\" style=\"color: #43d5cb; padding: 14px 30px; border: 1px solid #43d5cb; border-radius: 5px; font-weight: 300;\" href=\"\/zpevneni-a-vypnuti-kuze-pristrojem-triactive\/\" target=\"_blank\" rel=\"noopener\">V\u00edce info<\/a><\/p>\n<p>[\/vc_column_text]\t\t<\/div>\n\t<\/div>\n<\/div><\/div>[\/vc_column_inner][vc_column_inner css=&#8220;.vc_custom_1635090649157{padding-top: 0% !important;padding-right: 0% !important;padding-bottom: 0% !important;padding-left: 0% !important;}&#8220; offset=&#8220;vc_col-lg-3 vc_col-md-12 vc_col-xs-12&#8243;]<div class=\"mkdf-elements-holder mkdf-one-column mkdf-responsive-mode-768\" ><div class=\"mkdf-eh-item mkdf-horizontal-alignment-center\"  data-item-class=\"mkdf-eh-custom-855431\">\n\t<div class=\"mkdf-eh-item-inner\">\n\t\t<div class=\"mkdf-eh-item-content mkdf-eh-custom-855431\" style=\"padding: 55px 10%\">\n\t\t\t[vc_column_text]<\/p>\n<h3>Laserov\u00e1 epilace<\/h3>\n<p>K p\u016fvabu pot\u0159ebujete hladkou poko\u017eku. Odstranit necht\u011bn\u00e9 chloupky v\u00e1m pom\u016f\u017ee laserov\u00e1 epilace.[\/vc_column_text][vc_empty_space][vc_column_text]<\/p>\n<p style=\"text-align: center; margin-top: 10px;\"><a class=\"mkdf-btn mkdf-btn-medium mkdf-btn-outline\" style=\"color: #43d5cb; padding: 14px 30px; border: 1px solid #43d5cb; border-radius: 5px; font-weight: 300;\" href=\"\/laserova-epilace\/\" target=\"_blank\" rel=\"noopener\">V\u00edce info<\/a><\/p>\n<p>[\/vc_column_text]\t\t<\/div>\n\t<\/div>\n<\/div><\/div>[\/vc_column_inner][vc_column_inner css=&#8220;.vc_custom_1635090657196{border-right-width: 1px !important;border-left-width: 1px !important;padding-top: 0% !important;padding-right: 0% !important;padding-bottom: 0% !important;padding-left: 0% !important;border-left-color: #ededed !important;border-left-style: solid !important;border-right-color: #ededed !important;border-right-style: solid !important;}&#8220; offset=&#8220;vc_col-lg-3 vc_col-md-12 vc_col-xs-12&#8243;]<div class=\"mkdf-elements-holder mkdf-one-column mkdf-responsive-mode-768\" ><div class=\"mkdf-eh-item mkdf-horizontal-alignment-center\"  data-item-class=\"mkdf-eh-custom-741871\">\n\t<div class=\"mkdf-eh-item-inner\">\n\t\t<div class=\"mkdf-eh-item-content mkdf-eh-custom-741871\" style=\"padding: 55px 10%\">\n\t\t\t[vc_column_text]<\/p>\n<h3>Pressoterapie (lymfodren\u00e1\u017en\u00ed kalhoty)<\/h3>\n<p>P\u016fsob\u00ed proti otok\u016fm i celulitid\u011b! Napom\u00e1h\u00e1 spr\u00e1vn\u00e9 funkci lymfatick\u00e9ho syst\u00e9mu, posiluje imunitu, nab\u00edz\u00ed preventivn\u00ed i relaxa\u010dn\u00ed z\u00e1\u017eitek.[\/vc_column_text][vc_empty_space][vc_column_text]<\/p>\n<p style=\"text-align: center; margin-top: 10px;\"><a class=\"mkdf-btn mkdf-btn-medium mkdf-btn-outline\" style=\"color: #43d5cb; padding: 14px 30px; border: 1px solid #43d5cb; border-radius: 5px; font-weight: 300;\" href=\"\/pressoterapie\/\" target=\"_blank\" rel=\"noopener\">V\u00edce info<\/a><\/p>\n<p>[\/vc_column_text]\t\t<\/div>\n\t<\/div>\n<\/div><\/div>[\/vc_column_inner][vc_column_inner css=&#8220;.vc_custom_1635090727539{padding-top: 0% !important;padding-right: 0% !important;padding-bottom: 0% !important;padding-left: 0% !important;}&#8220; offset=&#8220;vc_col-lg-3 vc_col-md-12 vc_col-xs-12&#8243;]<div class=\"mkdf-elements-holder mkdf-one-column mkdf-responsive-mode-768\" ><div class=\"mkdf-eh-item mkdf-horizontal-alignment-center\"  data-item-class=\"mkdf-eh-custom-567117\">\n\t<div class=\"mkdf-eh-item-inner\">\n\t\t<div class=\"mkdf-eh-item-content mkdf-eh-custom-567117\" style=\"padding: 55px 10%\">\n\t\t\t[vc_column_text]<\/p>\n<h3>Injek\u010dn\u00ed lipol\u00fdza<\/h3>\n<p>Injek\u010dn\u00ed lipol\u00fdza pat\u0159\u00ed k jednomu z nej\u00fa\u010dinn\u011bj\u0161\u00edch a nej\u0161etrn\u011bj\u0161\u00edch zp\u016fsob\u016f boje p\u0159i odstra\u0148ov\u00e1n\u00ed tukov\u00fdch pol\u0161t\u00e1\u0159k\u016f v problematick\u00fdch parti\u00edch bez chirurgick\u00e9ho z\u00e1kroku.<\/p>\n<p>[\/vc_column_text][vc_empty_space][vc_column_text]<\/p>\n<p style=\"text-align: center; margin-top: 10px;\"><a class=\"mkdf-btn mkdf-btn-medium mkdf-btn-outline\" style=\"color: #43d5cb; padding: 14px 30px; border: 1px solid #43d5cb; border-radius: 5px; font-weight: 300;\" href=\"\/lipolyza\/\" target=\"_blank\" rel=\"noopener\">V\u00edce info<\/a><\/p>\n<p>[\/vc_column_text]\t\t<\/div>\n\t<\/div>\n<\/div><\/div>[\/vc_column_inner][\/vc_row_inner][\/vc_column][\/vc_row][vc_row][vc_column][vc_column_text]<\/p>\n<p>[\/vc_column_text][\/vc_column][\/vc_row]<\/p>\n","protected":false},"excerpt":{"rendered":"<p>[vc_row row_content_width=&#8220;grid&#8220; css=&#8220;.vc_custom_1632239210797{padding-top: 70px !important;}&#8220;][vc_column offset=&#8220;vc_col-lg-12&#8243; css=&#8220;.vc_custom_1632140768248{margin-top: -8px !important;}&#8220;][vc_empty_space height=&#8220;9px&#8220;][vc_column_text]Je to jeden z\u00a0nejp\u0159esn\u011bj\u0161\u00edch analyz\u00e1tor\u016f lidsk\u00e9ho t\u011bla v\u016fbec. Samotn\u00e1 anal\u00fdza trv\u00e1\u00a0p\u00e1r des\u00edtek sekund\u00a0a d\u00edky technologii DSM-BIA a programu\u00a0Body visionz\u00edsk\u00e1te mnoho p\u0159esn\u00fdch informac\u00ed. Pokud se m\u011b\u0159\u00edte na InBody, stejn\u011b tak na jin\u00fdch [&hellip;]<\/p>\n","protected":false},"author":1,"featured_media":0,"parent":0,"menu_order":0,"comment_status":"closed","ping_status":"closed","template":"full-width.php","meta":{"footnotes":""},"class_list":["post-10661","page","type-page","status-publish","hentry"],"acf":[],"_links":{"self":[{"href":"https:\/\/pm.trdevel.cz\/de\/wp-json\/wp\/v2\/pages\/10661","targetHints":{"allow":["GET"]}}],"collection":[{"href":"https:\/\/pm.trdevel.cz\/de\/wp-json\/wp\/v2\/pages"}],"about":[{"href":"https:\/\/pm.trdevel.cz\/de\/wp-json\/wp\/v2\/types\/page"}],"author":[{"embeddable":true,"href":"https:\/\/pm.trdevel.cz\/de\/wp-json\/wp\/v2\/users\/1"}],"replies":[{"embeddable":true,"href":"https:\/\/pm.trdevel.cz\/de\/wp-json\/wp\/v2\/comments?post=10661"}],"version-history":[{"count":18,"href":"https:\/\/pm.trdevel.cz\/de\/wp-json\/wp\/v2\/pages\/10661\/revisions"}],"predecessor-version":[{"id":22492,"href":"https:\/\/pm.trdevel.cz\/de\/wp-json\/wp\/v2\/pages\/10661\/revisions\/22492"}],"wp:attachment":[{"href":"https:\/\/pm.trdevel.cz\/de\/wp-json\/wp\/v2\/media?parent=10661"}],"curies":[{"name":"wp","href":"https:\/\/api.w.org\/{rel}","templated":true}]}}