{"id":11281,"date":"2021-10-06T20:16:27","date_gmt":"2021-10-06T20:16:27","guid":{"rendered":"https:\/\/pm.trdevel.cz\/?page_id=11281"},"modified":"2022-02-28T19:35:09","modified_gmt":"2022-02-28T19:35:09","slug":"akcni-nabidky","status":"publish","type":"page","link":"https:\/\/pm.trdevel.cz\/de\/akcni-nabidky\/","title":{"rendered":"Ak\u010dn\u00ed nab\u00eddky"},"content":{"rendered":"<p>[vc_row css=&#8220;.vc_custom_1640430973488{padding-top: 50px !important;}&#8220;][vc_column css=&#8220;.vc_custom_1492767171698{padding-top: 0px !important;}&#8220;]<div class=\"mkdf-section-title-holder mkdf-st-standard mkdf-st-title-left mkdf-st-normal-space \" style=\"text-align: center\">\n\t<div class=\"mkdf-st-inner\">\n\t\t\t\t\t<h1 class=\"mkdf-st-title\" >\n\t\t\t\t<span class=\"mkdf-st-title-light\">V\u00fdhodn\u00e9<\/span> <span class=\"mkdf-st-title-bold\">bal\u00ed\u010dky<\/span> <span class=\"mkdf-st-title-light\">a<\/span> <span class=\"mkdf-st-title-light\">ak\u010dn\u00ed<\/span> <span class=\"mkdf-st-title-bold\">nab\u00eddky<\/span>\t\t\t<\/h1>\n\t\t\t\t\t<\/div>\n<\/div>[vc_empty_space height=&#8220;9px&#8220;][\/vc_column][\/vc_row][vc_row css=&#8220;.vc_custom_1640430973488{padding-top: 50px !important;}&#8220;][vc_column width=&#8220;1\/2&#8243; css=&#8220;.vc_custom_1640440627794{padding-top: 0px !important;}&#8220; offset=&#8220;vc_hidden-xs&#8220;]<div class=\"mkdf-elements-holder mkdf-two-columns mkdf-responsive-mode-768\" ><div class=\"mkdf-eh-item mkdf-horizontal-alignment-center\"  data-item-class=\"mkdf-eh-custom-192856\">\n\t<div class=\"mkdf-eh-item-inner\">\n\t\t<div class=\"mkdf-eh-item-content mkdf-eh-custom-192856\" >\n\t\t\t[vc_single_image image=&#8220;14855&#8243; img_size=&#8220;full&#8220; alignment=&#8220;center&#8220;]\t\t<\/div>\n\t<\/div>\n<\/div><\/div>[\/vc_column][vc_column width=&#8220;1\/2&#8243;]<div class=\"mkdf-elements-holder mkdf-one-column mkdf-responsive-mode-768\" ><div class=\"mkdf-eh-item \"  data-item-class=\"mkdf-eh-custom-605858\" data-1280-1600=\"110px 15% 120px 10%\" data-1024-1280=\"100px 13% 105px 10%\" data-768-1024=\"75px 11% 90px 10%\" data-600-768=\"75px 11% 90px 10%\" data-480-600=\"50px 10% 50px 10%\" data-480=\"50px 10% 50px 10%\">\n\t<div class=\"mkdf-eh-item-inner\">\n\t\t<div class=\"mkdf-eh-item-content mkdf-eh-custom-605858\" style=\"padding: 100px 19% 100px 10%\">\n\t\t\t[vc_column_text]<\/p>\n<p style=\"margin: 15px 0px; padding: 8px 15px; border: 1px solid #19ce67; float: left; border-radius: 30px; color: #19ce67;\">18.02.2022 &#8211; 28.02.2022<\/p>\n<p><!-- p style=\"margin: 15px 10px; padding: 8px 15px; border: 1px solid #19ce67; float: left; border-radius: 30px; color: #19ce67;\">Brzy skon\u010d\u00ed<\/p -->[\/vc_column_text]<div class=\"mkdf-section-title-holder mkdf-st-standard mkdf-st-title-left mkdf-st-normal-space \" >\n\t<div class=\"mkdf-st-inner\">\n\t\t\t\t\t<h2 class=\"mkdf-st-title\" >\n\t\t\t\tV\u00fdpln\u011b Juv\u00e9derm <span class=\"mkdf-st-title-light\">od<\/span> 5 900 K\u010d\t\t\t<\/h2>\n\t\t\t\t\t<\/div>\n<\/div>[vc_empty_space height=&#8220;25px&#8220;][vc_column_text]Revitalizace vzhledu pomoc\u00ed injek\u010dn\u00edch v\u00fdpln\u00ed Juv\u00e9derm pom\u016f\u017ee vyhladit vr\u00e1sky, obnovit ztracen\u00fd objem, elasticitu i tonus pleti, hydratovat poko\u017eku. Viditeln\u00e9 v\u00fdsledky kr\u00e1tce po aplikaci maj\u00ed p\u0159irozen\u00fd efekt a p\u0159etrv\u00e1vaj\u00ed a\u017e 24 m\u011bs\u00edc\u016f.<\/p>\n<table class=\"akce-table\">\n<tbody>\n<tr>\n<td>JUV\u00c9DERM ULTRA 3 8 200 K\u010d (1 ml)<\/td>\n<td>6 500 K\u010d<\/td>\n<\/tr>\n<tr>\n<td>JUV\u00c9DERM ULTRA 4 8 200 K\u010d (1 ml)<\/td>\n<td>6 700 K\u010d<\/td>\n<\/tr>\n<tr>\n<td>JUV\u00c9DERM VOLUMA 9 200 K\u010d (1 ml)<\/td>\n<td>6 700 K\u010d<\/td>\n<\/tr>\n<tr>\n<td>JUV\u00c9DERM ULTRA SMILE 7 200 K\u010d (0,55 ml)<\/td>\n<td>5 900 K\u010d<\/td>\n<\/tr>\n<\/tbody>\n<\/table>\n<p>O\u017eivte sv\u016fj vzhled a zv\u00fdrazn\u011bte kvalitu pleti pro mladistv\u00fd a z\u00e1\u0159iv\u00fd vzhled.[\/vc_column_text][vc_empty_space height=&#8220;15px&#8220;][vc_column_text]<\/p>\n<p style=\"margin-top: 10px;\"><a class=\"mkdf-btn mkdf-btn-medium mkdf-btn-outline\" style=\"color: #fff; padding: 14px 30px; border-radius: 5px; background: #43d5cb; font-size: 15px;\" href=\"\/vyplne\/\" target=\"_blank\" rel=\"noopener\">V\u00edce info<\/a><\/p>\n<p>[\/vc_column_text]\t\t<\/div>\n\t<\/div>\n<\/div><\/div>[\/vc_column][\/vc_row][vc_row][vc_column width=&#8220;1\/2&#8243; css=&#8220;.vc_custom_1640440337125{padding-top: 0px !important;}&#8220;]<div class=\"mkdf-elements-holder mkdf-two-columns mkdf-responsive-mode-768\" ><div class=\"mkdf-eh-item \"  data-item-class=\"mkdf-eh-custom-748678\" data-1280-1600=\"110px 15% 120px 15%\" data-1024-1280=\"100px 13% 105px 15%\" data-768-1024=\"75px 11% 90px 10%\" data-600-768=\"75px 11% 90px 10%\" data-480-600=\"50px 10% 50px 10%\" data-480=\"50px 10% 50px 10%\">\n\t<div class=\"mkdf-eh-item-inner\">\n\t\t<div class=\"mkdf-eh-item-content mkdf-eh-custom-748678\" style=\"padding: 100px 19% 100px 23%\">\n\t\t\t[vc_column_text]<\/p>\n<p style=\"margin: 15px 0px; padding: 8px 15px; border: 1px solid #19ce67; float: left; border-radius: 30px; color: #19ce67;\">18.02.2022 &#8211; 28.02.2022<\/p>\n<p><!-- p style=\"margin: 15px 10px; padding: 8px 15px; border: 1px solid #19ce67; float: left; border-radius: 30px; color: #19ce67;\">Brzy skon\u010d\u00ed<\/p -->[\/vc_column_text]<div class=\"mkdf-section-title-holder mkdf-st-standard mkdf-st-title-left mkdf-st-normal-space \" >\n\t<div class=\"mkdf-st-inner\">\n\t\t\t\t\t<h2 class=\"mkdf-st-title\" >\n\t\t\t\tInjek\u010dn\u00ed aplikace botulotoxinu typu A se slevou 20%\t\t\t<\/h2>\n\t\t\t\t\t<\/div>\n<\/div>[vc_empty_space height=&#8220;25px&#8220;][vc_column_text]Odstran\u011bn\u00ed mimick\u00fdch vr\u00e1sek s injek\u010dn\u00ed aplikac\u00ed botulotoxinu pat\u0159\u00ed v oblasti korektivn\u00ed dermatologie a estetick\u00e9 medic\u00edny k nejobl\u00edben\u011bj\u0161\u00edm procedur\u00e1m omlazen\u00ed. Bezpe\u010dn\u00e1 metoda se vyu\u017e\u00edv\u00e1 pro redukci vr\u00e1sek na \u010dele, mezi obo\u010d\u00edm, kolem o\u010d\u00ed i rt\u016f.[\/vc_column_text][vc_empty_space height=&#8220;15px&#8220;][vc_column_text]<\/p>\n<p style=\"margin-top: 10px;\"><a class=\"mkdf-btn mkdf-btn-medium mkdf-btn-outline\" style=\"color: #fff; padding: 14px 30px; border-radius: 5px; background: #43d5cb; font-size: 15px;\" href=\"\/aplikace-botulotoxinu-a\/\" target=\"_blank\" rel=\"noopener\">V\u00edce info<\/a><\/p>\n<p>[\/vc_column_text]\t\t<\/div>\n\t<\/div>\n<\/div><\/div>[\/vc_column][vc_column width=&#8220;1\/2&#8243; offset=&#8220;vc_hidden-xs&#8220;]<div class=\"mkdf-elements-holder mkdf-one-column mkdf-responsive-mode-768\" ><div class=\"mkdf-eh-item mkdf-horizontal-alignment-center\"  data-item-class=\"mkdf-eh-custom-308728\" data-600-768=\"260px 0\" data-480-600=\"200px 0\" data-480=\"200px 0\">\n\t<div class=\"mkdf-eh-item-inner\">\n\t\t<div class=\"mkdf-eh-item-content mkdf-eh-custom-308728\" >\n\t\t\t[vc_single_image image=&#8220;14869&#8243; img_size=&#8220;full&#8220; alignment=&#8220;center&#8220;]\t\t<\/div>\n\t<\/div>\n<\/div><\/div>[\/vc_column][\/vc_row][vc_row][vc_column width=&#8220;1\/2&#8243; css=&#8220;.vc_custom_1640440649985{padding-top: 0px !important;}&#8220; offset=&#8220;vc_hidden-xs&#8220;]<div class=\"mkdf-elements-holder mkdf-two-columns mkdf-responsive-mode-768\" ><div class=\"mkdf-eh-item mkdf-horizontal-alignment-center\"  data-item-class=\"mkdf-eh-custom-684954\">\n\t<div class=\"mkdf-eh-item-inner\">\n\t\t<div class=\"mkdf-eh-item-content mkdf-eh-custom-684954\" >\n\t\t\t[vc_single_image image=&#8220;14861&#8243; img_size=&#8220;full&#8220; alignment=&#8220;center&#8220;]\t\t<\/div>\n\t<\/div>\n<\/div><\/div>[\/vc_column][vc_column width=&#8220;1\/2&#8243;]<div class=\"mkdf-elements-holder mkdf-one-column mkdf-responsive-mode-768\" ><div class=\"mkdf-eh-item \"  data-item-class=\"mkdf-eh-custom-981931\" data-1280-1600=\"110px 15% 120px 10%\" data-1024-1280=\"100px 13% 105px 10%\" data-768-1024=\"75px 11% 90px 10%\" data-600-768=\"50px 10% 50px 10%\" data-480-600=\"50px 10% 50px 10%\" data-480=\"50px 10% 50px 10%\">\n\t<div class=\"mkdf-eh-item-inner\">\n\t\t<div class=\"mkdf-eh-item-content mkdf-eh-custom-981931\" style=\"padding: 100px 19% 100px 10%\">\n\t\t\t[vc_column_text]<\/p>\n<p style=\"margin: 15px 0px; padding: 8px 15px; border: 1px solid #19ce67; float: left; border-radius: 30px; color: #19ce67;\">18.02.2022 &#8211; 28.02.2022<\/p>\n<p><!-- p style=\"margin: 15px 10px; padding: 8px 15px; border: 1px solid #19ce67; float: left; border-radius: 30px; color: #19ce67;\">Brzy skon\u010d\u00ed<\/p -->[\/vc_column_text]<div class=\"mkdf-section-title-holder mkdf-st-standard mkdf-st-title-left mkdf-st-normal-space \" >\n\t<div class=\"mkdf-st-inner\">\n\t\t\t\t\t<h2 class=\"mkdf-st-title\" >\n\t\t\t\tSleva 33% na TriActive+\t\t\t<\/h2>\n\t\t\t\t\t\t\t<h4 class=\"mkdf-st-text\" >\n\t\t\t\tRedukce celulitidy a zpevn\u011bn\u00ed t\u011bla s TriActive\t\t\t<\/h4>\n\t\t\t<\/div>\n<\/div>[vc_empty_space height=&#8220;25px&#8220;][vc_column_text]Anticelulitidn\u00ed neinvazivn\u00ed program na l\u00e9\u010dbu celulitidy a zpevn\u011bn\u00ed t\u011bla za pomoci radiofrekvence a ultrazvuku s TriActive p\u0159\u00edstrojem, je \u00fa\u010dinn\u00fd v problematick\u00fdch parti\u00edch, p\u0159i redukci tukov\u00fdch pol\u0161t\u00e1\u0159k\u016f i zm\u00edrn\u011bn\u00ed tvorby pomeran\u010dov\u00e9 k\u016f\u017ee[\/vc_column_text][vc_empty_space height=&#8220;15px&#8220;][vc_column_text]<\/p>\n<p style=\"margin-top: 10px;\"><a class=\"mkdf-btn mkdf-btn-medium mkdf-btn-outline\" style=\"color: #fff; padding: 14px 30px; border-radius: 5px; background: #43d5cb; font-size: 15px;\" href=\"\/zpevneni-a-vypnuti-kuze-pristrojem-triactive\/\" target=\"_blank\" rel=\"noopener\">V\u00edce info<\/a><\/p>\n<p>[\/vc_column_text]\t\t<\/div>\n\t<\/div>\n<\/div><\/div>[\/vc_column][\/vc_row][vc_row content_placement=&#8220;middle&#8220; css=&#8220;.vc_custom_1633292506801{background-color: #fafafa !important;}&#8220;][vc_column]<div class=\"mkdf-elements-holder mkdf-one-column mkdf-responsive-mode-768\" style=\"background-color:#fafafa;\"><div class=\"mkdf-eh-item mkdf-horizontal-alignment-center\"  data-item-class=\"mkdf-eh-custom-176557\">\n\t<div class=\"mkdf-eh-item-inner\">\n\t\t<div class=\"mkdf-eh-item-content mkdf-eh-custom-176557\" style=\"padding: 100px 0 0 0\">\n\t\t\t<div class=\"mkdf-section-title-holder mkdf-st-standard mkdf-st-title-left mkdf-st-normal-space \" style=\"text-align: center\">\n\t<div class=\"mkdf-st-inner\">\n\t\t\t\t\t<h2 class=\"mkdf-st-title\" >\n\t\t\t\tNa\u0161e v\u00fdhodn\u00e9 bal\u00ed\u010dky\t\t\t<\/h2>\n\t\t\t\t\t<\/div>\n<\/div>\t\t<\/div>\n\t<\/div>\n<\/div><\/div><div class=\"mkdf-elements-holder mkdf-one-column mkdf-responsive-mode-768 mkdf-one-column-alignment-center\" style=\"background-color:#fafafa;\"><div class=\"mkdf-eh-item mkdf-horizontal-alignment-center\"  data-item-class=\"mkdf-eh-custom-133075\" data-1280-1600=\"40px 60px 20px 60px\" data-1024-1280=\"40px 60px 20px 60px\" data-768-1024=\"40px 60px 20px 60px\" data-600-768=\"20px 30px 20px 30px\" data-480-600=\"20px 30px 20px 30px\" data-480=\"20px 30px 20px 30px\">\n\t<div class=\"mkdf-eh-item-inner\">\n\t\t<div class=\"mkdf-eh-item-content mkdf-eh-custom-133075\" style=\"padding: 40px 100px 20px 100px\">\n\t\t\t<div class=\"mkdf-pricing-tables clearfix  mkdf-four-columns mkdf-pt-normal-space\"><div class=\"mkdf-pt-wrapper\"><div class=\"mkdf-price-table\">\n\t<div class=\"mkdf-pt-inner\" style=\"background-color: #ffffff\">\n\t\t\t\t<ul>\n\t\t\t<li class=\"mkdf-pt-title-holder\">\n\t\t\t\t<span class=\"mkdf-pt-title\" style=\"border-color: #13bfb1\">Boj proti akn\u00e9<\/span>\n\t\t\t<\/li>\n\t\t\t<li class=\"mkdf-pt-prices\">\n\t\t\t\t<sup class=\"mkdf-pt-value\" >%<\/sup>\n\t\t\t\t<span class=\"mkdf-pt-price\" >15 - 25<\/span>\n\t\t\t\t<h6 class=\"mkdf-pt-mark\" >na libovoln\u00e9 o\u0161et\u0159en\u00ed<\/h6>\n\t\t\t<\/li>\n\t\t\t<li class=\"mkdf-pt-content\">\n\t\t\t\tLaserov\u00e9 o\u0161et\u0159en\u00ed \/ chemick\u00e9 peelingy<\/p>\n<p><strong>P\u0159edplatn\u00e9 na 3-10 o\u0161et\u0159en\u00ed se slevou 15% &#8211; 25%<\/strong><\/p>\n<p><em>U\u0161et\u0159\u00edte a\u017e<\/em>\u00a07 875\u00a0<em>K\u010d<\/em>\t\t\t<\/li>\n\t\t\t\t\t\t\t<li class=\"mkdf-pt-button\">\n\t\t\t\t\t<a itemprop=\"url\" href=\"\/lecba-akne\/\" target=\"_self\"  class=\"mkdf-btn mkdf-btn-large mkdf-btn-solid mkdf-btn-solid-dark\"  >    <span class=\"mkdf-btn-text\">V\u00edce info<\/span>    <span class=\"mkdf-btn-icon-holder\">        <span class=\"mkdf-btn-icon-normal\" ><\/span>        <span class=\"mkdf-btn-icon-flip\" ><\/span>    <\/span><\/a>\t\t\t\t<\/li>\t\t\t\t\n\t\t\t\t\t<\/ul>\n\t<\/div>\n<\/div><div class=\"mkdf-price-table\">\n\t<div class=\"mkdf-pt-inner\" style=\"background-color: #ffffff\">\n\t\t\t\t<ul>\n\t\t\t<li class=\"mkdf-pt-title-holder\">\n\t\t\t\t<span class=\"mkdf-pt-title\" style=\"border-color: #13bfb1\">Le\u010dba pigmentace<\/span>\n\t\t\t<\/li>\n\t\t\t<li class=\"mkdf-pt-prices\">\n\t\t\t\t<sup class=\"mkdf-pt-value\" >%<\/sup>\n\t\t\t\t<span class=\"mkdf-pt-price\" >15 - 25<\/span>\n\t\t\t\t<h6 class=\"mkdf-pt-mark\" >na libovoln\u00e9 o\u0161et\u0159en\u00ed<\/h6>\n\t\t\t<\/li>\n\t\t\t<li class=\"mkdf-pt-content\">\n\t\t\t\tLaserov\u00e9 o\u0161et\u0159en\u00ed \/ chemick\u00e9 peelingy<\/p>\n<p><strong>P\u0159edplatn\u00e9 na 3-10 o\u0161et\u0159en\u00ed se slevou 15% \u2013 25%<\/strong><\/p>\n<p><em>U\u0161et\u0159\u00edte a\u017e<\/em>\u00a07 875\u00a0<em>K\u010d<\/em>\t\t\t<\/li>\n\t\t\t\t\t\t\t<li class=\"mkdf-pt-button\">\n\t\t\t\t\t<a itemprop=\"url\" href=\"\/lecba-pigmentace\/\" target=\"_self\"  class=\"mkdf-btn mkdf-btn-large mkdf-btn-solid mkdf-btn-solid-dark\"  >    <span class=\"mkdf-btn-text\">V\u00edce info<\/span>    <span class=\"mkdf-btn-icon-holder\">        <span class=\"mkdf-btn-icon-normal\" ><\/span>        <span class=\"mkdf-btn-icon-flip\" ><\/span>    <\/span><\/a>\t\t\t\t<\/li>\t\t\t\t\n\t\t\t\t\t<\/ul>\n\t<\/div>\n<\/div><div class=\"mkdf-price-table\">\n\t<div class=\"mkdf-pt-inner\" style=\"background-color: #ffffff\">\n\t\t\t\t<ul>\n\t\t\t<li class=\"mkdf-pt-title-holder\">\n\t\t\t\t<span class=\"mkdf-pt-title\" style=\"border-color: #13bfb1\">Hladk\u00e9 t\u011blo<\/span>\n\t\t\t<\/li>\n\t\t\t<li class=\"mkdf-pt-prices\">\n\t\t\t\t<sup class=\"mkdf-pt-value\" >%<\/sup>\n\t\t\t\t<span class=\"mkdf-pt-price\" >15-33<\/span>\n\t\t\t\t<h6 class=\"mkdf-pt-mark\" >1 oblast<\/h6>\n\t\t\t<\/li>\n\t\t\t<li class=\"mkdf-pt-content\">\n\t\t\t\tEpilace alexandritov\u00fdm laserem Motus Moveo AX<\/p>\n<p><strong>P\u0159edplatn\u00e9 na 3-9 o\u0161et\u0159en\u00ed se slevou 15% \u2013 33%<\/strong>\t\t\t<\/li>\n\t\t\t\t\t\t\t<li class=\"mkdf-pt-button\">\n\t\t\t\t\t<a itemprop=\"url\" href=\"\/laserova-epilace\/\" target=\"_self\"  class=\"mkdf-btn mkdf-btn-large mkdf-btn-solid mkdf-btn-solid-dark\"  >    <span class=\"mkdf-btn-text\">V\u00edce info<\/span>    <span class=\"mkdf-btn-icon-holder\">        <span class=\"mkdf-btn-icon-normal\" ><\/span>        <span class=\"mkdf-btn-icon-flip\" ><\/span>    <\/span><\/a>\t\t\t\t<\/li>\t\t\t\t\n\t\t\t\t\t<\/ul>\n\t<\/div>\n<\/div><div class=\"mkdf-price-table\">\n\t<div class=\"mkdf-pt-inner\" style=\"background-color: #ffffff\">\n\t\t\t\t<ul>\n\t\t\t<li class=\"mkdf-pt-title-holder\">\n\t\t\t\t<span class=\"mkdf-pt-title\" style=\"border-color: #13bfb1\">Pevn\u00e9 t\u011blo<\/span>\n\t\t\t<\/li>\n\t\t\t<li class=\"mkdf-pt-prices\">\n\t\t\t\t<sup class=\"mkdf-pt-value\" >%<\/sup>\n\t\t\t\t<span class=\"mkdf-pt-price\" >15 - 20<\/span>\n\t\t\t\t<h6 class=\"mkdf-pt-mark\" >1 oblast<\/h6>\n\t\t\t<\/li>\n\t\t\t<li class=\"mkdf-pt-content\">\n\t\t\t\t\n<p class=\"mkdf-st-title\"><span class=\"mkdf-st-title-light\">Radiofrekven\u010dn\u00ed lifting t\u011bla s p\u0159\u00edstrojem TriActive+<\/span><\/p>\n<p><strong>P\u0159edplatn\u00e9 na 3-6 o\u0161et\u0159en\u00ed se slevou 15% \u2013 20%<\/strong>\t\t\t<\/li>\n\t\t\t\t\t\t\t<li class=\"mkdf-pt-button\">\n\t\t\t\t\t<a itemprop=\"url\" href=\"\/zpevneni-a-vypnuti-kuze-pristrojem-triactive\/\" target=\"_self\"  class=\"mkdf-btn mkdf-btn-large mkdf-btn-solid mkdf-btn-solid-dark\"  >    <span class=\"mkdf-btn-text\">V\u00edce info<\/span>    <span class=\"mkdf-btn-icon-holder\">        <span class=\"mkdf-btn-icon-normal\" ><\/span>        <span class=\"mkdf-btn-icon-flip\" ><\/span>    <\/span><\/a>\t\t\t\t<\/li>\t\t\t\t\n\t\t\t\t\t<\/ul>\n\t<\/div>\n<\/div><\/div><\/div>[vc_empty_space]\t\t<\/div>\n\t<\/div>\n<\/div><\/div>[\/vc_column][\/vc_row]<\/p>\n","protected":false},"excerpt":{"rendered":"<p>[vc_row css=&#8220;.vc_custom_1640430973488{padding-top: 50px !important;}&#8220;][vc_column css=&#8220;.vc_custom_1492767171698{padding-top: 0px !important;}&#8220;][vc_empty_space height=&#8220;9px&#8220;][\/vc_column][\/vc_row][vc_row css=&#8220;.vc_custom_1640430973488{padding-top: 50px !important;}&#8220;][vc_column width=&#8220;1\/2&#8243; css=&#8220;.vc_custom_1640440627794{padding-top: 0px !important;}&#8220; offset=&#8220;vc_hidden-xs&#8220;][\/vc_column][vc_column width=&#8220;1\/2&#8243;][\/vc_column][\/vc_row][vc_row][vc_column width=&#8220;1\/2&#8243; css=&#8220;.vc_custom_1640440337125{padding-top: 0px !important;}&#8220;][\/vc_column][vc_column width=&#8220;1\/2&#8243; offset=&#8220;vc_hidden-xs&#8220;][\/vc_column][\/vc_row][vc_row][vc_column width=&#8220;1\/2&#8243; css=&#8220;.vc_custom_1640440649985{padding-top: 0px !important;}&#8220; offset=&#8220;vc_hidden-xs&#8220;][\/vc_column][vc_column width=&#8220;1\/2&#8243;][\/vc_column][\/vc_row][vc_row content_placement=&#8220;middle&#8220; css=&#8220;.vc_custom_1633292506801{background-color: #fafafa !important;}&#8220;][vc_column][\/vc_column][\/vc_row]<\/p>\n","protected":false},"author":1,"featured_media":0,"parent":0,"menu_order":0,"comment_status":"closed","ping_status":"closed","template":"full-width.php","meta":{"footnotes":""},"class_list":["post-11281","page","type-page","status-publish","hentry"],"acf":[],"_links":{"self":[{"href":"https:\/\/pm.trdevel.cz\/de\/wp-json\/wp\/v2\/pages\/11281","targetHints":{"allow":["GET"]}}],"collection":[{"href":"https:\/\/pm.trdevel.cz\/de\/wp-json\/wp\/v2\/pages"}],"about":[{"href":"https:\/\/pm.trdevel.cz\/de\/wp-json\/wp\/v2\/types\/page"}],"author":[{"embeddable":true,"href":"https:\/\/pm.trdevel.cz\/de\/wp-json\/wp\/v2\/users\/1"}],"replies":[{"embeddable":true,"href":"https:\/\/pm.trdevel.cz\/de\/wp-json\/wp\/v2\/comments?post=11281"}],"version-history":[{"count":39,"href":"https:\/\/pm.trdevel.cz\/de\/wp-json\/wp\/v2\/pages\/11281\/revisions"}],"predecessor-version":[{"id":15305,"href":"https:\/\/pm.trdevel.cz\/de\/wp-json\/wp\/v2\/pages\/11281\/revisions\/15305"}],"wp:attachment":[{"href":"https:\/\/pm.trdevel.cz\/de\/wp-json\/wp\/v2\/media?parent=11281"}],"curies":[{"name":"wp","href":"https:\/\/api.w.org\/{rel}","templated":true}]}}