{"id":11429,"date":"2021-10-09T09:18:00","date_gmt":"2021-10-09T09:18:00","guid":{"rendered":"https:\/\/pm.trdevel.cz\/?page_id=11429"},"modified":"2023-08-21T09:43:40","modified_gmt":"2023-08-21T09:43:40","slug":"nas-tym","status":"publish","type":"page","link":"https:\/\/pm.trdevel.cz\/de\/nas-tym\/","title":{"rendered":"N\u00e1\u0161 t\u00fdm"},"content":{"rendered":"<p>[vc_row css=&#8220;.vc_custom_1640466215659{padding-top: 50px !important;}&#8220;][vc_column css=&#8220;.vc_custom_1492767171698{padding-top: 0px !important;}&#8220;]<div class=\"mkdf-section-title-holder mkdf-st-standard mkdf-st-title-left mkdf-st-normal-space \" style=\"text-align: center\">\n\t<div class=\"mkdf-st-inner\">\n\t\t\t\t\t<h1 class=\"mkdf-st-title\" >\n\t\t\t\tNa\u0161i specialist\u00e9\t\t\t<\/h1>\n\t\t\t\t\t<\/div>\n<\/div>[vc_empty_space height=&#8220;20px&#8220;][\/vc_column][\/vc_row][vc_row disable_element=&#8220;yes&#8220; css=&#8220;.vc_custom_1646135760811{padding-top: 7% !important;padding-right: 10% !important;padding-left: 10% !important;}&#8220;][vc_column width=&#8220;2\/3&#8243; css=&#8220;.vc_custom_1640468852487{padding-top: 0px !important;padding-right: 5% !important;padding-left: 5% !important;}&#8220;]<div class=\"mkdf-section-title-holder mkdf-st-standard mkdf-st-title-left mkdf-st-normal-space \" >\n\t<div class=\"mkdf-st-inner\">\n\t\t\t\t\t<h2 class=\"mkdf-st-title\" >\n\t\t\t\tPrim. MUDr. So\u0148a K\u0159emenov\u00e1\t\t\t<\/h2>\n\t\t\t\t\t<\/div>\n<\/div>[vc_empty_space height=&#8220;25px&#8220;][vc_column_text]<strong>Absolvovan\u00e9 kurzy a \u0161kolen\u00ed<\/strong><br \/>\npravideln\u00e1 \u00fa\u010dast na odborn\u00fdch vzd\u011bl\u00e1vac\u00edch akc\u00edch v rozsahu cel\u00e9ho oboru<br \/>\nabsolvov\u00e1n\u00ed odborn\u00fdch vzd\u011bl\u00e1vac\u00edch konferenc\u00ed po\u0159\u00e1dan\u00fdch spole\u010dnost\u00ed<br \/>\nkorektivn\u00ed dermatologie a kosmetologie \u010cesk\u00e9 l\u00e9ka\u0159sk\u00e9 spole\u010dnosti JEP s p\u0159\u00edslu\u0161n\u00fdmi certifik\u00e1ty<br \/>\nlicence pro v\u00fdkon funkce vedouc\u00edho l\u00e9ka\u0159e a prim\u00e1\u0159e ve zdravotnick\u00e9m za\u0159\u00edzen\u00ed v oboru dermatovenerologie, d\u00e1le k v\u00fdkonu soukrom\u00e9 l\u00e9ka\u0159sk\u00e9 praxe, pro v\u00fdkon funkce lektor v l\u00e9ka\u0159sk\u00e9 praxi, pro v\u00fdkon funkce odborn\u00e9ho z\u00e1stupce a pro poskytov\u00e1n\u00ed poradensk\u00fdch slu\u017eeb.[\/vc_column_text][vc_row_inner][vc_column_inner width=&#8220;1\/2&#8243;][vc_column_text]<strong>Specializace:<\/strong><br \/>\ndermatovenerologie<\/p>\n<p><strong>Vzd\u011bl\u00e1n\u00ed:<\/strong><br \/>\nFakulta v\u0161eobecn\u00e9ho l\u00e9ka\u0159stv\u00ed Univerzity Karlovy v Praze<br \/>\nAtestace 1. stupn\u011b z oboru dermatovenerologie<br \/>\nAtestace 2. stupn\u011b z oboru dermatovenerologie[\/vc_column_text][\/vc_column_inner][vc_column_inner width=&#8220;1\/2&#8243;][vc_column_text]<strong>Praxe:<\/strong><\/p>\n<ul>\n<li>sekund\u00e1rn\u00ed l\u00e9ka\u0159ka ko\u017en\u00edho odd\u011blen\u00ed Nemocnice s poliklinikou Pardubice<\/li>\n<li>sekund\u00e1rn\u00ed l\u00e9ka\u0159ka ko\u017en\u00edho odd\u011blen\u00ed Nemocnice s poliklinikou Trutnov<\/li>\n<li>sekund\u00e1rn\u00ed l\u00e9ka\u0159ka, posl\u00e9ze vedouc\u00ed ko\u017en\u00edho odd\u011blen\u00ed O\u00daNZ Praha 10<\/li>\n<li>venerologick\u00fd ordin\u00e1\u0159 a sekund\u00e1rn\u00ed l\u00e9ka\u0159ka Ko\u017en\u00ed kliniky Fakultn\u00ed nemocnice Kr\u00e1lovsk\u00e9 Vinohrady (FNKV) Praha<\/li>\n<li>prim\u00e1\u0159ka Ko\u017en\u00ed kliniky FNKV Praha<\/li>\n<\/ul>\n<p>[\/vc_column_text][\/vc_column_inner][\/vc_row_inner][vc_empty_space height=&#8220;20px&#8220;][\/vc_column][vc_column width=&#8220;1\/3&#8243; offset=&#8220;vc_hidden-xs&#8220;]<div class=\"mkdf-elements-holder mkdf-one-column mkdf-responsive-mode-768\" ><div class=\"mkdf-eh-item mkdf-horizontal-alignment-center\"  data-item-class=\"mkdf-eh-custom-963362\">\n\t<div class=\"mkdf-eh-item-inner\">\n\t\t<div class=\"mkdf-eh-item-content mkdf-eh-custom-963362\" >\n\t\t\t[vc_single_image image=&#8220;14978&#8243; img_size=&#8220;full&#8220; alignment=&#8220;center&#8220;]\t\t<\/div>\n\t<\/div>\n<\/div><\/div>[\/vc_column][\/vc_row][vc_row css=&#8220;.vc_custom_1640466397981{padding-top: 7% !important;padding-right: 10% !important;padding-left: 10% !important;}&#8220;][vc_column width=&#8220;1\/3&#8243; css=&#8220;.vc_custom_1640470220627{padding-top: 0px !important;}&#8220; offset=&#8220;vc_hidden-xs&#8220;]<div class=\"mkdf-elements-holder mkdf-two-columns mkdf-responsive-mode-768\" ><div class=\"mkdf-eh-item mkdf-horizontal-alignment-right\"  data-item-class=\"mkdf-eh-custom-704968\">\n\t<div class=\"mkdf-eh-item-inner\">\n\t\t<div class=\"mkdf-eh-item-content mkdf-eh-custom-704968\" >\n\t\t\t[vc_single_image image=&#8220;14962&#8243; img_size=&#8220;full&#8220; alignment=&#8220;center&#8220;]\t\t<\/div>\n\t<\/div>\n<\/div><\/div>[\/vc_column][vc_column width=&#8220;2\/3&#8243; css=&#8220;.vc_custom_1640468859687{padding-right: 5% !important;padding-left: 5% !important;}&#8220;]<div class=\"mkdf-section-title-holder mkdf-st-standard mkdf-st-title-left mkdf-st-normal-space \" >\n\t<div class=\"mkdf-st-inner\">\n\t\t\t\t\t<h2 class=\"mkdf-st-title\" >\n\t\t\t\tMUDr. Vlastimil V\u00ed\u0161ek, CSc.\t\t\t<\/h2>\n\t\t\t\t\t<\/div>\n<\/div>[vc_empty_space height=&#8220;25px&#8220;][vc_row_inner][vc_column_inner width=&#8220;1\/2&#8243;][vc_column_text]<strong>Praxe:<\/strong><\/p>\n<ul>\n<li>sekund\u00e1rn\u00ed l\u00e9ka\u0159, chirurgick\u00e1 klinika FN Kr\u00e1lovsk\u00e9 Vinohrady<\/li>\n<li>odborn\u00fd asistent, klinika plastick\u00e9 chirurgie FN Kr\u00e1lovsk\u00e9 Vinohrady<\/li>\n<li>konzultant v oboru plastick\u00e1 chirurgie pro Prahu 4<\/li>\n<li>prim\u00e1\u0159 chirurgick\u00e9ho odd\u011blen\u00ed polikliniky Praha-Podol\u00ed<\/li>\n<li>prim\u00e1\u0159 priv\u00e1tn\u00edch klinik: L\u00e9ka\u0159sk\u00fd d\u016fm Praha 7, Iscare, MEDICOM, GHC, Esthesia<\/li>\n<li>extern\u00ed spolupracovn\u00edk CLT Teplice, GiSant Karlovy Vary, m\u011bstsk\u00e9 nemocnice Nymburk, GRAND Clinic<\/li>\n<\/ul>\n<p><strong>Zahrani\u010dn\u00ed st\u00e1\u017ee a semin\u00e1\u0159e:<\/strong><br \/>\nPetrohrad, Lond\u00fdn, Rotterdam, V\u00edde\u0148, Valkenburg, New York, San Francisco, Palo Alto, San Diego<\/p>\n<p><strong>\u0160kol\u00edc\u00ed a publika\u010dn\u00ed \u010dinnost:<\/strong><br \/>\nAutor nebo spoluautor 45 odborn\u00fdch p\u0159edn\u00e1\u0161ek a publikac\u00ed v jazyce \u010desk\u00e9m, rusk\u00e9m a anglick\u00e9m.<br \/>\nAutor n\u011bkolika stovek osv\u011btov\u00fdch \u010dl\u00e1nk\u016f a p\u0159\u00edsp\u011bvk\u016f do r\u016fzn\u00fdch \u010dasopis\u016f, televizn\u00edch a rozhlasov\u00fdch po\u0159ad\u016f.[\/vc_column_text][\/vc_column_inner][vc_column_inner width=&#8220;1\/2&#8243;][vc_column_text]<strong>Specializace:<\/strong><br \/>\nPlastick\u00e1 chirurgie<\/p>\n<p><strong>Vzd\u011bl\u00e1n\u00ed:<\/strong><br \/>\nL\u00e9ka\u0159sk\u00e1 fakulta UK Praha<br \/>\nAtestace 1. stupn\u011b z oboru chirurgie<br \/>\nAtestace 2. stupn\u011b z oboru plastick\u00e1 chirurgie<\/p>\n<p>Kandid\u00e1t l\u00e9ka\u0159sk\u00fdch v\u011bd<br \/>\nSoudn\u00ed znalec v oboru: zdravotnictv\u00ed, odv\u011btv\u00ed: chirurgie, specializace: plastick\u00e1 chirurgie[\/vc_column_text][vc_column_text]<strong>Certifik\u00e1ty a kurzy<\/strong><br \/>\nLicence od \u010cLK pro l\u00e9ka\u0159skou praxi v oboru chirurgie a plastick\u00e1 chirurgie<br \/>\nDr\u017eitel diplomu celo\u017eivotn\u00edho vzd\u011bl\u00e1v\u00e1n\u00ed ud\u011blen\u00e9 \u010cLK<br \/>\nLicence od \u010cLK pro v\u00fdkon funkce vedouc\u00edho l\u00e9ka\u0159e a prim\u00e1\u0159e ve zdravotnick\u00e9m za\u0159\u00edzen\u00ed v oboru plastick\u00e1 chirurgie[\/vc_column_text][\/vc_column_inner][\/vc_row_inner][vc_empty_space height=&#8220;20px&#8220;][\/vc_column][\/vc_row][vc_row disable_element=&#8220;yes&#8220; css=&#8220;.vc_custom_1692611017235{padding-top: 7% !important;padding-right: 10% !important;padding-left: 10% !important;}&#8220;][vc_column width=&#8220;2\/3&#8243; css=&#8220;.vc_custom_1645457324059{padding-top: 0px !important;}&#8220;]<div class=\"mkdf-section-title-holder mkdf-st-standard mkdf-st-title-left mkdf-st-normal-space \" >\n\t<div class=\"mkdf-st-inner\">\n\t\t\t\t\t<h2 class=\"mkdf-st-title\" >\n\t\t\t\tBohdana Todorova\t\t\t<\/h2>\n\t\t\t\t\t<\/div>\n<\/div>[vc_empty_space height=&#8220;25px&#8220;][vc_column_text]<\/p>\n<h4>medik<\/h4>\n<p><strong>Absolvovan\u00e9 odborn\u00e9 vzd\u011bl\u00e1vac\u00ed akce:<\/strong><\/p>\n<ul>\n<li>2017 &#8211; kosmetick\u00e9 kurzy, Od\u011bsa.<\/li>\n<li>2019 &#8211; chemick\u00fd peeling. Praktick\u00e9 aspekty pro r\u016fzn\u00e9 dermatologick\u00e9 probl\u00e9my.<\/li>\n<li>2019 &#8211; v\u00fdcvikov\u00fd kurz kosmetiky PB S\u00e9rum.<\/li>\n<li>2020 &#8211; \u0160kolen\u00ed deka. Pou\u017e\u00edv\u00e1n\u00ed laseru p\u0159i r\u016fzn\u00fdch probl\u00e9mech.<\/li>\n<li>2020 &#8211; \u0160kolen\u00ed Ericson, aplikace aktivn\u00edch l\u00e1tek p\u0159i kosmetick\u00e9m o\u0161et\u0159en\u00ed.<\/li>\n<li>2020 &#8211; kurz NeoStrata, letn\u00ed chemicky peeling.<\/li>\n<\/ul>\n<p>[\/vc_column_text][vc_empty_space height=&#8220;20px&#8220;][vc_row_inner][vc_column_inner width=&#8220;1\/2&#8243;][vc_column_text]<strong>Vzd\u011bl\u00e1n\u00ed:<\/strong><\/p>\n<p>3. l\u00e9ka\u0159sk\u00e1 fakulta Karlov\u00e1 univerzita v Praze<\/p>\n<p><strong>Zam\u011bstn\u00e1n\u00ed:<\/strong><\/p>\n<p>2019 &#8211; doposud Laserov\u00e1 dermatolog Altos s.r.o.[\/vc_column_text][\/vc_column_inner][vc_column_inner width=&#8220;1\/2&#8243;][vc_column_text]<strong>Znalost ciz\u00edch jazyk\u016f:<\/strong><\/p>\n<p>Rusk\u00fd jazyk<br \/>\n\u010cesk\u00fd jazyk<br \/>\nAnglick\u00fd jazyk<br \/>\nUkrajinsk\u00fd jazyk<br \/>\nN\u011bmecky jazyk[\/vc_column_text][\/vc_column_inner][\/vc_row_inner][vc_empty_space height=&#8220;20px&#8220;][\/vc_column][vc_column width=&#8220;1\/3&#8243; css=&#8220;.vc_custom_1645457316750{padding-right: 5% !important;padding-left: 5% !important;}&#8220; offset=&#8220;vc_hidden-xs&#8220;]<div class=\"mkdf-elements-holder mkdf-one-column mkdf-responsive-mode-768\" ><div class=\"mkdf-eh-item mkdf-horizontal-alignment-center\"  data-item-class=\"mkdf-eh-custom-902421\">\n\t<div class=\"mkdf-eh-item-inner\">\n\t\t<div class=\"mkdf-eh-item-content mkdf-eh-custom-902421\" >\n\t\t\t[vc_single_image image=&#8220;15002&#8243; img_size=&#8220;full&#8220; alignment=&#8220;center&#8220;]\t\t<\/div>\n\t<\/div>\n<\/div><\/div>[\/vc_column][\/vc_row]<\/p>\n","protected":false},"excerpt":{"rendered":"<p>[vc_row css=&#8220;.vc_custom_1640466215659{padding-top: 50px !important;}&#8220;][vc_column css=&#8220;.vc_custom_1492767171698{padding-top: 0px !important;}&#8220;][vc_empty_space height=&#8220;20px&#8220;][\/vc_column][\/vc_row][vc_row disable_element=&#8220;yes&#8220; css=&#8220;.vc_custom_1646135760811{padding-top: 7% !important;padding-right: 10% !important;padding-left: 10% !important;}&#8220;][vc_column width=&#8220;2\/3&#8243; css=&#8220;.vc_custom_1640468852487{padding-top: 0px !important;padding-right: 5% !important;padding-left: 5% !important;}&#8220;][vc_empty_space height=&#8220;25px&#8220;][vc_column_text]Absolvovan\u00e9 kurzy a \u0161kolen\u00ed pravideln\u00e1 \u00fa\u010dast na odborn\u00fdch vzd\u011bl\u00e1vac\u00edch akc\u00edch v rozsahu cel\u00e9ho oboru absolvov\u00e1n\u00ed odborn\u00fdch [&hellip;]<\/p>\n","protected":false},"author":1,"featured_media":0,"parent":0,"menu_order":0,"comment_status":"closed","ping_status":"closed","template":"full-width.php","meta":{"footnotes":""},"class_list":["post-11429","page","type-page","status-publish","hentry"],"acf":[],"_links":{"self":[{"href":"https:\/\/pm.trdevel.cz\/de\/wp-json\/wp\/v2\/pages\/11429","targetHints":{"allow":["GET"]}}],"collection":[{"href":"https:\/\/pm.trdevel.cz\/de\/wp-json\/wp\/v2\/pages"}],"about":[{"href":"https:\/\/pm.trdevel.cz\/de\/wp-json\/wp\/v2\/types\/page"}],"author":[{"embeddable":true,"href":"https:\/\/pm.trdevel.cz\/de\/wp-json\/wp\/v2\/users\/1"}],"replies":[{"embeddable":true,"href":"https:\/\/pm.trdevel.cz\/de\/wp-json\/wp\/v2\/comments?post=11429"}],"version-history":[{"count":99,"href":"https:\/\/pm.trdevel.cz\/de\/wp-json\/wp\/v2\/pages\/11429\/revisions"}],"predecessor-version":[{"id":20654,"href":"https:\/\/pm.trdevel.cz\/de\/wp-json\/wp\/v2\/pages\/11429\/revisions\/20654"}],"wp:attachment":[{"href":"https:\/\/pm.trdevel.cz\/de\/wp-json\/wp\/v2\/media?parent=11429"}],"curies":[{"name":"wp","href":"https:\/\/api.w.org\/{rel}","templated":true}]}}