{"id":11988,"date":"2021-10-13T19:51:27","date_gmt":"2021-10-13T19:51:27","guid":{"rendered":"https:\/\/pm.trdevel.cz\/?page_id=11988"},"modified":"2021-10-13T19:59:08","modified_gmt":"2021-10-13T19:59:08","slug":"sale-banner","status":"publish","type":"page","link":"https:\/\/pm.trdevel.cz\/de\/sale-banner\/","title":{"rendered":"Sale banner"},"content":{"rendered":"<p>[vc_row][vc_column]<div class=\"mkdf-elliptical-slider\"><div class=\"mkdf-elliptical-slider-slides\" >\n<div class=\"mkdf-elliptical-slide\" style=\"background-image:url(https:\/\/pm.trdevel.cz\/wp-content\/uploads\/2021\/10\/Frame-6-2.png)\">\n    <div class=\"mkdf-elliptical-slide-image-holder-wrapper\">\n        <span class=\"mkdf-elliptical-slide-image-holder\">\n            <img decoding=\"async\" src=\"https:\/\/pm.trdevel.cz\/wp-content\/uploads\/2021\/10\/Frame-6-2.png\" alt=\"mkdf-eliptic-slider\"\/>\n        <\/span>\n    <\/div>\n    <div class=\"mkdf-elliptical-slide-content-holder\" >\n        <div class=\"mkdf-elliptical-slide-content-holder-inner grid_section\">\n            <div class=\"mkdf-elliptical-slide-content-wrapper mkdf-container-inner\">\n                <div class=\"mkdf-elliptical-slide-wrapper-inner\">\n\t\t\t\t\t<div class=\"mkdf-elliptical-slide-svg-holder\">\n\t\t\t\t\t\t<svg version=\"1.1\" class=\"Layer_1\" xmlns=\"http:\/\/www.w3.org\/2000\/svg\" xmlns:xlink=\"http:\/\/www.w3.org\/1999\/xlink\" x=\"0px\" y=\"0px\"  width=\"120\" height=\"660\" viewBox=\"0 0 97 604\" enable-background=\"new 0 0 97 604\"  xml:space=\"preserve\">\n\t\t\t\t\t\t\t<path fill-rule=\"evenodd\" clip-rule=\"evenodd\" fill=\"#43D5CB\" d=\"M0,0c36,93.5,56,195.4,56,302c0,106.6-20,208.5-56,302 c22.8,0,97,0,97,0V0C97,0,32.5,0,0,0z\"\/>\n\t\t\t\t\t\t<\/svg>\n\t\t\t\t\t<\/div>\n                    <div class=\"mkdf-elliptical-slide-elements-holder\">\n\n\t\t\t\t\t\t[vc_empty_space height=&#8220;20px&#8220;][vc_column_text]<\/p>\n<h2 style=\"margin-bottom: 37px; text-align: center; font-weight: 800; font-size: 49px;\">Trval\u00e9 sn\u00ed\u017een\u00ed ceny!<\/h2>\n<p style=\"font-weight: 300; color: #ffffff; font-size: 50px; text-align: center;\"><span style=\"font-weight: 600; border: dashed 2px #ffffff!important; padding: 10px 30px; border-radius: 5px; font-size: 35px;\"> 9 700 K\u010d <\/span><\/p>\n<p style=\"margin-top: 30px; text-align: center;\">m\u00edsto <del datetime=\"2021-09-22T15:14:53+00:00\">11 800 K\u010d<\/del><\/p>\n<p>[\/vc_column_text][vc_empty_space height=&#8220;5px&#8220;][vc_column_text]<\/p>\n<h4 style=\"color: #333; text-align: center; font-weight: 400; font-family: 'Poppins';\">M\u00e1me nejv\u00fdhodn\u011bj\u0161\u00ed cenu na laserov\u00fd resurfacing v Praze.<\/h4>\n<p>[\/vc_column_text][vc_empty_space height=&#8220;20px&#8220;][vc_column_text]<\/p>\n<p style=\"font-weight: 300; color: #ffffff; font-size: 50px; text-align: center;\"><span style=\"font-weight: 400; border: solid 2px #ffffff!important; padding: 13px 40px; border-radius: 5px; font-size: 14px;\"> M\u00e1m z\u00e1jem <\/span><\/p>\n<p>[\/vc_column_text][vc_empty_space height=&#8220;38px&#8220;]                    <\/div>\n                <\/div>\n            <\/div>\n        <\/div>\n    <\/div>\n<\/div><\/div><\/div>[\/vc_column][\/vc_row]<\/p>\n","protected":false},"excerpt":{"rendered":"<p>[vc_row][vc_column][\/vc_column][\/vc_row]<\/p>\n","protected":false},"author":1,"featured_media":0,"parent":0,"menu_order":0,"comment_status":"closed","ping_status":"closed","template":"full-width.php","meta":{"footnotes":""},"class_list":["post-11988","page","type-page","status-publish","hentry"],"acf":[],"_links":{"self":[{"href":"https:\/\/pm.trdevel.cz\/de\/wp-json\/wp\/v2\/pages\/11988","targetHints":{"allow":["GET"]}}],"collection":[{"href":"https:\/\/pm.trdevel.cz\/de\/wp-json\/wp\/v2\/pages"}],"about":[{"href":"https:\/\/pm.trdevel.cz\/de\/wp-json\/wp\/v2\/types\/page"}],"author":[{"embeddable":true,"href":"https:\/\/pm.trdevel.cz\/de\/wp-json\/wp\/v2\/users\/1"}],"replies":[{"embeddable":true,"href":"https:\/\/pm.trdevel.cz\/de\/wp-json\/wp\/v2\/comments?post=11988"}],"version-history":[{"count":3,"href":"https:\/\/pm.trdevel.cz\/de\/wp-json\/wp\/v2\/pages\/11988\/revisions"}],"predecessor-version":[{"id":11994,"href":"https:\/\/pm.trdevel.cz\/de\/wp-json\/wp\/v2\/pages\/11988\/revisions\/11994"}],"wp:attachment":[{"href":"https:\/\/pm.trdevel.cz\/de\/wp-json\/wp\/v2\/media?parent=11988"}],"curies":[{"name":"wp","href":"https:\/\/api.w.org\/{rel}","templated":true}]}}