{"id":13200,"date":"2021-11-27T15:34:42","date_gmt":"2021-11-27T15:34:42","guid":{"rendered":"https:\/\/pm.trdevel.cz\/?page_id=13200"},"modified":"2025-02-21T17:03:41","modified_gmt":"2025-02-21T17:03:41","slug":"ostreneni-biostimulacnim-laserem","status":"publish","type":"page","link":"https:\/\/pm.trdevel.cz\/de\/ostreneni-biostimulacnim-laserem\/","title":{"rendered":"Laserov\u00e1 biostimulace"},"content":{"rendered":"<p>[vc_row row_content_width=&#8220;grid&#8220; css=&#8220;.vc_custom_1632239210797{padding-top: 70px !important;}&#8220;][vc_column offset=&#8220;vc_col-lg-12&#8243; css=&#8220;.vc_custom_1632140768248{margin-top: -8px !important;}&#8220;]<div class=\"mkdf-section-title-holder mkdf-st-standard mkdf-st-title-left mkdf-st-normal-space \" style=\"text-align: center\">\n\t<div class=\"mkdf-st-inner\">\n\t\t\t\t\t<h1 class=\"mkdf-st-title\" >\n\t\t\t\tLaserov\u00e1 biostimulace\t\t\t<\/h1>\n\t\t\t\t\t<\/div>\n<\/div>[vc_empty_space height=&#8220;9px&#8220;][vc_column_text]<span style=\"font-weight: 400;\">Laserov\u00e1 biostimulace je jedn\u00edm z laserov\u00fdch z\u00e1krok\u016f, kter\u00fd se \u010dasto pou\u017e\u00edv\u00e1 v estetick\u00e9 medic\u00edn\u011b pro hloubkovou l\u00e9\u010dbu t\u011blesn\u00fdch podko\u017en\u00edch tk\u00e1n\u00ed. Laserov\u00e1 biostimulace je zam\u011b\u0159ena na lok\u00e1ln\u00ed obnovu fungov\u00e1n\u00ed poko\u017eky, c\u00e9v a sval\u016f, co\u017e obecn\u011b umo\u017e\u0148uje dos\u00e1hnout ochlazovac\u00edho \u00fa\u010dinku.<\/span><\/p>\n<p><span style=\"font-weight: 400;\">Laserov\u00fd paprsek, kter\u00fd pronik\u00e1 do vrstev poko\u017eky, teplotn\u011b ovliv\u0148uje bu\u0148ky poko\u017eky, co\u017e urychluje procesy krevn\u00edho ob\u011bhu, \u010di\u0161t\u011bn\u00ed, regenerace a nasycen\u00ed bun\u011bk kysl\u00edkem a u\u017eite\u010dn\u00fdmi enzymy.<\/span><\/p>\n<p><span style=\"font-weight: 400;\">Krom\u011b omlazuj\u00edc\u00edho \u00fa\u010dinku, laserov\u00e1 biostimula\u010dn\u00ed procedura umo\u017e\u0148uje redukce ko\u017en\u00edch z\u00e1n\u011bt\u016f, hematom\u016f, roz\u0161\u00ed\u0159en\u00fdch p\u00f3r\u016f.<\/span><\/p>\n<p><span style=\"font-weight: 400;\">Laserovou biostimula\u010dn\u00ed metodu lze kombinovat s gelovou masku pro lep\u0161\u00ed v\u00fdsledek. Bezprost\u0159edn\u011b po o\u0161et\u0159en\u00ed nejsou vy\u017eadov\u00e1na \u017e\u00e1dn\u00e1 omezen\u00ed.\u00a0<\/span><\/p>\n<p><span style=\"font-weight: 400;\">P\u0159ed procedurou je v\u017edy nutn\u00e1 konzultace s l\u00e9ka\u0159em, zda je pro v\u00e1s procedura vhodn\u00e1.<\/span><\/p>\n<h3><strong>Jak prob\u00edh\u00e1 laserov\u00e1 biostimulace<\/strong><\/h3>\n<p>Hloubka pr\u016fniku laserov\u00e9ho paprsku je do 2 cm, a tak lze v\u00fdrazn\u011b ovliv\u0148ovat podko\u017en\u00ed struktury. Laserov\u00e1 energie je ve tk\u00e1ni absorbov\u00e1na prost\u0159ednictv\u00edm cytochromatick\u00fdch bun\u011bk. V mitochondri\u00e1ln\u00edm apar\u00e1tu sv\u011btlo dod\u00e1v\u00e1 energii jednotliv\u00fdm bu\u0148k\u00e1m. Z\u00e1rove\u0148 p\u0159i pr\u016fchodu laserov\u00e9ho paprsku doch\u00e1z\u00ed k okysli\u010den\u00ed tk\u00e1n\u011b, zv\u00fd\u0161en\u00ed l\u00e1tkov\u00e9 v\u00fdm\u011bny bun\u011bk a jejich n\u00e1sledn\u00e9 novotvorb\u011b. Tyto pochody pak aktivuj\u00ed ve tk\u00e1ni makrof\u00e1gy, odpov\u011bdn\u00e9 za pohlcov\u00e1n\u00ed \u0161kodlivin a hojiv\u00e9 procesy, zvy\u0161uj\u00ed aktivitu fibroblast\u016f &#8211; vazivov\u00fdch bun\u011bk podporuj\u00edc\u00edch synt\u00e9zu kolagenu ve tk\u00e1ni, a vyvol\u00e1vaj\u00ed zv\u00fd\u0161en\u00e9 vyplavov\u00e1n\u00ed specifick\u00fdch enzym\u016f.<\/p>\n<p>Nej\u010dast\u011bj\u0161\u00ed aplikace biostimula\u010dn\u00edho laseru je k okam\u017eit\u00e9mu zklidn\u011bn\u00ed pleti po laserov\u00e9m z\u00e1kroku, k regeneraci pleti po nep\u0159im\u011b\u0159en\u00e9m slun\u011bn\u00ed, zlep\u0161en\u00ed stavu jizev, zklidn\u011bn\u00ed projev\u016f akn\u00e9 a jin\u00fdch z\u00e1n\u011btliv\u00fdch proces\u016f (nap\u0159. p\u0159i oparu), k urychlen\u00ed vst\u0159eb\u00e1n\u00ed hematom\u016f apod.<\/p>\n<p>Kontakt gelu s povrchem pleti spolu s tepelnou energi\u00ed laseru vytvo\u0159\u00ed tzv. minisklen\u00edkov\u00fd efekt, kter\u00fd podporuje metabolizmus a regeneraci pleti. Fototerapie \u2013 kombinace \u00fa\u010dinn\u00e9 l\u00e1tky a energie laseru \u2013 dle obsahu \u00fa\u010dinn\u00e9 l\u00e1tky navod\u00ed regeneraci pleti, jej\u00ed zklidn\u011bn\u00ed, m\u00e1 v\u00fdrazn\u00fd antioxida\u010dn\u00ed efekt. Protiakn\u00f3zn\u00ed laserov\u00e1 gelov\u00e1 maska intenzivn\u011b okysli\u010duje a dezinfikuje poko\u017eku, stahuje p\u00f3ry a potla\u010duje tvorbu mazu. Laserov\u00e9 gelov\u00e9 masky s obsahem kyseliny hyaluronov\u00e9 hydratuj\u00ed a zpev\u0148uj\u00ed ochablou poko\u017eku a redukuj\u00ed drobn\u00e9 mimick\u00e9 vr\u00e1sky.[\/vc_column_text][vc_empty_space][\/vc_column][\/vc_row][vc_row full_width=&#8220;stretch_row&#8220; css=&#8220;.vc_custom_1638118773359{background-color: rgba(78,109,204,0.07) !important;*background-color: rgb(78,109,204) !important;}&#8220; simple_background_color=&#8220;rgba(78,109,204,0.07)&#8220;][vc_column][vc_row_inner row_content_width=&#8220;grid&#8220;][vc_column_inner][vc_column_text]\n<div class=\"wpcf7 no-js\" id=\"wpcf7-f13223-o1\" lang=\"cs-CZ\" dir=\"ltr\" data-wpcf7-id=\"13223\">\n<div class=\"screen-reader-response\"><p role=\"status\" aria-live=\"polite\" aria-atomic=\"true\"><\/p> <ul><\/ul><\/div>\n<form action=\"\/de\/wp-json\/wp\/v2\/pages\/13200#wpcf7-f13223-o1\" method=\"post\" class=\"wpcf7-form init inline-form\" aria-label=\"Kontaktn\u00ed formul\u00e1\u0159\" novalidate=\"novalidate\" data-status=\"init\">\n<div style=\"display: none;\">\n<input type=\"hidden\" name=\"_wpcf7\" value=\"13223\" \/>\n<input type=\"hidden\" name=\"_wpcf7_version\" value=\"6.0.4\" \/>\n<input type=\"hidden\" name=\"_wpcf7_locale\" value=\"cs_CZ\" \/>\n<input type=\"hidden\" name=\"_wpcf7_unit_tag\" value=\"wpcf7-f13223-o1\" \/>\n<input type=\"hidden\" name=\"_wpcf7_container_post\" value=\"0\" \/>\n<input type=\"hidden\" name=\"_wpcf7_posted_data_hash\" value=\"\" \/>\n<input type=\"hidden\" name=\"_wpcf7_recaptcha_response\" value=\"\" \/>\n<\/div>\n<h2>Objednat se na z\u00e1krok\n<\/h2>\n<div class=\"jq-row jq-inline-form\">\n\t<div class=\"fields-col jq-row\">\n\t\t<div class=\"jq-col-33\">\n\t\t\t<p><span class=\"wpcf7-form-control-wrap\" data-name=\"your-name\"><input size=\"40\" maxlength=\"400\" class=\"wpcf7-form-control wpcf7-text wpcf7-validates-as-required\" aria-required=\"true\" aria-invalid=\"false\" placeholder=\"Jm\u00e9no a p\u0159\u00edjmen\u00ed\" value=\"\" type=\"text\" name=\"your-name\" \/><\/span>\n\t\t\t<\/p>\n\t\t<\/div>\n\t\t<div class=\"jq-col-33\">\n\t\t\t<p><span class=\"wpcf7-form-control-wrap\" data-name=\"your-email\"><input size=\"40\" maxlength=\"400\" class=\"wpcf7-form-control wpcf7-email wpcf7-validates-as-required wpcf7-text wpcf7-validates-as-email\" aria-required=\"true\" aria-invalid=\"false\" placeholder=\"Email\" value=\"\" type=\"email\" name=\"your-email\" \/><\/span>\n\t\t\t<\/p>\n\t\t<\/div>\n\t\t<div class=\"jq-col-33\">\n\t\t\t<p><span class=\"wpcf7-form-control-wrap\" data-name=\"your-tel\"><input size=\"40\" maxlength=\"400\" class=\"wpcf7-form-control wpcf7-tel wpcf7-text wpcf7-validates-as-tel\" aria-invalid=\"false\" placeholder=\"+420 *** *** ***\" value=\"\" type=\"tel\" name=\"your-tel\" \/><\/span>\n\t\t\t<\/p>\n\t\t<\/div>\n\t\t<div class=\"jq-col-100\">\n\t\t\t<p><span class=\"wpcf7-form-control-wrap\" data-name=\"acceptance\"><span class=\"wpcf7-form-control wpcf7-acceptance\"><span class=\"wpcf7-list-item\"><label><input type=\"checkbox\" name=\"acceptance\" value=\"1\" aria-invalid=\"false\" \/><span class=\"wpcf7-list-item-label\">Souhlas\u00edm se zpracov\u00e1n\u00edm <a href=\"https:\/\/pm.trdevel.cz\/podminky\/\" target=\"_blank\">osobn\u00edch \u00fadaj\u016f<\/a><\/span><\/label><\/span><\/span><\/span>\n\t\t\t<\/p>\n\t\t<\/div>\n\t<\/div>\n\t<div class=\"button-col\">\n\t\t<p><input class=\"wpcf7-form-control wpcf7-submit has-spinner\" type=\"submit\" value=\"Odeslat\" \/><input type=\"hidden\" class=\"wpcf7-form-control wpcf7-hidden\" name=\"your-subject\" placeholder=\"\" value=\"\u0417\u0430\u043f\u0438\u0441\u044c \u043d\u0430 \u043f\u0440\u043e\u0446\u0435\u0434\u0443\u0440\u0443\" \/><input type=\"hidden\" class=\"wpcf7-form-control wpcf7-hidden\" name=\"hidden-443\" placeholder=\"\" value=\"Laserov\u00e1 biostimulace\" \/>\n\t\t<\/p>\n\t<\/div>\n<\/div><div class=\"wpcf7-response-output\" aria-hidden=\"true\"><\/div>\n<\/form>\n<\/div>\n[\/vc_column_text][\/vc_column_inner][\/vc_row_inner][\/vc_column][\/vc_row][vc_row content_placement=&#8220;middle&#8220; css=&#8220;.vc_custom_1632529364693{background-color: #fafafa !important;}&#8220;][vc_column]<div class=\"mkdf-elements-holder mkdf-one-column mkdf-responsive-mode-768\" style=\"background-color:#fafafa;\"><div class=\"mkdf-eh-item mkdf-horizontal-alignment-center\"  data-item-class=\"mkdf-eh-custom-669987\">\n\t<div class=\"mkdf-eh-item-inner\">\n\t\t<div class=\"mkdf-eh-item-content mkdf-eh-custom-669987\" style=\"padding: 20px 0 0 0\">\n\t\t\t<div class=\"mkdf-section-title-holder mkdf-st-standard mkdf-st-title-left mkdf-st-normal-space \" style=\"text-align: center\">\n\t<div class=\"mkdf-st-inner\">\n\t\t\t\t\t<h2 class=\"mkdf-st-title\" >\n\t\t\t\tCen\u00edk\t\t\t<\/h2>\n\t\t\t\t\t<\/div>\n<\/div>\t\t<\/div>\n\t<\/div>\n<\/div><\/div><div class=\"mkdf-elements-holder mkdf-one-column mkdf-responsive-mode-768 mkdf-one-column-alignment-center\" style=\"background-color:#fafafa;\"><div class=\"mkdf-eh-item mkdf-horizontal-alignment-center\"  data-item-class=\"mkdf-eh-custom-722750\" data-1280-1600=\"40px 300px 20px 300px\" data-1024-1280=\"40px 200px 20px 200px\" data-768-1024=\"40px 100px 20px 100px\" data-600-768=\"20px 30px 20px 30px\" data-480-600=\"20px 30px 20px 30px\" data-480=\"20px 30px 20px 30px\">\n\t<div class=\"mkdf-eh-item-inner\">\n\t\t<div class=\"mkdf-eh-item-content mkdf-eh-custom-722750\" style=\"padding: 40px 300px 20px 300px\">\n\t\t\t<div class=\"mkdf-pricing-tables clearfix  mkdf-two-columns mkdf-pt-normal-space\"><div class=\"mkdf-pt-wrapper\"><div class=\"mkdf-price-table\">\n\t<div class=\"mkdf-pt-inner\" style=\"background-color: #ffffff\">\n\t\t\t\t<ul>\n\t\t\t<li class=\"mkdf-pt-title-holder\">\n\t\t\t\t<span class=\"mkdf-pt-title\" style=\"border-color: #13bfb1\">O\u0161et\u0159en\u00ed biostimula\u010dn\u00edm laserem<\/span>\n\t\t\t<\/li>\n\t\t\t<li class=\"mkdf-pt-prices\">\n\t\t\t\t<sup class=\"mkdf-pt-value\" >K\u010d<\/sup>\n\t\t\t\t<span class=\"mkdf-pt-price\" >4 900<\/span>\n\t\t\t\t<h6 class=\"mkdf-pt-mark\" >30 min<\/h6>\n\t\t\t<\/li>\n\t\t\t<li class=\"mkdf-pt-content\">\n\t\t\t\tobli\u010dej nebo dekolt\t\t\t<\/li>\n\t\t\t\t\t\t\t<li class=\"mkdf-pt-button\">\n\t\t\t\t\t<a itemprop=\"url\" href=\"https:\/\/pm.trdevel.cz\/objednat-se-na-zakrok\/?balname=Laserov%C3%A1%20biostimulace%20obli%C4%8Dej%20nebo%20dekolt\" target=\"_self\"  class=\"mkdf-btn mkdf-btn-large mkdf-btn-solid mkdf-btn-solid-dark\"  >    <span class=\"mkdf-btn-text\">Objednat se na z\u00e1krok<\/span>    <span class=\"mkdf-btn-icon-holder\">        <span class=\"mkdf-btn-icon-normal\" ><\/span>        <span class=\"mkdf-btn-icon-flip\" ><\/span>    <\/span><\/a>\t\t\t\t<\/li>\t\t\t\t\n\t\t\t\t\t<\/ul>\n\t<\/div>\n<\/div><div class=\"mkdf-price-table\">\n\t<div class=\"mkdf-pt-inner\" style=\"background-color: #ffffff\">\n\t\t\t\t<ul>\n\t\t\t<li class=\"mkdf-pt-title-holder\">\n\t\t\t\t<span class=\"mkdf-pt-title\" style=\"border-color: #13bfb1\">Jizvy (1 sezeni)<\/span>\n\t\t\t<\/li>\n\t\t\t<li class=\"mkdf-pt-prices\">\n\t\t\t\t<sup class=\"mkdf-pt-value\" >K\u010d<\/sup>\n\t\t\t\t<span class=\"mkdf-pt-price\" >4 900<\/span>\n\t\t\t\t<h6 class=\"mkdf-pt-mark\" >30 min<\/h6>\n\t\t\t<\/li>\n\t\t\t<li class=\"mkdf-pt-content\">\n\t\t\t\t<span style=\"font-weight: 400;\">Jizvy (1 sezeni)<\/span>\t\t\t<\/li>\n\t\t\t\t\t\t\t<li class=\"mkdf-pt-button\">\n\t\t\t\t\t<a itemprop=\"url\" href=\"https:\/\/pm.trdevel.cz\/objednat-se-na-zakrok\/?balname=Laserov%C3%A1%20biostimulace%20Jizvy%201%20sezeni\" target=\"_self\"  class=\"mkdf-btn mkdf-btn-large mkdf-btn-solid mkdf-btn-solid-dark\"  >    <span class=\"mkdf-btn-text\">Objednat se na z\u00e1krok<\/span>    <span class=\"mkdf-btn-icon-holder\">        <span class=\"mkdf-btn-icon-normal\" ><\/span>        <span class=\"mkdf-btn-icon-flip\" ><\/span>    <\/span><\/a>\t\t\t\t<\/li>\t\t\t\t\n\t\t\t\t\t<\/ul>\n\t<\/div>\n<\/div><\/div><\/div><div class=\"mkdf-pricing-tables clearfix  mkdf-two-columns mkdf-pt-normal-space\"><div class=\"mkdf-pt-wrapper\"><div class=\"mkdf-price-table\">\n\t<div class=\"mkdf-pt-inner\" style=\"background-color: #ffffff\">\n\t\t\t\t<ul>\n\t\t\t<li class=\"mkdf-pt-title-holder\">\n\t\t\t\t<span class=\"mkdf-pt-title\" style=\"border-color: #13bfb1\">Biostimulace + gelov\u00e1 maska<\/span>\n\t\t\t<\/li>\n\t\t\t<li class=\"mkdf-pt-prices\">\n\t\t\t\t<sup class=\"mkdf-pt-value\" >K\u010d<\/sup>\n\t\t\t\t<span class=\"mkdf-pt-price\" >4 900<\/span>\n\t\t\t\t<h6 class=\"mkdf-pt-mark\" >30 min<\/h6>\n\t\t\t<\/li>\n\t\t\t<li class=\"mkdf-pt-content\">\n\t\t\t\t<span style=\"font-weight: 400;\">obli\u010dej nebo dekolt<\/span>\t\t\t<\/li>\n\t\t\t\t\t\t\t<li class=\"mkdf-pt-button\">\n\t\t\t\t\t<a itemprop=\"url\" href=\"https:\/\/pm.trdevel.cz\/objednat-se-na-zakrok\/?balname=Laserov%C3%A1%20Biostimulace%20+%20gelov%C3%A1%20maska%20obli%C4%8Dej%20nebo%20dekolt\" target=\"_self\"  class=\"mkdf-btn mkdf-btn-large mkdf-btn-solid mkdf-btn-solid-dark\"  >    <span class=\"mkdf-btn-text\">Objednat se na z\u00e1krok<\/span>    <span class=\"mkdf-btn-icon-holder\">        <span class=\"mkdf-btn-icon-normal\" ><\/span>        <span class=\"mkdf-btn-icon-flip\" ><\/span>    <\/span><\/a>\t\t\t\t<\/li>\t\t\t\t\n\t\t\t\t\t<\/ul>\n\t<\/div>\n<\/div><div class=\"mkdf-price-table\">\n\t<div class=\"mkdf-pt-inner\" style=\"background-color: #ffffff\">\n\t\t\t\t<ul>\n\t\t\t<li class=\"mkdf-pt-title-holder\">\n\t\t\t\t<span class=\"mkdf-pt-title\" style=\"border-color: #13bfb1\">Biostimulace + gelov\u00e1 maska<\/span>\n\t\t\t<\/li>\n\t\t\t<li class=\"mkdf-pt-prices\">\n\t\t\t\t<sup class=\"mkdf-pt-value\" >K\u010d<\/sup>\n\t\t\t\t<span class=\"mkdf-pt-price\" >4 900<\/span>\n\t\t\t\t<h6 class=\"mkdf-pt-mark\" >30 min<\/h6>\n\t\t\t<\/li>\n\t\t\t<li class=\"mkdf-pt-content\">\n\t\t\t\t<span style=\"font-weight: 400;\">obli\u010dej, krk a dekolt<\/span>\t\t\t<\/li>\n\t\t\t\t\t\t\t<li class=\"mkdf-pt-button\">\n\t\t\t\t\t<a itemprop=\"url\" href=\"https:\/\/pm.trdevel.cz\/objednat-se-na-zakrok\/?balname=Laserov%C3%A1%20Biostimulace%20+%20gelov%C3%A1%20maska%20obli%C4%8Dej,%20krk%20a%20dekolt\" target=\"_self\"  class=\"mkdf-btn mkdf-btn-large mkdf-btn-solid mkdf-btn-solid-dark\"  >    <span class=\"mkdf-btn-text\">Objednat se na z\u00e1krok<\/span>    <span class=\"mkdf-btn-icon-holder\">        <span class=\"mkdf-btn-icon-normal\" ><\/span>        <span class=\"mkdf-btn-icon-flip\" ><\/span>    <\/span><\/a>\t\t\t\t<\/li>\t\t\t\t\n\t\t\t\t\t<\/ul>\n\t<\/div>\n<\/div><\/div><\/div>\t\t<\/div>\n\t<\/div>\n<\/div><\/div>[\/vc_column][\/vc_row][vc_row][vc_column]<div class=\"mkdf-elements-holder mkdf-one-column mkdf-responsive-mode-768\" ><div class=\"mkdf-eh-item mkdf-horizontal-alignment-center\"  data-item-class=\"mkdf-eh-custom-493597\">\n\t<div class=\"mkdf-eh-item-inner\">\n\t\t<div class=\"mkdf-eh-item-content mkdf-eh-custom-493597\" style=\"padding: 100px 0px 0px 0px\">\n\t\t\t<div class=\"mkdf-section-title-holder mkdf-st-standard mkdf-st-title-left mkdf-st-normal-space \" >\n\t<div class=\"mkdf-st-inner\">\n\t\t\t\t\t<h2 class=\"mkdf-st-title\" >\n\t\t\t\tMohlo by v\u00e1s zaj\u00edmat\t\t\t<\/h2>\n\t\t\t\t\t<\/div>\n<\/div>[vc_column_text]<\/p>\n<p style=\"text-align: center;\">Podobn\u00e9 z\u00e1kroky, kter\u00e9 by mohly v\u00e1s zaujmout<\/p>\n<p>[\/vc_column_text]\t\t<\/div>\n\t<\/div>\n<\/div><\/div>[\/vc_column][\/vc_row][vc_row css=&#8220;.vc_custom_1633293452436{padding-top: 45px !important;padding-bottom: 25px !important;}&#8220;][vc_column][vc_row_inner][vc_column_inner css=&#8220;.vc_custom_1633299472059{border-right-width: 1px !important;border-bottom-width: 0px !important;border-left-width: 1px !important;padding-top: 0% !important;padding-right: 0% !important;padding-bottom: 0% !important;padding-left: 0% !important;border-left-color: #ededed !important;border-left-style: solid !important;border-right-color: #ededed !important;border-right-style: solid !important;border-bottom-color: #ededed !important;border-bottom-style: solid !important;}&#8220; offset=&#8220;vc_col-lg-3 vc_col-md-6 vc_col-xs-12&#8243;]<div class=\"mkdf-elements-holder mkdf-one-column mkdf-responsive-mode-768\" ><div class=\"mkdf-eh-item mkdf-horizontal-alignment-center\"  data-item-class=\"mkdf-eh-custom-715364\">\n\t<div class=\"mkdf-eh-item-inner\">\n\t\t<div class=\"mkdf-eh-item-content mkdf-eh-custom-715364\" style=\"padding: 55px 10%\">\n\t\t\t[vc_column_text]<\/p>\n<h3>Frak\u010dn\u00ed laserov\u00fd resurfacing<\/h3>\n<p>Frak\u010dn\u00ed resurfacing je ide\u00e1ln\u00ed volbou pro st\u00e1rnouc\u00ed \u010di po\u0161kozenou poko\u017eku. P\u016fsob\u00ed na povrchu svrchn\u00ed vrstvy, sou\u010dasn\u011b stimuluje r\u016fst nov\u00fdch ko\u017en\u00edch bun\u011bk i tvorbu nov\u00e9ho kolagenu, a t\u00edm startuje p\u0159irozen\u00fd proces hojen\u00ed.[\/vc_column_text][vc_empty_space][vc_column_text]<\/p>\n<p style=\"text-align: center; margin-top: 10px;\"><a class=\"mkdf-btn mkdf-btn-medium mkdf-btn-outline\" style=\"color: #43d5cb; padding: 14px 30px; border: 1px solid #43d5cb; border-radius: 5px; font-weight: 300;\" href=\"\/laserovy-resurfacing\/\" target=\"_blank\" rel=\"noopener\">V\u00edce info<\/a><\/p>\n<p>[\/vc_column_text]\t\t<\/div>\n\t<\/div>\n<\/div><\/div>[\/vc_column_inner][vc_column_inner css=&#8220;.vc_custom_1633299478622{border-bottom-width: 0px !important;padding-top: 0% !important;padding-right: 0% !important;padding-bottom: 0% !important;padding-left: 0% !important;border-bottom-color: #ededed !important;border-bottom-style: solid !important;}&#8220; offset=&#8220;vc_col-lg-3 vc_col-md-6 vc_col-xs-12&#8243;]<div class=\"mkdf-elements-holder mkdf-one-column mkdf-responsive-mode-768\" ><div class=\"mkdf-eh-item mkdf-horizontal-alignment-center\"  data-item-class=\"mkdf-eh-custom-771124\">\n\t<div class=\"mkdf-eh-item-inner\">\n\t\t<div class=\"mkdf-eh-item-content mkdf-eh-custom-771124\" style=\"padding: 55px 10%\">\n\t\t\t[vc_column_text]<\/p>\n<h3>Laserov\u00e1 rejuvenace ND:Yag<\/h3>\n<p>Laser p\u016fsob\u00ed do hlub\u0161\u00edch vrstev k\u016f\u017ee, podporuje tvorbu kolagenu, vyhlazuje poko\u017eku. Omlazen\u00ed laserem m\u00e1 v\u00fdrazn\u00fd a dlouhodob\u00fd efekt, kter\u00fd vede k celkov\u00e9mu zlep\u0161en\u00ed kvality pleti.[\/vc_column_text][vc_empty_space][vc_column_text]<\/p>\n<p style=\"text-align: center; margin-top: 10px;\"><a class=\"mkdf-btn mkdf-btn-medium mkdf-btn-outline\" style=\"color: #43d5cb; padding: 14px 30px; border: 1px solid #43d5cb; border-radius: 5px; font-weight: 300;\" href=\"\/omlazeni-cevnim-laserem-nd-yag\/\" target=\"_blank\" rel=\"noopener\">V\u00edce info<\/a><\/p>\n<p>[\/vc_column_text]\t\t<\/div>\n\t<\/div>\n<\/div><\/div>[\/vc_column_inner][vc_column_inner css=&#8220;.vc_custom_1633299485278{border-right-width: 1px !important;border-bottom-width: 0px !important;border-left-width: 1px !important;padding-top: 0% !important;padding-right: 0% !important;padding-bottom: 0% !important;padding-left: 0% !important;border-left-color: #ededed !important;border-left-style: solid !important;border-right-color: #ededed !important;border-right-style: solid !important;border-bottom-color: #ededed !important;border-bottom-style: solid !important;}&#8220; offset=&#8220;vc_col-lg-3 vc_col-md-6 vc_col-xs-12&#8243;]<div class=\"mkdf-elements-holder mkdf-one-column mkdf-responsive-mode-768\" ><div class=\"mkdf-eh-item mkdf-horizontal-alignment-center\"  data-item-class=\"mkdf-eh-custom-373293\">\n\t<div class=\"mkdf-eh-item-inner\">\n\t\t<div class=\"mkdf-eh-item-content mkdf-eh-custom-373293\" style=\"padding: 55px 10%\">\n\t\t\t[vc_column_text]<\/p>\n<h3>Fotoomlazen\u00ed IPL<\/h3>\n<p>Zastavit st\u00e1rnut\u00ed pleti? \u017d\u00e1dn\u00fd probl\u00e9m! Prodlu\u017ete si ml\u00e1d\u00ed o n\u011bkolik let pomoc\u00ed revolu\u010dn\u00ed procedury fotoomlazen\u00ed. Nejedn\u00e1 se jen o vn\u011bj\u0161\u00ed efekt &#8211; jde o plnohodnotnou prevenci st\u00e1rnut\u00ed![\/vc_column_text][vc_empty_space][vc_column_text]<\/p>\n<p style=\"text-align: center; margin-top: 10px;\"><a class=\"mkdf-btn mkdf-btn-medium mkdf-btn-outline\" style=\"color: #43d5cb; padding: 14px 30px; border: 1px solid #43d5cb; border-radius: 5px; font-weight: 300;\" href=\"\/fotoomlazeni-ipl\/\" target=\"_blank\" rel=\"noopener\">V\u00edce info<\/a><\/p>\n<p>[\/vc_column_text]\t\t<\/div>\n\t<\/div>\n<\/div><\/div>[\/vc_column_inner][vc_column_inner css=&#8220;.vc_custom_1633299493433{border-bottom-width: 0px !important;padding-top: 0% !important;padding-right: 0% !important;padding-bottom: 0% !important;padding-left: 0% !important;border-bottom-color: #ededed !important;border-bottom-style: solid !important;}&#8220; offset=&#8220;vc_col-lg-3 vc_col-md-6 vc_col-xs-12&#8243;]<div class=\"mkdf-elements-holder mkdf-one-column mkdf-responsive-mode-768\" ><div class=\"mkdf-eh-item mkdf-horizontal-alignment-center\"  data-item-class=\"mkdf-eh-custom-703732\">\n\t<div class=\"mkdf-eh-item-inner\">\n\t\t<div class=\"mkdf-eh-item-content mkdf-eh-custom-703732\" style=\"padding: 55px 10%\">\n\t\t\t[vc_column_text]<\/p>\n<h3>Ultrazvukov\u00fd SMAS lifting<\/h3>\n<p>Omlazuj\u00edc\u00ed nechirurgick\u00e1 metoda efektivn\u011b bojuje se st\u00e1rnut\u00edm, ochablou poko\u017ekou i vr\u00e1skami bez nutn\u00e9 a zdlouhav\u00e9 rekonvalescence. Ultrazvuk p\u016fsob\u00ed na svalov\u011b-aponeurotickou vrstvu k\u016f\u017ee, tzv. SMAS, kter\u00e1 je v k\u016f\u017ei pod tukov\u00fdmi bu\u0148kami. Neinvazivn\u00ed metoda pronik\u00e1 jak pod k\u016f\u017ei, tak pod svaly, kde podporuje tvorbu kolagenu a elastinu.[\/vc_column_text][vc_empty_space][vc_column_text]<\/p>\n<p style=\"text-align: center; margin-top: 10px;\"><a class=\"mkdf-btn mkdf-btn-medium mkdf-btn-outline\" style=\"color: #43d5cb; padding: 14px 30px; border: 1px solid #43d5cb; border-radius: 5px; font-weight: 300;\" href=\"\/ulthera-nechirurgicky-lifting\/\" target=\"_blank\" rel=\"noopener\">V\u00edce info<\/a><\/p>\n<p>[\/vc_column_text]\t\t<\/div>\n\t<\/div>\n<\/div><\/div>[\/vc_column_inner][\/vc_row_inner][\/vc_column][\/vc_row]<\/p>\n","protected":false},"excerpt":{"rendered":"<p>[vc_row row_content_width=&#8220;grid&#8220; css=&#8220;.vc_custom_1632239210797{padding-top: 70px !important;}&#8220;][vc_column offset=&#8220;vc_col-lg-12&#8243; css=&#8220;.vc_custom_1632140768248{margin-top: -8px !important;}&#8220;][vc_empty_space height=&#8220;9px&#8220;][vc_column_text]Laserov\u00e1 biostimulace je jedn\u00edm z laserov\u00fdch z\u00e1krok\u016f, kter\u00fd se \u010dasto pou\u017e\u00edv\u00e1 v estetick\u00e9 medic\u00edn\u011b pro hloubkovou l\u00e9\u010dbu t\u011blesn\u00fdch podko\u017en\u00edch tk\u00e1n\u00ed. Laserov\u00e1 biostimulace je zam\u011b\u0159ena na lok\u00e1ln\u00ed obnovu fungov\u00e1n\u00ed poko\u017eky, c\u00e9v a [&hellip;]<\/p>\n","protected":false},"author":1,"featured_media":0,"parent":0,"menu_order":0,"comment_status":"closed","ping_status":"closed","template":"full-width.php","meta":{"footnotes":""},"class_list":["post-13200","page","type-page","status-publish","hentry"],"acf":[],"_links":{"self":[{"href":"https:\/\/pm.trdevel.cz\/de\/wp-json\/wp\/v2\/pages\/13200","targetHints":{"allow":["GET"]}}],"collection":[{"href":"https:\/\/pm.trdevel.cz\/de\/wp-json\/wp\/v2\/pages"}],"about":[{"href":"https:\/\/pm.trdevel.cz\/de\/wp-json\/wp\/v2\/types\/page"}],"author":[{"embeddable":true,"href":"https:\/\/pm.trdevel.cz\/de\/wp-json\/wp\/v2\/users\/1"}],"replies":[{"embeddable":true,"href":"https:\/\/pm.trdevel.cz\/de\/wp-json\/wp\/v2\/comments?post=13200"}],"version-history":[{"count":19,"href":"https:\/\/pm.trdevel.cz\/de\/wp-json\/wp\/v2\/pages\/13200\/revisions"}],"predecessor-version":[{"id":22546,"href":"https:\/\/pm.trdevel.cz\/de\/wp-json\/wp\/v2\/pages\/13200\/revisions\/22546"}],"wp:attachment":[{"href":"https:\/\/pm.trdevel.cz\/de\/wp-json\/wp\/v2\/media?parent=13200"}],"curies":[{"name":"wp","href":"https:\/\/api.w.org\/{rel}","templated":true}]}}