{"id":18032,"date":"2021-10-10T15:20:36","date_gmt":"2021-10-10T15:20:36","guid":{"rendered":"https:\/\/pm.trdevel.cz\/chemical-peel\/"},"modified":"2025-02-23T09:41:32","modified_gmt":"2025-02-23T09:41:32","slug":"chemical-peel","status":"publish","type":"page","link":"https:\/\/pm.trdevel.cz\/de\/chemical-peel\/","title":{"rendered":"Chemical peeling"},"content":{"rendered":"<p>[vc_row row_content_width=&#8220;grid&#8220; css=&#8220;.vc_custom_1632239210797{padding-top: 70px !important;}&#8220;][vc_column offset=&#8220;vc_col-lg-12&#8243; css=&#8220;.vc_custom_1632140768248{margin-top: -8px !important;}&#8220;]<div class=\"mkdf-section-title-holder mkdf-st-standard mkdf-st-title-left mkdf-st-normal-space \" style=\"text-align: center\">\n\t<div class=\"mkdf-st-inner\">\n\t\t\t\t\t<h1 class=\"mkdf-st-title\" >\n\t\t\t\tChemisches Peeling\t\t\t<\/h1>\n\t\t\t\t\t<\/div>\n<\/div>[vc_empty_space height=&#8220;9px&#8220;][vc_column_text]Chemisches Peeling ist die Prozedur zur Entfernung der oberen Hautschichten, normalerweise im Gesicht.<\/p>\n<h4><strong>Dieses Verfahren ist wirksam gegen:<\/strong><\/h4>\n<ul>\n<li>Akne<\/li>\n<li>Hyperpigmentierung<\/li>\n<li>Narben (Postakne)<\/li>\n<li>feine F\u00e4ltchen<\/li>\n<li>Hautunregelm\u00e4\u00dfigkeiten<\/li>\n<li>vergr\u00f6\u00dferte Poren<\/li>\n<\/ul>\n<p>Dank der Entfernung der Hornschicht stimuliert das chemische Peeling die Kollagensynthese, was die Haut tonisiert und erneuert und ein junges und gesundes Aussehen wiederherstellt.<\/p>\n<p>Der Begriff chemisches Peeling bezeichnet den Vorgang des Entfernens der obersten Schichten und die anschlie\u00dfende physiologische Erneuerung der Haut durch die Beschleunigung ihres nat\u00fcrlichen Peelings, das durch ausgew\u00e4hlte Chemikalien erreicht wird.<\/p>\n<p>Chemisches Peeling dient der Hauterneuerung im Gesicht, es k\u00f6nnen aber auch andere K\u00f6rperpartien wie Hals, H\u00e4nde, Dekollet\u00e9 behandelt werden.<\/p>\n<p>Chemische Peelings unterscheiden sich in der Intensit\u00e4t ihrer Wirkung auf die Haut, wir unterscheiden zwischen tief, mittel und oberfl\u00e4chlich. Je nach Hauttyp und gew\u00fcnschtem Ergebnis w\u00e4hlt der Dermatologe die Einwirkungstiefe f\u00fcr jeden Patienten individuell aus. Beim chemischen Peeling kommen verschiedene S\u00e4uren zum Einsatz, wie zum Beispiel Fruchts\u00e4ure (AHA), Glykols\u00e4ure, Milchs\u00e4ure oder Azelains\u00e4ure. Diese Prozedur ist in jedem Alter gleicherma\u00dfen wirksam und f\u00fcr jeden Hauttyp geeignet. Der einzige Unterschied besteht in der Konzentration und Art der verwendeten S\u00e4uren.<\/p>\n<p>Die empfohlene Anzahl von Prozeduren betr\u00e4gt 5-10 Sitzungen.<\/p>\n<p>Die empfohlene H\u00e4ufigkeit die Prozedur betr\u00e4gt 1-4 mal im Monat.[\/vc_column_text][vc_empty_space][\/vc_column][\/vc_row][vc_row full_width=&#8220;stretch_row&#8220; css=&#8220;.vc_custom_1638118773359{background-color: rgba(78,109,204,0.07) !important;*background-color: rgb(78,109,204) !important;}&#8220; simple_background_color=&#8220;rgba(78,109,204,0.07)&#8220;][vc_column][vc_row_inner row_content_width=&#8220;grid&#8220;][vc_column_inner][vc_column_text]\n<div class=\"wpcf7 no-js\" id=\"wpcf7-f17975-o1\" lang=\"en-US\" dir=\"ltr\" data-wpcf7-id=\"17975\">\n<div class=\"screen-reader-response\"><p role=\"status\" aria-live=\"polite\" aria-atomic=\"true\"><\/p> <ul><\/ul><\/div>\n<form action=\"\/de\/wp-json\/wp\/v2\/pages\/18032#wpcf7-f17975-o1\" method=\"post\" class=\"wpcf7-form init inline-form\" aria-label=\"Contact form\" novalidate=\"novalidate\" data-status=\"init\">\n<div style=\"display: none;\">\n<input type=\"hidden\" name=\"_wpcf7\" value=\"17975\" \/>\n<input type=\"hidden\" name=\"_wpcf7_version\" value=\"6.0.4\" \/>\n<input type=\"hidden\" name=\"_wpcf7_locale\" value=\"en_US\" \/>\n<input type=\"hidden\" name=\"_wpcf7_unit_tag\" value=\"wpcf7-f17975-o1\" \/>\n<input type=\"hidden\" name=\"_wpcf7_container_post\" value=\"0\" \/>\n<input type=\"hidden\" name=\"_wpcf7_posted_data_hash\" value=\"\" \/>\n<input type=\"hidden\" name=\"_wpcf7_recaptcha_response\" value=\"\" \/>\n<\/div>\n<h2>Vereinbare einen Termin\n<\/h2>\n<div class=\"jq-row jq-inline-form\">\n\t<div class=\"fields-col jq-row\">\n\t\t<div class=\"jq-col-33\">\n\t\t\t<p><span class=\"wpcf7-form-control-wrap\" data-name=\"your-name\"><input size=\"40\" maxlength=\"400\" class=\"wpcf7-form-control wpcf7-text wpcf7-validates-as-required\" aria-required=\"true\" aria-invalid=\"false\" placeholder=\"Ihren Namen\" value=\"\" type=\"text\" name=\"your-name\" \/><\/span>\n\t\t\t<\/p>\n\t\t<\/div>\n\t\t<div class=\"jq-col-33\">\n\t\t\t<p><span class=\"wpcf7-form-control-wrap\" data-name=\"your-email\"><input size=\"40\" maxlength=\"400\" class=\"wpcf7-form-control wpcf7-email wpcf7-validates-as-required wpcf7-text wpcf7-validates-as-email\" aria-required=\"true\" aria-invalid=\"false\" placeholder=\"Email\" value=\"\" type=\"email\" name=\"your-email\" \/><\/span>\n\t\t\t<\/p>\n\t\t<\/div>\n\t\t<div class=\"jq-col-33\">\n\t\t\t<p><span class=\"wpcf7-form-control-wrap\" data-name=\"your-tel\"><input size=\"40\" maxlength=\"400\" class=\"wpcf7-form-control wpcf7-tel wpcf7-text wpcf7-validates-as-tel\" aria-invalid=\"false\" placeholder=\"+420 *** *** ***\" value=\"\" type=\"tel\" name=\"your-tel\" \/><\/span>\n\t\t\t<\/p>\n\t\t<\/div>\n\t\t<div class=\"jq-col-100\">\n\t\t\t<p><span class=\"wpcf7-form-control-wrap\" data-name=\"acceptance\"><span class=\"wpcf7-form-control wpcf7-acceptance\"><span class=\"wpcf7-list-item\"><label><input type=\"checkbox\" name=\"acceptance\" value=\"1\" aria-invalid=\"false\" \/><span class=\"wpcf7-list-item-label\">Ich stimme der <a href=\"https:\/\/pm.trdevel.cz\/en\/terms-of-use\/\" target=\"_blank\">Verarbeitung meiner personenbezogenen Daten zu<\/a>.<\/span><\/label><\/span><\/span><\/span>\n\t\t\t<\/p>\n\t\t<\/div>\n\t<\/div>\n\t<div class=\"button-col\">\n\t\t<p><input class=\"wpcf7-form-control wpcf7-submit has-spinner\" type=\"submit\" value=\"Senden\" \/><input type=\"hidden\" class=\"wpcf7-form-control wpcf7-hidden\" name=\"your-subject\" placeholder=\"\" value=\"DE \u0417\u0430\u043f\u0438\u0441\u044c \u043d\u0430 \u043f\u0440\u043e\u0446\u0435\u0434\u0443\u0440\u0443\" \/><input type=\"hidden\" class=\"wpcf7-form-control wpcf7-hidden\" name=\"hidden-956\" placeholder=\"\" value=\"Chemical peeling\" \/>\n\t\t<\/p>\n\t<\/div>\n<\/div><div class=\"wpcf7-response-output\" aria-hidden=\"true\"><\/div>\n<\/form>\n<\/div>\n[\/vc_column_text][\/vc_column_inner][\/vc_row_inner][\/vc_column][\/vc_row][vc_row row_content_width=&#8220;grid&#8220;][vc_column]<div class=\"mkdf-elements-holder mkdf-one-column mkdf-responsive-mode-768\" ><div class=\"mkdf-eh-item mkdf-horizontal-alignment-center\"  data-item-class=\"mkdf-eh-custom-409542\" data-1280-1600=\"70px 230px 50px 230px\" data-1024-1280=\"70px 130px 50px 130px\" data-768-1024=\"70px 50px 50px 50px\" data-600-768=\"70px 0px 50px 0px\" data-480-600=\"70px 0px 50px 0px\" data-480=\"70px 0px 50px 0px\">\n\t<div class=\"mkdf-eh-item-inner\">\n\t\t<div class=\"mkdf-eh-item-content mkdf-eh-custom-409542\" style=\"padding: 70px 230px 50px 230px\">\n\t\t\t<div class=\"mkdf-section-title-holder mkdf-st-standard mkdf-st-title-left mkdf-st-normal-space \" >\n\t<div class=\"mkdf-st-inner\">\n\t\t\t\t\t<h2 class=\"mkdf-st-title\" >\n\t\t\t\tFoto vorher und nachher\t\t\t<\/h2>\n\t\t\t\t\t<\/div>\n<\/div>[vc_empty_space]<div class=\"mkdf-image-gallery mkdf-ig-carousel-type \">\n\t<div class=\"mkdf-ig-slider mkdf-owl-slider\" data-number-of-items=\"1\" data-enable-loop=\"yes\" data-enable-autoplay=\"yes\" data-slider-speed=\"5000\" data-slider-speed-animation=\"600\" data-enable-navigation=\"yes\" data-enable-pagination=\"yes\">\n\t\t\t\t\t<div class=\"mkdf-ig-image\">\n\t\t\t\t\t\t\t\t\t<img loading=\"lazy\" decoding=\"async\" width=\"600\" height=\"327\" src=\"https:\/\/pm.trdevel.cz\/wp-content\/uploads\/2021\/09\/argt.jpeg\" class=\"attachment-full size-full\" alt=\"\" srcset=\"https:\/\/pm.trdevel.cz\/wp-content\/uploads\/2021\/09\/argt.jpeg 600w, https:\/\/pm.trdevel.cz\/wp-content\/uploads\/2021\/09\/argt-300x164.jpeg 300w\" sizes=\"auto, (max-width: 600px) 100vw, 600px\" \/>\t\t\t\t\t\t\t<\/div>\n\t\t\t\t\t<div class=\"mkdf-ig-image\">\n\t\t\t\t\t\t\t\t\t<img loading=\"lazy\" decoding=\"async\" width=\"482\" height=\"263\" src=\"https:\/\/pm.trdevel.cz\/wp-content\/uploads\/2021\/09\/tcapeelsphotos-1.jpg\" class=\"attachment-full size-full\" alt=\"\" srcset=\"https:\/\/pm.trdevel.cz\/wp-content\/uploads\/2021\/09\/tcapeelsphotos-1.jpg 482w, https:\/\/pm.trdevel.cz\/wp-content\/uploads\/2021\/09\/tcapeelsphotos-1-300x164.jpg 300w\" sizes=\"auto, (max-width: 482px) 100vw, 482px\" \/>\t\t\t\t\t\t\t<\/div>\n\t\t\t\t\t<div class=\"mkdf-ig-image\">\n\t\t\t\t\t\t\t\t\t<img loading=\"lazy\" decoding=\"async\" width=\"493\" height=\"335\" src=\"https:\/\/pm.trdevel.cz\/wp-content\/uploads\/2021\/09\/im-fabulous-gorgeous-peel-before-and-after-pictures.jpg\" class=\"attachment-full size-full\" alt=\"\" srcset=\"https:\/\/pm.trdevel.cz\/wp-content\/uploads\/2021\/09\/im-fabulous-gorgeous-peel-before-and-after-pictures.jpg 493w, https:\/\/pm.trdevel.cz\/wp-content\/uploads\/2021\/09\/im-fabulous-gorgeous-peel-before-and-after-pictures-300x204.jpg 300w\" sizes=\"auto, (max-width: 493px) 100vw, 493px\" \/>\t\t\t\t\t\t\t<\/div>\n\t\t\t\t\t<div class=\"mkdf-ig-image\">\n\t\t\t\t\t\t\t\t\t<img loading=\"lazy\" decoding=\"async\" width=\"500\" height=\"341\" src=\"https:\/\/pm.trdevel.cz\/wp-content\/uploads\/2021\/09\/ximicheskij_piling_lica2.jpg\" class=\"attachment-full size-full\" alt=\"\" srcset=\"https:\/\/pm.trdevel.cz\/wp-content\/uploads\/2021\/09\/ximicheskij_piling_lica2.jpg 500w, https:\/\/pm.trdevel.cz\/wp-content\/uploads\/2021\/09\/ximicheskij_piling_lica2-300x205.jpg 300w\" sizes=\"auto, (max-width: 500px) 100vw, 500px\" \/>\t\t\t\t\t\t\t<\/div>\n\t\t\t<\/div>\n<\/div>\t\t<\/div>\n\t<\/div>\n<\/div><\/div>[\/vc_column][\/vc_row][vc_row content_placement=&#8220;middle&#8220; css=&#8220;.vc_custom_1632529364693{background-color: #fafafa !important;}&#8220;][vc_column]<div class=\"mkdf-elements-holder mkdf-one-column mkdf-responsive-mode-768\" style=\"background-color:#fafafa;\"><div class=\"mkdf-eh-item mkdf-horizontal-alignment-center\"  data-item-class=\"mkdf-eh-custom-714843\">\n\t<div class=\"mkdf-eh-item-inner\">\n\t\t<div class=\"mkdf-eh-item-content mkdf-eh-custom-714843\" style=\"padding: 20px 0 0 0\">\n\t\t\t<div class=\"mkdf-section-title-holder mkdf-st-standard mkdf-st-title-left mkdf-st-normal-space \" style=\"text-align: center\">\n\t<div class=\"mkdf-st-inner\">\n\t\t\t\t\t<h2 class=\"mkdf-st-title\" >\n\t\t\t\tPreisliste\t\t\t<\/h2>\n\t\t\t\t\t<\/div>\n<\/div>\t\t<\/div>\n\t<\/div>\n<\/div><\/div><div class=\"mkdf-elements-holder mkdf-one-column mkdf-responsive-mode-768 mkdf-one-column-alignment-center\" style=\"background-color:#fafafa;\"><div class=\"mkdf-eh-item mkdf-horizontal-alignment-center\"  data-item-class=\"mkdf-eh-custom-310237\" data-1280-1600=\"40px 100px 70px 100px\" data-1024-1280=\"40px 50px 70px 50px\" data-768-1024=\"40px 50px 50px 50px\" data-600-768=\"20px 30px 50px 30px\" data-480-600=\"20px 30px 40px 30px\" data-480=\"20px 30px 40px 30px\">\n\t<div class=\"mkdf-eh-item-inner\">\n\t\t<div class=\"mkdf-eh-item-content mkdf-eh-custom-310237\" style=\"padding: 40px 200px 20px 200px\">\n\t\t\t[vc_column_text css=&#8220;.vc_custom_1740303689635{margin-top: 30px !important;}&#8220;]<\/p>\n<div id=\"all-events\" class=\"ui-tabs-panel ui-corner-bottom ui-widget-content\" role=\"tabpanel\" aria-labelledby=\"ui-id-1\" aria-hidden=\"false\">\n<table class=\"tt_timetable\">\n<thead>\n<tr class=\"row_gray\">\n<th>Chemisches Peeling<\/th>\n<th>Preis<\/th>\n<\/tr>\n<\/thead>\n<tbody>\n<tr class=\"row_1\">\n<td style=\"vertical-align: middle; text-align: left; padding: 10px; width: 50%;\">1 area (face, d\u00e9collet\u00e9, backs of the hands)<\/td>\n<td style=\"color: #37c7be!important; vertical-align: middle;\">2 900 K\u010d<\/td>\n<\/tr>\n<tr class=\"row_gray\">\n<td style=\"vertical-align: middle; text-align: left; padding: 10px; width: 50%;\">face and d\u00e9collet\u00e9<\/td>\n<td style=\"color: #37c7be!important; vertical-align: middle;\">3 900 K\u010d<\/td>\n<\/tr>\n<tr class=\"row\">\n<td style=\"vertical-align: middle; text-align: left; padding: 10px; width: 50%;\">package of 3 sessions (face and d\u00e9collet\u00e9)<\/td>\n<td style=\"color: #37c7be!important; vertical-align: middle;\"><span style=\"font-weight: 400;\">9 900<\/span> K\u010d<\/td>\n<\/tr>\n<tr class=\"row_gray\">\n<td style=\"vertical-align: middle; text-align: left; padding: 10px; width: 50%;\">package of 6 sessions (face and d\u00e9collet\u00e9)<\/td>\n<td style=\"color: #37c7be!important; vertical-align: middle;\">19 900 K\u010d<\/td>\n<\/tr>\n<\/tbody>\n<\/table>\n<div class=\"tt_timetable small \">\n<h5 class=\"box_header \">Chemisches Peeling<\/h5>\n<ul class=\"tt_items_list thin page_margin_top timetable_clearfix\">\n<li class=\"timetable_clearfix\">\n<div class=\"event_container\">1 area (face, d\u00e9collet\u00e9, backs of the hands)<\/div>\n<div class=\"value\"><span class=\"start-hour\">2 200 K\u010d<\/span><\/div>\n<\/li>\n<li class=\"timetable_clearfix\">\n<div class=\"event_container\">face and d\u00e9collet\u00e9<\/div>\n<div class=\"value\"><span class=\"start-hour\">3 600 K\u010d<\/span><\/div>\n<\/li>\n<li class=\"timetable_clearfix\">\n<div class=\"event_container\">package of 3 sessions (face and d\u00e9collet\u00e9)<\/div>\n<div class=\"value\"><span class=\"start-hour\"><span style=\"font-weight: 400;\">9 180<\/span> K\u010d<\/span><\/div>\n<\/li>\n<li class=\"timetable_clearfix\">\n<div class=\"event_container\">package of 6 sessions (face and d\u00e9collet\u00e9)<\/div>\n<div class=\"value\"><span class=\"start-hour\">18 360 K\u010d<\/span><\/div>\n<\/li>\n<\/ul>\n<\/div>\n<\/div>\n<p>[\/vc_column_text]\t\t<\/div>\n\t<\/div>\n<\/div><\/div>[\/vc_column][\/vc_row][vc_row row_content_width=&#8220;grid&#8220; css=&#8220;.vc_custom_1632239210797{padding-top: 70px !important;}&#8220;][vc_column offset=&#8220;vc_col-lg-12&#8243; css=&#8220;.vc_custom_1632140768248{margin-top: -8px !important;}&#8220;]<div class=\"mkdf-section-title-holder mkdf-st-standard mkdf-st-title-left mkdf-st-normal-space \" style=\"text-align: center\">\n\t<div class=\"mkdf-st-inner\">\n\t\t\t\t\t<h2 class=\"mkdf-st-title\" >\n\t\t\t\tWie funktioniert die Behandlung?\t\t\t<\/h2>\n\t\t\t\t\t<\/div>\n<\/div>[vc_empty_space height=&#8220;9px&#8220;][vc_column_text]Chemische Peelings k\u00f6nnen je nach Problem und Zustand der Haut mit unterschiedlichen S\u00e4uren durchgef\u00fchrt werden und werden in drei Arten eingeteilt:<\/p>\n<ul>\n<li>oberfl\u00e4chlich<\/li>\n<li>Mittel<\/li>\n<li>Tief<\/li>\n<\/ul>\n<p>In unserer Klinik bieten wir eine gro\u00dfe Auswahl an Produkten an, die verschiedene S\u00e4uren (Glykol-, Zitronen-, Mandel-, Salicyl-, Milchs\u00e4ure) in\u00a0\u00a0\u00a0\u00a0\u00a0\u00a0\u00a0\u00a0\u00a0\u00a0\u00a0 unterschiedlichen Konzentrationen enthalten. Das Peeling wird von einem Spezialisten in Abh\u00e4ngigkeit von den Zielen und den individuellen Eigenschaften der Haut des Kunden ausgew\u00e4hlt, daher sollten Sie vor der Durchf\u00fchrung des Verfahrens immer einen Spezialisten konsultieren.<\/p>\n<p>Das chemische Peeling wird auf der gereinigten Haut durchgef\u00fchrt, auf die eine oder mehrere Schichten des Produkts aufgetragen werden. Eine Schicht des Peelings verbleibt ca. 5 Minuten auf der Haut, dann wird entweder eine weitere Schicht aufgetragen oder das Peeling neutralisiert. Nach der Prozedur wird eine Creme verwendet, um die Haut mit Feuchtigkeit zu versorgen und zu regenerieren.[\/vc_column_text][\/vc_column][\/vc_row][vc_row row_content_width=&#8220;grid&#8220;][vc_column]<div class=\"mkdf-elements-holder mkdf-two-columns mkdf-responsive-mode-768\" ><div class=\"mkdf-eh-item mkdf-vertical-alignment-top\"  data-item-class=\"mkdf-eh-custom-182719\" data-1280-1600=\"70px 30px 50px 0\" data-1024-1280=\"70px 30px 50px 0\" data-768-1024=\"70px 30px 50px 0\" data-600-768=\"70px 0px 50px 0\" data-480-600=\"70px 0px 50px 0\" data-480=\"70px 0px 50px 0\">\n\t<div class=\"mkdf-eh-item-inner\">\n\t\t<div class=\"mkdf-eh-item-content mkdf-eh-custom-182719\" style=\"padding: 70px 30px 50px 0\">\n\t\t\t<div class=\"mkdf-section-title-holder mkdf-st-standard mkdf-st-title-left mkdf-st-normal-space \" >\n\t<div class=\"mkdf-st-inner\">\n\t\t\t\t\t<h2 class=\"mkdf-st-title\" >\n\t\t\t\tVor der Prozedur\t\t\t<\/h2>\n\t\t\t\t\t<\/div>\n<\/div>[vc_column_text]Mindesten s 2 Wochen vor dem Eingriff ist es notwendig, Solarium-, Sauna-, l\u00e4ngere Sonnenauf enthalte und die Verwendu ng von Selbstbr\u00e4u nungscrem e\u00a0zu<br \/>\nvermeiden.<\/p>\n<p>Chemische s Peeling ist in den meisten F\u00e4llen nicht mit anderen, wie\u00a0\u00a0 zB Laserverfa hren kombinierb ar, dh es ist die Einhaltung des Zeitinterval ls erforderlic h.[\/vc_column_text][vc_empty_space height=&#8220;25px&#8220;]\t\t<\/div>\n\t<\/div>\n<\/div><div class=\"mkdf-eh-item mkdf-vertical-alignment-top\"  data-item-class=\"mkdf-eh-custom-857134\" data-1280-1600=\"70px 30px 50px 0\" data-1024-1280=\"70px 30px 50px 0\" data-768-1024=\"70px 30px 50px 0\" data-600-768=\"70px 0px 50px 0\" data-480-600=\"70px 0px 50px 0\" data-480=\"70px 0px 50px 0\">\n\t<div class=\"mkdf-eh-item-inner\">\n\t\t<div class=\"mkdf-eh-item-content mkdf-eh-custom-857134\" style=\"padding: 70px 30px 50px 0\">\n\t\t\t<div class=\"mkdf-section-title-holder mkdf-st-standard mkdf-st-title-left mkdf-st-normal-space \" >\n\t<div class=\"mkdf-st-inner\">\n\t\t\t\t\t<h2 class=\"mkdf-st-title\" >\n\t\t\t\tNach der Prozedur\t\t\t<\/h2>\n\t\t\t\t\t<\/div>\n<\/div>[vc_column_text]Je\u00a0nach Intensit\u00e4t und Tiefe der Anwendun g des chemische n Peelings nach\u00a0dem Eingriff geschieht Folgendes:<\/p>\n<ul>\n<li>leichte R\u00f6tung<\/li>\n<li>Peeling<\/li>\n<\/ul>\n<p>Nach der Behandlun gwird empfohlen, feuchtigkei tsspenden de Cremes und Salben zu verwenden,\u00a0die vor ultraviolett er Strahlung sch\u00fctzen.<\/p>\n<p>Das Ergebnis des chemische n Peelings ist innerhalb von 2-3 Tagen nach dem Eingriff sichtbar.[\/vc_column_text][vc_empty_space height=&#8220;25px&#8220;]\t\t<\/div>\n\t<\/div>\n<\/div><\/div>[\/vc_column][\/vc_row][vc_row css=&#8220;.vc_custom_1632322238998{padding-top: 50px !important;}&#8220;][vc_column css=&#8220;.vc_custom_1492767171698{padding-top: 0px !important;}&#8220;]<div class=\"mkdf-elements-holder mkdf-two-columns mkdf-responsive-mode-768\" ><div class=\"mkdf-eh-item \" style=\"background-image: url(https:\/\/pm.trdevel.cz\/wp-content\/uploads\/2021\/09\/doctor-man-consulting-patient-while-filling-up-application-form-desk-hospital-scaled.jpg)\" data-item-class=\"mkdf-eh-custom-751512\" data-600-768=\"260px 0\" data-480-600=\"200px 0\" data-480=\"200px 0\">\n\t<div class=\"mkdf-eh-item-inner\">\n\t\t<div class=\"mkdf-eh-item-content mkdf-eh-custom-751512\" >\n\t\t\t\t\t<\/div>\n\t<\/div>\n<\/div><div class=\"mkdf-eh-item \"  data-item-class=\"mkdf-eh-custom-943463\" data-1280-1600=\"110px 15% 120px 15%\" data-1024-1280=\"100px 13% 105px 14%\" data-768-1024=\"75px 11% 90px 10%\" data-600-768=\"75px 11% 90px 10%\" data-480-600=\"60px 10% 85px 10%\" data-480=\"60px 10% 85px 10%\">\n\t<div class=\"mkdf-eh-item-inner\">\n\t\t<div class=\"mkdf-eh-item-content mkdf-eh-custom-943463\" style=\"padding: 100px 19% 100px 16%\">\n\t\t\t<div class=\"mkdf-section-title-holder mkdf-st-standard mkdf-st-title-left mkdf-st-normal-space \" >\n\t<div class=\"mkdf-st-inner\">\n\t\t\t\t\t<h2 class=\"mkdf-st-title\" >\n\t\t\t\tKontraindikation\t\t\t<\/h2>\n\t\t\t\t\t<\/div>\n<\/div>[vc_empty_space height=&#8220;25px&#8220;][vc_column_text]<\/p>\n<ul>\n<li>\u00a0infekti\u00f6se und entz\u00fcndliche<\/li>\n<li>Erkrankungen des K\u00f6rpers gebr\u00e4unte Haut<\/li>\n<li>empfindliche hauchd\u00fcnne Haut<\/li>\n<li>atopische Haut Hautkrankheiten<\/li>\n<li>Schwangerschaft, Stillzeit<\/li>\n<\/ul>\n<p>[\/vc_column_text]\t\t<\/div>\n\t<\/div>\n<\/div><\/div>[\/vc_column][\/vc_row]<\/p>\n","protected":false},"excerpt":{"rendered":"<p>[vc_row row_content_width=&#8220;grid&#8220; css=&#8220;.vc_custom_1632239210797{padding-top: 70px !important;}&#8220;][vc_column offset=&#8220;vc_col-lg-12&#8243; css=&#8220;.vc_custom_1632140768248{margin-top: -8px !important;}&#8220;][vc_empty_space height=&#8220;9px&#8220;][vc_column_text]Chemisches Peeling ist die Prozedur zur Entfernung der oberen Hautschichten, normalerweise im Gesicht. Dieses Verfahren ist wirksam gegen: Akne Hyperpigmentierung Narben (Postakne) feine F\u00e4ltchen Hautunregelm\u00e4\u00dfigkeiten vergr\u00f6\u00dferte Poren Dank der Entfernung der [&hellip;]<\/p>\n","protected":false},"author":1,"featured_media":0,"parent":0,"menu_order":0,"comment_status":"closed","ping_status":"closed","template":"full-width.php","meta":{"footnotes":""},"class_list":["post-18032","page","type-page","status-publish","hentry"],"acf":[],"_links":{"self":[{"href":"https:\/\/pm.trdevel.cz\/de\/wp-json\/wp\/v2\/pages\/18032","targetHints":{"allow":["GET"]}}],"collection":[{"href":"https:\/\/pm.trdevel.cz\/de\/wp-json\/wp\/v2\/pages"}],"about":[{"href":"https:\/\/pm.trdevel.cz\/de\/wp-json\/wp\/v2\/types\/page"}],"author":[{"embeddable":true,"href":"https:\/\/pm.trdevel.cz\/de\/wp-json\/wp\/v2\/users\/1"}],"replies":[{"embeddable":true,"href":"https:\/\/pm.trdevel.cz\/de\/wp-json\/wp\/v2\/comments?post=18032"}],"version-history":[{"count":4,"href":"https:\/\/pm.trdevel.cz\/de\/wp-json\/wp\/v2\/pages\/18032\/revisions"}],"predecessor-version":[{"id":22572,"href":"https:\/\/pm.trdevel.cz\/de\/wp-json\/wp\/v2\/pages\/18032\/revisions\/22572"}],"wp:attachment":[{"href":"https:\/\/pm.trdevel.cz\/de\/wp-json\/wp\/v2\/media?parent=18032"}],"curies":[{"name":"wp","href":"https:\/\/api.w.org\/{rel}","templated":true}]}}