{"id":18062,"date":"2021-09-28T14:13:27","date_gmt":"2021-09-28T14:13:27","guid":{"rendered":"https:\/\/pm.trdevel.cz\/ulthera-lifting\/"},"modified":"2025-07-15T16:42:33","modified_gmt":"2025-07-15T16:42:33","slug":"ulthera-lifting","status":"publish","type":"page","link":"https:\/\/pm.trdevel.cz\/de\/ulthera-lifting\/","title":{"rendered":"Ultherapy (SMAS-Lifting)"},"content":{"rendered":"<p>[vc_row row_content_width=&#8220;grid&#8220; css=&#8220;.vc_custom_1632239210797{padding-top: 70px !important;}&#8220;][vc_column offset=&#8220;vc_col-lg-12&#8243; css=&#8220;.vc_custom_1632140768248{margin-top: -8px !important;}&#8220;]<div class=\"mkdf-section-title-holder mkdf-st-standard mkdf-st-title-left mkdf-st-normal-space \" style=\"text-align: center\">\n\t<div class=\"mkdf-st-inner\">\n\t\t\t\t\t<h1 class=\"mkdf-st-title\" >\n\t\t\t\tUltherapie (SMAS-Lifting)\t\t\t<\/h1>\n\t\t\t\t\t<\/div>\n<\/div>[vc_empty_space height=&#8220;9px&#8220;][vc_column_text]Ulthera Lifting ist eine einzigartige Facelift- Instrumentalmethode, die mit der plastischen Chirurgie konkurriert und f\u00fcr Kunden gedacht ist, die nach nicht-chirurgischen Verj\u00fcngungsmethoden suchen. Die Ulthera- Therapie konzentriert sich auf die nicht-invasive Bek\u00e4mpfung von Altersver\u00e4nderungen im Muskel- und Epidermisgewebe, die durch die Ausdehnung der Kollagenfasern und die Verringerung der gesamten Kollagenproduktion verursacht werden. Diese Methode wird ab dem 30. Lebensjahr verwendet, um Folgendes loszuwerden:<\/p>\n<ul>\n<li><strong>Ver\u00e4nderungen der Gesichtskontur<\/strong><\/li>\n<li><strong>tiefe Falten und F\u00e4ltchen<\/strong><\/li>\n<li><strong>h\u00e4ngende Augenbrauen und obere Augenlider<\/strong><\/li>\n<li><strong>Vertiefung der Nasen- und Nasenrachenfurchen<\/strong><\/li>\n<li><strong>Umverteilung der Weichteile vom mittleren zum unteren Gesichtsbereich<\/strong><\/li>\n<li><strong>gefallene Lippenwinkel schlaffe Haut an Kinn und Hals und ihre Erschlaffung<\/strong><\/li>\n<li><strong>Reduzierung der Festigkeit der Haut und der subkutanen Strukturen des Gesichts<\/strong><\/li>\n<\/ul>\n<p>Die Ulthera-Therapie ist eines der Verfahren zur Gesichtsverj\u00fcngung, das in der Lage ist, die Konturen zu straffen, Sch\u00f6nheit und ein gesundes Aussehen ohne Schmerzen und Operationen wiederherzustellen. Dieses Verfahren ist beispiellos und wird basierend auf klinischen Studien als sicher und wirksam angesehen. Ohne die Notwendigkeit einer langfristigen Erholung.<\/p>\n<p>Das Ulthera-Ultraschallger\u00e4t zielt auf die obere aponeurotische Muskelschicht (SMAS), die aus Kollagen und Elastin besteht. Diese Schicht verbindet die Gesichtsmuskeln mit der Haut, dem Unterhautfettgewebe, den Faszien. SMAS schafft und erh\u00e4lt die Form des Gesichts.<\/p>\n<p>Die Ulther-Methode basiert auf Ultraschallimpulsen, die in tiefere Hautschichten eindringen und die Kollagenfasern von innen erw\u00e4rmen. Dies stimuliert die Synthese von Elastin und die SMAS-Verh\u00e4rtung. Dadurch wird die Gesichtshaut elastischer und straffer.<\/p>\n<p><strong>Das Ergebnis h\u00e4lt bis zu 18 Monate. Dieses Verfahren kann in 2-3 Jahren wiederholt werden.<\/strong><\/p>\n<p>[\/vc_column_text][vc_empty_space][\/vc_column][\/vc_row][vc_row full_width=&#8220;stretch_row&#8220; css=&#8220;.vc_custom_1638118773359{background-color: rgba(78,109,204,0.07) !important;*background-color: rgb(78,109,204) !important;}&#8220; simple_background_color=&#8220;rgba(78,109,204,0.07)&#8220;][vc_column][vc_row_inner row_content_width=&#8220;grid&#8220;][vc_column_inner][vc_column_text]\n<div class=\"wpcf7 no-js\" id=\"wpcf7-f17975-o1\" lang=\"en-US\" dir=\"ltr\" data-wpcf7-id=\"17975\">\n<div class=\"screen-reader-response\"><p role=\"status\" aria-live=\"polite\" aria-atomic=\"true\"><\/p> <ul><\/ul><\/div>\n<form action=\"\/de\/wp-json\/wp\/v2\/pages\/18062#wpcf7-f17975-o1\" method=\"post\" class=\"wpcf7-form init inline-form\" aria-label=\"Contact form\" novalidate=\"novalidate\" data-status=\"init\">\n<div style=\"display: none;\">\n<input type=\"hidden\" name=\"_wpcf7\" value=\"17975\" \/>\n<input type=\"hidden\" name=\"_wpcf7_version\" value=\"6.0.4\" \/>\n<input type=\"hidden\" name=\"_wpcf7_locale\" value=\"en_US\" \/>\n<input type=\"hidden\" name=\"_wpcf7_unit_tag\" value=\"wpcf7-f17975-o1\" \/>\n<input type=\"hidden\" name=\"_wpcf7_container_post\" value=\"0\" \/>\n<input type=\"hidden\" name=\"_wpcf7_posted_data_hash\" value=\"\" \/>\n<input type=\"hidden\" name=\"_wpcf7_recaptcha_response\" value=\"\" \/>\n<\/div>\n<h2>Vereinbare einen Termin\n<\/h2>\n<div class=\"jq-row jq-inline-form\">\n\t<div class=\"fields-col jq-row\">\n\t\t<div class=\"jq-col-33\">\n\t\t\t<p><span class=\"wpcf7-form-control-wrap\" data-name=\"your-name\"><input size=\"40\" maxlength=\"400\" class=\"wpcf7-form-control wpcf7-text wpcf7-validates-as-required\" aria-required=\"true\" aria-invalid=\"false\" placeholder=\"Ihren Namen\" value=\"\" type=\"text\" name=\"your-name\" \/><\/span>\n\t\t\t<\/p>\n\t\t<\/div>\n\t\t<div class=\"jq-col-33\">\n\t\t\t<p><span class=\"wpcf7-form-control-wrap\" data-name=\"your-email\"><input size=\"40\" maxlength=\"400\" class=\"wpcf7-form-control wpcf7-email wpcf7-validates-as-required wpcf7-text wpcf7-validates-as-email\" aria-required=\"true\" aria-invalid=\"false\" placeholder=\"Email\" value=\"\" type=\"email\" name=\"your-email\" \/><\/span>\n\t\t\t<\/p>\n\t\t<\/div>\n\t\t<div class=\"jq-col-33\">\n\t\t\t<p><span class=\"wpcf7-form-control-wrap\" data-name=\"your-tel\"><input size=\"40\" maxlength=\"400\" class=\"wpcf7-form-control wpcf7-tel wpcf7-text wpcf7-validates-as-tel\" aria-invalid=\"false\" placeholder=\"+420 *** *** ***\" value=\"\" type=\"tel\" name=\"your-tel\" \/><\/span>\n\t\t\t<\/p>\n\t\t<\/div>\n\t\t<div class=\"jq-col-100\">\n\t\t\t<p><span class=\"wpcf7-form-control-wrap\" data-name=\"acceptance\"><span class=\"wpcf7-form-control wpcf7-acceptance\"><span class=\"wpcf7-list-item\"><label><input type=\"checkbox\" name=\"acceptance\" value=\"1\" aria-invalid=\"false\" \/><span class=\"wpcf7-list-item-label\">Ich stimme der <a href=\"https:\/\/pm.trdevel.cz\/en\/terms-of-use\/\" target=\"_blank\">Verarbeitung meiner personenbezogenen Daten zu<\/a>.<\/span><\/label><\/span><\/span><\/span>\n\t\t\t<\/p>\n\t\t<\/div>\n\t<\/div>\n\t<div class=\"button-col\">\n\t\t<p><input class=\"wpcf7-form-control wpcf7-submit has-spinner\" type=\"submit\" value=\"Senden\" \/><input type=\"hidden\" class=\"wpcf7-form-control wpcf7-hidden\" name=\"your-subject\" placeholder=\"\" value=\"DE \u0417\u0430\u043f\u0438\u0441\u044c \u043d\u0430 \u043f\u0440\u043e\u0446\u0435\u0434\u0443\u0440\u0443\" \/><input type=\"hidden\" class=\"wpcf7-form-control wpcf7-hidden\" name=\"hidden-956\" placeholder=\"\" value=\"Ultherapy (SMAS-Lifting)\" \/>\n\t\t<\/p>\n\t<\/div>\n<\/div><div class=\"wpcf7-response-output\" aria-hidden=\"true\"><\/div>\n<\/form>\n<\/div>\n[\/vc_column_text][\/vc_column_inner][\/vc_row_inner][\/vc_column][\/vc_row][vc_row row_content_width=&#8220;grid&#8220;][vc_column]<div class=\"mkdf-elements-holder mkdf-one-column mkdf-responsive-mode-768\" ><div class=\"mkdf-eh-item mkdf-horizontal-alignment-center\"  data-item-class=\"mkdf-eh-custom-823544\" data-1280-1600=\"70px 150px 50px 150px\" data-1024-1280=\"70px 100px 50px 100px\" data-768-1024=\"70px 0px 50px 0px\" data-600-768=\"70px 0px 50px 0px\" data-480-600=\"70px 0px 50px 0px\" data-480=\"70px 0px 50px 0px\">\n\t<div class=\"mkdf-eh-item-inner\">\n\t\t<div class=\"mkdf-eh-item-content mkdf-eh-custom-823544\" style=\"padding: 70px 150px 50px 150px\">\n\t\t\t<div class=\"mkdf-section-title-holder mkdf-st-standard mkdf-st-title-left mkdf-st-normal-space \" >\n\t<div class=\"mkdf-st-inner\">\n\t\t\t\t\t<h2 class=\"mkdf-st-title\" >\n\t\t\t\tFoto vorher und nachher\t\t\t<\/h2>\n\t\t\t\t\t<\/div>\n<\/div>[vc_empty_space]<div class=\"mkdf-image-gallery mkdf-ig-carousel-type \">\n\t<div class=\"mkdf-ig-slider mkdf-owl-slider\" data-number-of-items=\"1\" data-enable-loop=\"yes\" data-enable-autoplay=\"yes\" data-slider-speed=\"5000\" data-slider-speed-animation=\"600\" data-enable-navigation=\"yes\" data-enable-pagination=\"yes\">\n\t\t\t\t\t<div class=\"mkdf-ig-image\">\n\t\t\t\t\t\t\t\t\t<img loading=\"lazy\" decoding=\"async\" width=\"830\" height=\"397\" src=\"https:\/\/pm.trdevel.cz\/wp-content\/uploads\/2021\/09\/ultera-1.jpg\" class=\"attachment-full size-full\" alt=\"\" srcset=\"https:\/\/pm.trdevel.cz\/wp-content\/uploads\/2021\/09\/ultera-1.jpg 830w, https:\/\/pm.trdevel.cz\/wp-content\/uploads\/2021\/09\/ultera-1-300x143.jpg 300w, https:\/\/pm.trdevel.cz\/wp-content\/uploads\/2021\/09\/ultera-1-768x367.jpg 768w, https:\/\/pm.trdevel.cz\/wp-content\/uploads\/2021\/09\/ultera-1-630x300.jpg 630w, https:\/\/pm.trdevel.cz\/wp-content\/uploads\/2021\/09\/ultera-1-600x287.jpg 600w\" sizes=\"auto, (max-width: 830px) 100vw, 830px\" \/>\t\t\t\t\t\t\t<\/div>\n\t\t\t\t\t<div class=\"mkdf-ig-image\">\n\t\t\t\t\t\t\t\t\t<img loading=\"lazy\" decoding=\"async\" width=\"830\" height=\"397\" src=\"https:\/\/pm.trdevel.cz\/wp-content\/uploads\/2021\/09\/ultera-2.jpg\" class=\"attachment-full size-full\" alt=\"\" srcset=\"https:\/\/pm.trdevel.cz\/wp-content\/uploads\/2021\/09\/ultera-2.jpg 830w, https:\/\/pm.trdevel.cz\/wp-content\/uploads\/2021\/09\/ultera-2-300x143.jpg 300w, https:\/\/pm.trdevel.cz\/wp-content\/uploads\/2021\/09\/ultera-2-768x367.jpg 768w, https:\/\/pm.trdevel.cz\/wp-content\/uploads\/2021\/09\/ultera-2-630x300.jpg 630w, https:\/\/pm.trdevel.cz\/wp-content\/uploads\/2021\/09\/ultera-2-600x287.jpg 600w\" sizes=\"auto, (max-width: 830px) 100vw, 830px\" \/>\t\t\t\t\t\t\t<\/div>\n\t\t\t<\/div>\n<\/div>\t\t<\/div>\n\t<\/div>\n<\/div><\/div>[\/vc_column][\/vc_row][vc_row row_content_width=&#8220;grid&#8220; css=&#8220;.vc_custom_1632238008506{padding-top: 70px !important;}&#8220;][vc_column offset=&#8220;vc_col-lg-12&#8243; css=&#8220;.vc_custom_1632140768248{margin-top: -8px !important;}&#8220;]<div class=\"mkdf-elements-holder mkdf-one-column mkdf-responsive-mode-768\" ><div class=\"mkdf-eh-item mkdf-horizontal-alignment-center\"  data-item-class=\"mkdf-eh-custom-692927\" data-1280-1600=\"0px 20% 0px 20%\" data-1024-1280=\"0px 20% 0px 20%\" data-768-1024=\"0px 10% 0px 10%\" data-600-768=\"0 0 0 0\" data-480-600=\"0 0 0 0\" data-480=\"0 0 0 0\">\n\t<div class=\"mkdf-eh-item-inner\">\n\t\t<div class=\"mkdf-eh-item-content mkdf-eh-custom-692927\" style=\"padding: 0px 25% 0px 25%\">\n\t\t\t<div class=\"mkdf-section-title-holder mkdf-st-standard mkdf-st-title-left mkdf-st-normal-space \" style=\"text-align: center\">\n\t<div class=\"mkdf-st-inner\">\n\t\t\t\t\t<h2 class=\"mkdf-st-title\" >\n\t\t\t\tPreisliste\t\t\t<\/h2>\n\t\t\t\t\t<\/div>\n<\/div>[vc_empty_space height=&#8220;25px&#8220;][vc_column_text]<\/p>\n<div id=\"all-events\" class=\"ui-tabs-panel ui-corner-bottom ui-widget-content\" role=\"tabpanel\" aria-labelledby=\"ui-id-1\" aria-hidden=\"false\">\n<table class=\"tt_timetable\">\n<thead>\n<tr class=\"row_gray\">\n<th>Area<\/th>\n<th>Price<\/th>\n<\/tr>\n<\/thead>\n<tbody>\n<tr class=\"row_1\">\n<td style=\"vertical-align: middle; padding: 10px 0px; width: 60%;\">whole face and upper neck lift<\/td>\n<td style=\"color: #37c7be!important; vertical-align: middle;\">53 000 K\u010d<\/td>\n<\/tr>\n<tr class=\"row_gray\">\n<td style=\"vertical-align: middle; padding: 10px 0px; width: 60%;\">browlift<\/td>\n<td style=\"color: #37c7be!important; vertical-align: middle;\">26 500 K\u010d<\/td>\n<\/tr>\n<tr class=\"row\">\n<td style=\"vertical-align: middle; padding: 10px 0px; width: 60%;\">lift of cheeks<\/td>\n<td style=\"color: #37c7be!important; vertical-align: middle; padding: 10px 0px;\">26 500 K\u010d<\/td>\n<\/tr>\n<tr class=\"row\">\n<td style=\"vertical-align: middle; padding: 10px 0px; width: 60%;\">neck area lift<\/td>\n<td style=\"color: #37c7be!important; vertical-align: middle; padding: 10px 0px;\">26 500 K\u010d<\/td>\n<\/tr>\n<tr class=\"row\">\n<td style=\"vertical-align: middle; padding: 10px 0px; width: 60%;\">lower part of face lift<\/td>\n<td style=\"color: #37c7be!important; vertical-align: middle; padding: 10px 0px;\">26 500 K\u010d<\/td>\n<\/tr>\n<tr class=\"row\">\n<td style=\"vertical-align: middle; padding: 10px 0px; width: 60%;\">double chin area lift<\/td>\n<td style=\"color: #37c7be!important; vertical-align: middle; padding: 10px 0px;\">26 500 K\u010d<\/td>\n<\/tr>\n<tr class=\"row\">\n<td style=\"vertical-align: middle; padding: 10px 0px; width: 60%;\">abdomen (up to 200 impulses)<\/td>\n<td style=\"color: #37c7be!important; vertical-align: middle; padding: 10px 0px;\">26 500 K\u010d<\/td>\n<\/tr>\n<tr class=\"row\">\n<td style=\"vertical-align: middle; padding: 10px 0px; width: 60%;\">more than 200 impulses<\/td>\n<td style=\"color: #37c7be!important; vertical-align: middle; padding: 10px 0px;\">199 K\u010d \/ impulse<\/td>\n<\/tr>\n<\/tbody>\n<\/table>\n<div class=\"tt_timetable small \">\n<ul class=\"tt_items_list thin page_margin_top timetable_clearfix\">\n<li class=\"timetable_clearfix\">\n<div class=\"event_container\">whole face and upper neck lift<\/div>\n<div class=\"value\"><span class=\"start-hour\">29 000 K\u010d<\/span><\/div>\n<\/li>\n<li class=\"timetable_clearfix\">\n<div class=\"event_container\">browlift<\/div>\n<div class=\"value\"><span class=\"start-hour\">9 900 K\u010d<\/span><\/div>\n<\/li>\n<li class=\"timetable_clearfix\">\n<div class=\"event_container\">lift of cheeks<\/div>\n<div class=\"value\"><span class=\"start-hour\">20 900 K\u010d<\/span><\/div>\n<\/li>\n<li class=\"timetable_clearfix\">\n<div class=\"event_container\">neck area lift<\/div>\n<div class=\"value\"><span class=\"start-hour\">17 600 K\u010d<\/span><\/div>\n<\/li>\n<li class=\"timetable_clearfix\">\n<div class=\"event_container\">lower part of face lift<\/div>\n<div class=\"value\"><span class=\"start-hour\">25 300 K\u010d<\/span><\/div>\n<\/li>\n<li class=\"timetable_clearfix\">\n<div class=\"event_container\">double chin area lift<\/div>\n<div class=\"value\"><span class=\"start-hour\">15 400 K\u010d<\/span><\/div>\n<\/li>\n<li class=\"timetable_clearfix\">\n<div class=\"event_container\">abdomen (up to 200 impulses)<\/div>\n<div class=\"value\"><span class=\"start-hour\">8 000 K\u010d<\/span><\/div>\n<\/li>\n<li class=\"timetable_clearfix\">\n<div class=\"event_container\">more than 200 impulses<\/div>\n<div class=\"value\"><span class=\"start-hour\">55 K\u010d \/ impulse<\/span><\/div>\n<\/li>\n<\/ul>\n<\/div>\n<\/div>\n<p>[\/vc_column_text][vc_empty_space height=&#8220;37px&#8220;]\t\t<\/div>\n\t<\/div>\n<\/div><\/div>[\/vc_column][\/vc_row][vc_row row_content_width=&#8220;grid&#8220; css=&#8220;.vc_custom_1632239210797{padding-top: 70px !important;}&#8220;][vc_column offset=&#8220;vc_col-lg-12&#8243; css=&#8220;.vc_custom_1632140768248{margin-top: -8px !important;}&#8220;]<div class=\"mkdf-section-title-holder mkdf-st-standard mkdf-st-title-left mkdf-st-normal-space \" style=\"text-align: center\">\n\t<div class=\"mkdf-st-inner\">\n\t\t\t\t\t<h2 class=\"mkdf-st-title\" >\n\t\t\t\tWie funktioniert <span class=\"mkdf-st-title-bold\">SMAS-Lifting?<\/span>\t\t\t<\/h2>\n\t\t\t\t\t<\/div>\n<\/div>[vc_empty_space height=&#8220;9px&#8220;][vc_column_text]Die Ulthera-Therapie besteht aus einer Ultraschallbehandlung des Faserapparates, der Gesichtsmuskulatur und der Epidermis. W\u00e4hrend des Eingriffs werden die B\u00e4nder und die Muskulatur durch die Temperatur beeinflusst, was ihre Kontraktion stimuliert und zu einer Anhebung der Gesichtskonturen und einer Straffung der Haut f\u00fchrt. The action of ultrasound on the facial skin contributes to the production of collagen and elastin fibers, thanks to which the skin is renewed, turned off and toned. W\u00e4hrend des Eingriffs sieht der Arzt alle Hautschichten auf dem Monitor und kontrolliert die Tiefe der Ultraschalluntersuchung. Der Vorgang dauert nur vierzig Minuten. Nach der Sitzung kann der Patient sofort in sein normales Leben zur\u00fcckkehren, eine Ruhezeit ist nicht erforderlich.<\/p>\n<p>Bei 98% der Patienten stellt sich die Wirkung des Ulthera-Systems unmittelbar nach der Behandlung ein und die Haut wird ein halbes Jahr lang gest\u00e4rkt. F\u00fcr die meisten Patienten reicht nur eine Sitzung, um einen sp\u00fcrbaren Lifting-Effekt zu erzielen.[\/vc_column_text][\/vc_column][\/vc_row][vc_row row_content_width=&#8220;grid&#8220;][vc_column]<div class=\"mkdf-elements-holder mkdf-two-columns mkdf-responsive-mode-768\" ><div class=\"mkdf-eh-item mkdf-vertical-alignment-top\"  data-item-class=\"mkdf-eh-custom-691987\" data-1280-1600=\"70px 30px 50px 0\" data-1024-1280=\"70px 30px 50px 0\" data-768-1024=\"70px 30px 50px 0\" data-600-768=\"70px 0px 50px 0\" data-480-600=\"70px 0px 50px 0\" data-480=\"70px 0px 50px 0\">\n\t<div class=\"mkdf-eh-item-inner\">\n\t\t<div class=\"mkdf-eh-item-content mkdf-eh-custom-691987\" style=\"padding: 70px 30px 50px 0\">\n\t\t\t<div class=\"mkdf-section-title-holder mkdf-st-standard mkdf-st-title-left mkdf-st-normal-space \" >\n\t<div class=\"mkdf-st-inner\">\n\t\t\t\t\t<h2 class=\"mkdf-st-title\" >\n\t\t\t\tVor dem Verfahren\t\t\t<\/h2>\n\t\t\t\t\t\t\t<p class=\"mkdf-st-text\" >\n\t\t\t\tEs ist keine besondere Vorbereitung erforderlich.\t\t\t<\/p>\n\t\t\t<\/div>\n<\/div>[vc_empty_space height=&#8220;25px&#8220;]\t\t<\/div>\n\t<\/div>\n<\/div><div class=\"mkdf-eh-item mkdf-vertical-alignment-top\"  data-item-class=\"mkdf-eh-custom-651797\" data-1280-1600=\"70px 30px 50px 0\" data-1024-1280=\"70px 30px 50px 0\" data-768-1024=\"70px 30px 50px 0\" data-600-768=\"70px 0px 50px 0\" data-480-600=\"70px 0px 50px 0\" data-480=\"70px 0px 50px 0\">\n\t<div class=\"mkdf-eh-item-inner\">\n\t\t<div class=\"mkdf-eh-item-content mkdf-eh-custom-651797\" style=\"padding: 70px 30px 50px 0\">\n\t\t\t<div class=\"mkdf-section-title-holder mkdf-st-standard mkdf-st-title-left mkdf-st-normal-space \" >\n\t<div class=\"mkdf-st-inner\">\n\t\t\t\t\t<h2 class=\"mkdf-st-title\" >\n\t\t\t\tRegeneration\t\t\t<\/h2>\n\t\t\t\t\t<\/div>\n<\/div>[vc_column_text]Eine Rekonvaleszenz ist nicht erforderlich, da es sich um ein nicht-invasives Verfahren handelt. [\/vc_column_text][vc_empty_space height=&#8220;25px&#8220;]\t\t<\/div>\n\t<\/div>\n<\/div><\/div>[\/vc_column][\/vc_row][vc_row css=&#8220;.vc_custom_1632322238998{padding-top: 50px !important;}&#8220;][vc_column css=&#8220;.vc_custom_1492767171698{padding-top: 0px !important;}&#8220;]<div class=\"mkdf-elements-holder mkdf-two-columns mkdf-responsive-mode-768\" ><div class=\"mkdf-eh-item \" style=\"background-image: url(https:\/\/pm.trdevel.cz\/wp-content\/uploads\/2021\/09\/doctor-man-consulting-patient-while-filling-up-application-form-desk-hospital-scaled.jpg)\" data-item-class=\"mkdf-eh-custom-993458\" data-600-768=\"260px 0\" data-480-600=\"200px 0\" data-480=\"200px 0\">\n\t<div class=\"mkdf-eh-item-inner\">\n\t\t<div class=\"mkdf-eh-item-content mkdf-eh-custom-993458\" >\n\t\t\t\t\t<\/div>\n\t<\/div>\n<\/div><div class=\"mkdf-eh-item \"  data-item-class=\"mkdf-eh-custom-264666\" data-1280-1600=\"110px 15% 120px 15%\" data-1024-1280=\"100px 13% 105px 14%\" data-768-1024=\"75px 11% 90px 10%\" data-600-768=\"75px 11% 90px 10%\" data-480-600=\"60px 10% 85px 10%\" data-480=\"60px 10% 85px 10%\">\n\t<div class=\"mkdf-eh-item-inner\">\n\t\t<div class=\"mkdf-eh-item-content mkdf-eh-custom-264666\" style=\"padding: 100px 19% 100px 16%\">\n\t\t\t<div class=\"mkdf-section-title-holder mkdf-st-standard mkdf-st-title-left mkdf-st-normal-space \" >\n\t<div class=\"mkdf-st-inner\">\n\t\t\t\t\t<h2 class=\"mkdf-st-title\" >\n\t\t\t\tKontraindikation\t\t\t<\/h2>\n\t\t\t\t\t<\/div>\n<\/div>[vc_column_text]Wir empfehlen Ulthera nicht bei offenen Wunden an der Eingriffsstelle oder bei Entz\u00fcndungen, was auch bei schwerer Akne zutrifft. Auch bei Hautverbrennungen und in folgenden F\u00e4llen ist eine Behandlung nicht m\u00f6glich:<\/p>\n<ul>\n<li>Schwangerschaft und Stillzeit<\/li>\n<li>ansteckende und entz\u00fcndliche Erkrankungen<\/li>\n<li>Diabetes<\/li>\n<li>Epilepsie<\/li>\n<\/ul>\n<p>[\/vc_column_text][vc_empty_space height=&#8220;25px&#8220;]\t\t<\/div>\n\t<\/div>\n<\/div><\/div>[\/vc_column][\/vc_row]<\/p>\n","protected":false},"excerpt":{"rendered":"<p>[vc_row row_content_width=&#8220;grid&#8220; css=&#8220;.vc_custom_1632239210797{padding-top: 70px !important;}&#8220;][vc_column offset=&#8220;vc_col-lg-12&#8243; css=&#8220;.vc_custom_1632140768248{margin-top: -8px !important;}&#8220;][vc_empty_space height=&#8220;9px&#8220;][vc_column_text]Ulthera Lifting ist eine einzigartige Facelift- Instrumentalmethode, die mit der plastischen Chirurgie konkurriert und f\u00fcr Kunden gedacht ist, die nach nicht-chirurgischen Verj\u00fcngungsmethoden suchen. Die Ulthera- Therapie konzentriert sich auf die nicht-invasive [&hellip;]<\/p>\n","protected":false},"author":1,"featured_media":0,"parent":0,"menu_order":0,"comment_status":"closed","ping_status":"closed","template":"full-width.php","meta":{"footnotes":""},"class_list":["post-18062","page","type-page","status-publish","hentry"],"acf":[],"_links":{"self":[{"href":"https:\/\/pm.trdevel.cz\/de\/wp-json\/wp\/v2\/pages\/18062","targetHints":{"allow":["GET"]}}],"collection":[{"href":"https:\/\/pm.trdevel.cz\/de\/wp-json\/wp\/v2\/pages"}],"about":[{"href":"https:\/\/pm.trdevel.cz\/de\/wp-json\/wp\/v2\/types\/page"}],"author":[{"embeddable":true,"href":"https:\/\/pm.trdevel.cz\/de\/wp-json\/wp\/v2\/users\/1"}],"replies":[{"embeddable":true,"href":"https:\/\/pm.trdevel.cz\/de\/wp-json\/wp\/v2\/comments?post=18062"}],"version-history":[{"count":4,"href":"https:\/\/pm.trdevel.cz\/de\/wp-json\/wp\/v2\/pages\/18062\/revisions"}],"predecessor-version":[{"id":22676,"href":"https:\/\/pm.trdevel.cz\/de\/wp-json\/wp\/v2\/pages\/18062\/revisions\/22676"}],"wp:attachment":[{"href":"https:\/\/pm.trdevel.cz\/de\/wp-json\/wp\/v2\/media?parent=18062"}],"curies":[{"name":"wp","href":"https:\/\/api.w.org\/{rel}","templated":true}]}}