{"id":14040,"date":"2021-10-09T09:18:00","date_gmt":"2021-10-09T09:18:00","guid":{"rendered":"https:\/\/pm.trdevel.cz\/nas-tym\/"},"modified":"2023-08-21T09:44:49","modified_gmt":"2023-08-21T09:44:49","slug":"nasha-komanda","status":"publish","type":"page","link":"https:\/\/pm.trdevel.cz\/ru\/nasha-komanda\/","title":{"rendered":"\u041d\u0430\u0448\u0430 \u043a\u043e\u043c\u0430\u043d\u0434\u0430"},"content":{"rendered":"<p>[vc_row css=&#187;.vc_custom_1640466215659{padding-top: 50px !important;}&#187;][vc_column css=&#187;.vc_custom_1492767171698{padding-top: 0px !important;}&#187;]<div class=\"mkdf-section-title-holder mkdf-st-standard mkdf-st-title-left mkdf-st-normal-space \" style=\"text-align: center\">\n\t<div class=\"mkdf-st-inner\">\n\t\t\t\t\t<h1 class=\"mkdf-st-title\" >\n\t\t\t\t\u041d\u0430\u0448\u0438 \u0441\u043f\u0435\u0446\u0438\u0430\u043b\u0438\u0441\u0442\u044b\t\t\t<\/h1>\n\t\t\t\t\t<\/div>\n<\/div>[vc_empty_space height=&#187;20px&#187;][\/vc_column][\/vc_row][vc_row disable_element=&#187;yes&#187; css=&#187;.vc_custom_1646135980058{padding-top: 7% !important;padding-right: 10% !important;padding-left: 10% !important;}&#187;][vc_column width=&#187;2\/3&#8243; css=&#187;.vc_custom_1640468852487{padding-top: 0px !important;padding-right: 5% !important;padding-left: 5% !important;}&#187;]<div class=\"mkdf-section-title-holder mkdf-st-standard mkdf-st-title-left mkdf-st-normal-space \" >\n\t<div class=\"mkdf-st-inner\">\n\t\t\t\t\t<h2 class=\"mkdf-st-title\" >\n\t\t\t\t\u0421\u043e\u043d\u044f \u041a\u0440\u0436\u0435\u043c\u0435\u043d\u043e\u0432\u0430, M.D.\t\t\t<\/h2>\n\t\t\t\t\t<\/div>\n<\/div>[vc_empty_space height=&#187;25px&#187;][vc_column_text]<strong>\u041e\u0431\u0443\u0447\u0435\u043d\u0438\u0435 \u0438 \u043a\u0443\u0440\u0441\u044b \u043f\u043e \u043f\u043e\u0432\u044b\u0448\u0435\u043d\u0438\u044e \u043a\u0432\u0430\u043b\u0438\u0444\u0438\u043a\u0430\u0446\u0438\u0438:<\/strong><br \/>\n\u0440\u0435\u0433\u0443\u043b\u044f\u0440\u043d\u043e\u0435 \u043f\u043e\u0441\u0435\u0449\u0435\u043d\u0438\u0435 \u043f\u0440\u043e\u0444\u0435\u0441\u0441\u0438\u043e\u043d\u0430\u043b\u044c\u043d\u044b\u0445 \u0443\u0447\u0435\u0431\u043d\u044b\u0445 \u043c\u0435\u0440\u043e\u043f\u0440\u0438\u044f\u0442\u0438\u0439, \u043a\u0430\u0441\u0430\u044e\u0449\u0438\u0445\u0441\u044f \u043f\u0440\u043e\u0444\u0435\u0441\u0441\u0438\u043e\u043d\u0430\u043b\u044c\u043d\u043e\u0439 \u0434\u0435\u044f\u0442\u0435\u043b\u044c\u043d\u043e\u0441\u0442\u0438;<br \/>\n\u0443\u0447\u0430\u0441\u0442\u0438\u0435 \u0432 \u043f\u0440\u043e\u0444\u0435\u0441\u0441\u0438\u043e\u043d\u0430\u043b\u044c\u043d\u043e-\u043e\u0431\u0440\u0430\u0437\u043e\u0432\u0430\u0442\u0435\u043b\u044c\u043d\u044b\u0445 \u043a\u043e\u043d\u0444\u0435\u0440\u0435\u043d\u0446\u0438\u044f\u0445;<br \/>\n\u043a\u043e\u0440\u0440\u0435\u043a\u0442\u0438\u0440\u0443\u044e\u0449\u0430\u044f \u0434\u0435\u0440\u043c\u0430\u0442\u043e\u043b\u043e\u0433\u0438\u044f \u0438 \u043a\u043e\u0441\u043c\u0435\u0442\u043e\u043b\u043e\u0433\u0438\u044f \u0427\u0435\u0448\u0441\u043a\u043e\u0439 \u043c\u0435\u0434\u0438\u0446\u0438\u043d\u0441\u043a\u043e\u0439 \u0430\u0441\u0441\u043e\u0446\u0438\u0430\u0446\u0438\u0438 \u0441 \u0441\u043e\u043e\u0442\u0432\u0435\u0442\u0441\u0442\u0432\u0443\u044e\u0449\u0438\u043c\u0438 \u0441\u0435\u0440\u0442\u0438\u0444\u0438\u043a\u0430\u0442\u0430\u043c\u0438;<br \/>\n\u043b\u0438\u0446\u0435\u043d\u0437\u0438\u0438 \u043d\u0430 \u0432\u044b\u043f\u043e\u043b\u043d\u0435\u043d\u0438\u0435 \u0444\u0443\u043d\u043a\u0446\u0438\u0439 \u0433\u043b\u0430\u0432\u043d\u043e\u0433\u043e \u0432\u0440\u0430\u0447\u0430 \u0438 \u0440\u0443\u043a\u043e\u0432\u043e\u0434\u0438\u0442\u0435\u043b\u044f \u043a\u043b\u0438\u043d\u0438\u043a\u0438 \u0432 \u043e\u0431\u043b\u0430\u0441\u0442\u0438 \u0434\u0435\u0440\u043c\u0430\u0442\u043e\u0432\u0435\u043d\u0435\u0440\u043e\u043b\u043e\u0433\u0438\u0438, \u0430 \u0442\u0430\u043a \u0436\u0435 \u043b\u0438\u0446\u0435\u043d\u0437\u0438\u0438 \u043d\u0430 \u0447\u0430\u0441\u0442\u043d\u0443\u044e \u043c\u0435\u0434\u0438\u0446\u0438\u043d\u0441\u043a\u0443\u044e \u043f\u0440\u0430\u043a\u0442\u0438\u043a\u0443, \u043f\u0440\u0435\u043f\u043e\u0434\u0430\u0432\u0430\u0442\u0435\u043b\u044c\u0441\u043a\u0443\u044e \u0434\u0435\u044f\u0442\u0435\u043b\u044c\u043d\u043e\u0441\u0442\u044c \u0438 \u043e\u043a\u0430\u0437\u0430\u043d\u0438\u0435 \u043a\u043e\u043d\u0441\u0443\u043b\u044c\u0442\u0430\u0446\u0438\u043e\u043d\u043d\u044b\u0445 \u0443\u0441\u043b\u0443\u0433 \u0432 \u043e\u0431\u043b\u0430\u0441\u0442\u0438 \u0434\u0435\u0440\u043c\u0430\u0442\u043e\u0432\u0435\u043d\u0435\u0440\u043e\u043b\u043e\u0433\u0438\u0438.[\/vc_column_text][vc_row_inner][vc_column_inner width=&#187;2\/3&#8243;][vc_column_text]<strong>\u041e\u043f\u044b\u0442 \u0440\u0430\u0431\u043e\u0442\u044b:<\/strong><\/p>\n<ul>\n<li>\u0412\u0440\u0430\u0447 \u043e\u0442\u0434\u0435\u043b\u0435\u043d\u0438\u044f \u0434\u0435\u0440\u043c\u0430\u0442\u043e\u043b\u043e\u0433\u0438\u0438 \u0431\u043e\u043b\u044c\u043d\u0438\u0446\u044b \u0438 \u043f\u043e\u043b\u0438\u043a\u043b\u0438\u043d\u0438\u043a\u0438 \u041f\u0430\u0440\u0434\u0443\u0431\u0438\u0446\u0435.<\/li>\n<li>\u0412\u0440\u0430\u0447 \u043e\u0442\u0434\u0435\u043b\u0435\u043d\u0438\u044f \u0434\u0435\u0440\u043c\u0430\u0442\u043e\u043b\u043e\u0433\u0438\u0438 \u0431\u043e\u043b\u044c\u043d\u0438\u0446\u044b \u0438 \u043f\u043e\u043b\u0438\u043a\u043b\u0438\u043d\u0438\u043a\u0438 Trutnov.<\/li>\n<li>\u0412\u0440\u0430\u0447, \u0437\u0430\u0442\u0435\u043c \u0432\u0435\u0434\u0443\u0449\u0438\u0439 \u0432\u0440\u0430\u0447 \u043e\u0442\u0434\u0435\u043b\u0435\u043d\u0438\u044f \u0434\u0435\u0440\u043c\u0430\u0442\u043e\u043b\u043e\u0433\u0438\u0438 O\u00daNZ \u041f\u0440\u0430\u0433\u0430 10.<\/li>\n<li>\u0412\u0440\u0430\u0447-\u0432\u0435\u043d\u0435\u0440\u043e\u043b\u043e\u0433 \u0438 \u0432\u0440\u0430\u0447-\u0434\u0435\u0440\u043c\u0430\u0442\u043e\u043b\u043e\u0433 \u0432 \u043a\u043e\u0436\u043d\u043e\u0439 \u043a\u043b\u0438\u043d\u0438\u043a\u0435 Fakultn\u00ed nemocnice.<\/li>\n<li>\u0414\u0435\u0440\u043c\u0430\u0442\u043e\u043b\u043e\u0433\u0438\u0447\u0435\u0441\u043a\u0430\u044f \u043a\u043b\u0438\u043d\u0438\u043a\u0430 Kr\u00e1lovsk\u00e9 Vinohrady (FNKV) \u041f\u0440\u0430\u0433\u0430.<\/li>\n<li>\u0420\u0443\u043a\u043e\u0432\u043e\u0434\u0438\u0442\u0435\u043b\u044c \u0434\u0435\u0440\u043c\u0430\u0442\u043e\u043b\u043e\u0433\u0438\u0447\u0435\u0441\u043a\u043e\u0439 \u043a\u043b\u0438\u043d\u0438\u043a\u0438 Kr\u00e1lovsk\u00e9 Vinohrady (FNKV) \u0432 \u041f\u0440\u0430\u0433\u0435.<\/li>\n<\/ul>\n<p>[\/vc_column_text][\/vc_column_inner][vc_column_inner width=&#187;1\/3&#8243;][vc_column_text]<strong>\u0421\u043f\u0435\u0446\u0438\u0430\u043b\u0438\u0437\u0430\u0446\u0438\u044f:<\/strong><br \/>\n\u0434\u0435\u0440\u043c\u0430\u0442\u043e\u0432\u0435\u043d\u0435\u0440\u043e\u043b\u043e\u0433\u0438\u044f<\/p>\n<p><strong>\u041e\u0431\u0440\u0430\u0437\u043e\u0432\u0430\u043d\u0438\u0435:<\/strong><br \/>\n\u041c\u0435\u0434\u0438\u0446\u0438\u043d\u0441\u043a\u0438\u0439 \u0444\u0430\u043a\u0443\u043b\u044c\u0442\u0435\u0442 \u041a\u0430\u0440\u043b\u043e\u0432\u0430 \u0443\u043d\u0438\u0432\u0435\u0440\u0441\u0438\u0442\u0435\u0442\u0430 \u0432 \u041f\u0440\u0430\u0433\u0435<br \/>\n\u0410\u0442\u0442\u0435\u0441\u0442\u0430\u0446\u0438\u044f 1-\u043e\u0439 \u0441\u0442\u0435\u043f\u0435\u043d\u0438 \u0432 \u0434\u0435\u0440\u043c\u0430\u0442\u043e\u0432\u0435\u043d\u0435\u0440\u043e\u043b\u043e\u0433\u0438\u0438<br \/>\n\u0410\u0442\u0442\u0435\u0441\u0442\u0430\u0446\u0438\u044f 2-\u043e\u0439 \u0441\u0442\u0435\u043f\u0435\u043d\u0438 \u0432 \u0434\u0435\u0440\u043c\u0430\u0442\u043e\u0432\u0435\u043d\u0435\u0440\u043e\u043b\u043e\u0433\u0438\u0438[\/vc_column_text][\/vc_column_inner][\/vc_row_inner][vc_empty_space height=&#187;20px&#187;][\/vc_column][vc_column width=&#187;1\/3&#8243; offset=&#187;vc_hidden-xs&#187;]<div class=\"mkdf-elements-holder mkdf-one-column mkdf-responsive-mode-768\" ><div class=\"mkdf-eh-item mkdf-horizontal-alignment-center\"  data-item-class=\"mkdf-eh-custom-560112\">\n\t<div class=\"mkdf-eh-item-inner\">\n\t\t<div class=\"mkdf-eh-item-content mkdf-eh-custom-560112\" >\n\t\t\t[vc_single_image image=&#187;14978&#8243; img_size=&#187;full&#187; alignment=&#187;center&#187;]\t\t<\/div>\n\t<\/div>\n<\/div><\/div>[\/vc_column][\/vc_row][vc_row css=&#187;.vc_custom_1640466397981{padding-top: 7% !important;padding-right: 10% !important;padding-left: 10% !important;}&#187;][vc_column width=&#187;1\/3&#8243; css=&#187;.vc_custom_1640470220627{padding-top: 0px !important;}&#187; offset=&#187;vc_hidden-xs&#187;]<div class=\"mkdf-elements-holder mkdf-two-columns mkdf-responsive-mode-768\" ><div class=\"mkdf-eh-item mkdf-horizontal-alignment-right\"  data-item-class=\"mkdf-eh-custom-210410\">\n\t<div class=\"mkdf-eh-item-inner\">\n\t\t<div class=\"mkdf-eh-item-content mkdf-eh-custom-210410\" >\n\t\t\t[vc_single_image image=&#187;14962&#8243; img_size=&#187;full&#187; alignment=&#187;center&#187;]\t\t<\/div>\n\t<\/div>\n<\/div><\/div>[\/vc_column][vc_column width=&#187;2\/3&#8243; css=&#187;.vc_custom_1640468859687{padding-right: 5% !important;padding-left: 5% !important;}&#187;]<div class=\"mkdf-section-title-holder mkdf-st-standard mkdf-st-title-left mkdf-st-normal-space \" >\n\t<div class=\"mkdf-st-inner\">\n\t\t\t\t\t<h2 class=\"mkdf-st-title\" >\n\t\t\t\t\u0412\u043b\u0430\u0441\u0442\u0438\u043c\u0438\u043b \u0412\u0438\u0448\u0435\u043a, \u043a\u0430\u043d\u0434\u0438\u0434\u0430\u0442 \u043d\u0430\u0443\u043a\t\t\t<\/h2>\n\t\t\t\t\t<\/div>\n<\/div>[vc_empty_space height=&#187;25px&#187;][vc_row_inner][vc_column_inner width=&#187;1\/2&#8243;][vc_column_text]<strong>\u041e\u043f\u044b\u0442:<\/strong><\/p>\n<ul>\n<li>\u0438\u043d\u0442\u0435\u0440\u043d\u0430\u0442\u0443\u0440\u0430 \u0432 \u0445\u0438\u0440\u0443\u0440\u0433\u0438\u0447\u0435\u0441\u043a\u043e\u043c \u043e\u0442\u0434\u0435\u043b\u0435\u043d\u0438\u0438 \u0424\u0430\u043a\u0443\u043b\u044c\u0442\u0435\u0442\u0441\u043a\u043e\u0439 \u043a\u043b\u0438\u043d\u0438\u043a\u0438 Kr\u00e1lovsk\u00e9 Vinohrady<\/li>\n<li>\u0441\u0442\u0430\u0440\u0448\u0438\u0439 \u043a\u0443\u0440\u0430\u0442\u043e\u0440 \u0432 \u043e\u0442\u0434\u0435\u043b\u0435\u043d\u0438\u0438 \u043f\u043b\u0430\u0441\u0442\u0438\u0447\u0435\u0441\u043a\u043e\u0439 \u0445\u0438\u0440\u0443\u0440\u0433\u0438\u0438 \u0424\u0430\u043a\u0443\u043b\u044c\u0442\u0435\u0442\u0441\u043a\u043e\u0439 \u043a\u043b\u0438\u043d\u0438\u043a\u0438 Kr\u00e1lovsk\u00e9 Vinohrady<\/li>\n<li>\u044d\u043a\u0441\u043f\u0435\u0440\u0442 \u0432 \u043e\u0431\u043b\u0430\u0441\u0442\u0438 \u043f\u043b\u0430\u0441\u0442\u0438\u0447\u0435\u0441\u043a\u043e\u0439 \u0445\u0438\u0440\u0443\u0440\u0433\u0438\u0438 \u043f\u043e \u041f\u0440\u0430\u0433\u0435 4<\/li>\n<li>\u0437\u0430\u0432\u0435\u0434\u0443\u044e\u0449\u0438\u0439 \u043e\u0442\u0434\u0435\u043b\u0435\u043d\u0438\u0435\u043c \u0445\u0438\u0440\u0443\u0440\u0433\u0438\u0438 \u0432 \u043f\u043e\u043b\u0438\u043a\u043b\u0438\u043d\u0438\u043a\u0435 \u041f\u0440\u0430\u0433\u0430-\u041f\u043e\u0434\u043e\u043b\u0438<\/li>\n<li>\u0433\u043b\u0430\u0432\u0432\u0440\u0430\u0447 \u0447\u0430\u0441\u0442\u043d\u044b\u0445 \u043a\u043b\u0438\u043d\u0438\u043a: L\u00e9ka\u0159sk\u00fd d\u016fm \u0432 \u041f\u0440\u0430\u0433\u0435 7, Iscare, MEDICOM, GHC, Esthesia<\/li>\n<li>\u0432\u043d\u0435\u0448\u043d\u0438\u0439 \u0441\u043e\u0442\u0440\u0443\u0434\u043d\u0438\u043a \u043a\u043b\u0438\u043d\u0438\u043a: CLT \u0432 \u0422\u0435\u043f\u043b\u0438\u0446\u0435, GiSant \u0432 \u041a\u0430\u0440\u043b\u043e\u0432\u044b\u0445 \u0412\u0430\u0440\u0430\u0445, \u0433\u043e\u0440\u043e\u0434\u0441\u043a\u0430\u044f \u0431\u043e\u043b\u044c\u043d\u0438\u0446\u0430 \u0432 \u041d\u0438\u043c\u0431\u0443\u0440\u0433\u0435, GRAND Clinic<\/li>\n<\/ul>\n<p><strong>\u0417\u0430\u0433\u0440\u0430\u043d\u0438\u0447\u043d\u044b\u0435 \u043f\u0440\u0430\u043a\u0442\u0438\u043a\u0438 \u0438 \u0441\u0442\u0430\u0436\u0438\u0440\u043e\u0432\u043a\u0438:<\/strong><br \/>\n\u0421\u0430\u043d\u043a\u0442-\u041f\u0435\u0442\u0435\u0440\u0431\u0443\u0440\u0433, \u041b\u043e\u043d\u0434\u043e\u043d, \u0420\u043e\u0442\u0442\u0435\u0440\u0434\u0430\u043c, \u0412\u0435\u043d\u0430, \u0412\u0430\u043b\u043a\u0435\u043d\u0431\u0443\u0440\u0433-\u0430\u043d-\u0434\u0435-\u0413\u0451\u043b, \u041d\u044c\u044e-\u0419\u043e\u0440\u043a, \u0421\u0430\u043d-\u0424\u0440\u0430\u043d\u0446\u0438\u0441\u043a\u043e, \u041f\u0430\u043b\u043e-\u0410\u043b\u044c\u0442\u043e, \u0421\u0430\u043d-\u0414\u0438\u0435\u0433\u043e<\/p>\n<p><strong>\u041f\u0440\u0435\u043f\u043e\u0434\u0430\u0432\u0430\u0442\u0435\u043b\u044c\u0441\u043a\u0430\u044f \u0438 \u043f\u0443\u0431\u043b\u0438\u0446\u0438\u0441\u0442\u0438\u0447\u0435\u0441\u043a\u0430\u044f \u0434\u0435\u044f\u0442\u0435\u043b\u044c\u043d\u043e\u0441\u0442\u044c:<\/strong><br \/>\n\u0410\u0432\u0442\u043e\u0440 \u0438 \u0441\u043e\u0430\u0432\u0442\u043e\u0440 45 \u0441\u043f\u0435\u0446\u0438\u0430\u043b\u0438\u0437\u0438\u0440\u043e\u0432\u0430\u043d\u043d\u044b\u0445 \u043b\u0435\u043a\u0446\u0438\u0439 \u0438 \u043f\u0443\u0431\u043b\u0438\u043a\u0430\u0446\u0438\u0439 \u043d\u0430 \u0447\u0435\u0448\u0441\u043a\u043e\u043c, \u0440\u0443\u0441\u0441\u043a\u043e\u043c \u0438 \u0430\u043d\u0433\u043b\u0438\u0439\u0441\u043a\u043e\u043c \u044f\u0437\u044b\u043a\u0430\u0445.<br \/>\n\u0410\u0432\u0442\u043e\u0440 \u043d\u0435\u0441\u043a\u043e\u043b\u044c\u043a\u0438\u0445 \u0441\u043e\u0442\u0435\u043d \u043e\u0431\u0440\u0430\u0437\u043e\u0432\u0430\u0442\u0435\u043b\u044c\u043d\u044b\u0445 \u0441\u0442\u0430\u0442\u0435\u0439 \u0434\u043b\u044f \u043f\u0435\u0447\u0430\u0442\u043d\u044b\u0445 \u0438\u0437\u0434\u0430\u043d\u0438\u0439, \u0442\u0435\u043b\u0435- \u0438 \u0440\u0430\u0434\u0438\u043e- \u043f\u0435\u0440\u0435\u0434\u0430\u0447.[\/vc_column_text][\/vc_column_inner][vc_column_inner width=&#187;1\/2&#8243;][vc_column_text]<strong>\u0421\u043f\u0435\u0446\u0438\u0430\u043b\u044c\u043d\u043e\u0441\u0442\u044c:<\/strong><br \/>\n\u041f\u043b\u0430\u0441\u0442\u0438\u0447\u0435\u0441\u043a\u0430\u044f \u0445\u0438\u0440\u0443\u0440\u0433\u0438\u044f<\/p>\n<p><strong>\u041e\u0431\u0440\u0430\u0437\u043e\u0432\u0430\u043d\u0438\u0435:<\/strong><br \/>\n\u041c\u0435\u0434\u0438\u0446\u0438\u043d\u0441\u043a\u0438\u0439 \u0444\u0430\u043a\u0443\u043b\u044c\u0442\u0435\u0442 \u041a\u0430\u0440\u043b\u043e\u0432\u0430 \u0423\u043d\u0438\u0432\u0435\u0440\u0441\u0438\u0442\u0435\u0442\u0430 \u0432 \u041f\u0440\u0430\u0433\u0435<br \/>\n\u0410\u0442\u0442\u0435\u0441\u0442\u0430\u0446\u0438\u044f 1-\u043e\u0439 \u0441\u0442\u0435\u043f\u0435\u043d\u0438 \u043f\u043e \u0441\u043f\u0435\u0446\u0438\u0430\u043b\u044c\u043d\u043e\u0441\u0442\u0438 \u00ab\u0445\u0438\u0440\u0443\u0440\u0433\u0438\u044f\u00bb<br \/>\n\u0410\u0442\u0442\u0435\u0441\u0442\u0430\u0446\u0438\u044f 2-\u043e\u0439 \u0441\u0442\u0435\u043f\u0435\u043d\u0438 \u043f\u043e \u0441\u043f\u0435\u0446\u0438\u0430\u043b\u044c\u043d\u043e\u0441\u0442\u0438 \u00ab\u043f\u043b\u0430\u0441\u0442\u0438\u0447\u0435\u0441\u043a\u0430\u044f \u0445\u0438\u0440\u0443\u0440\u0433\u0438\u044f\u00bb<\/p>\n<p>\u0421\u0442\u0435\u043f\u0435\u043d\u044c \u043a\u0430\u043d\u0434\u0438\u0434\u0430\u0442\u0430 \u043d\u0430\u0443\u043a<br \/>\n\u0421\u0443\u0434\u0435\u0431\u043d\u043e-\u043c\u0435\u0434\u0438\u0446\u0438\u043d\u0441\u043a\u0438\u0439 \u044d\u043a\u0441\u043f\u0435\u0440\u0442 \u0432 \u043e\u0431\u043b\u0430\u0441\u0442\u0438 \u00ab\u0425\u0438\u0440\u0443\u0440\u0433\u0438\u044f\u00bb \u043f\u043e \u0441\u043f\u0435\u0446\u0438\u0430\u043b\u044c\u043d\u043e\u0441\u0442\u0438 \u00ab\u041f\u043b\u0430\u0441\u0442\u0438\u0447\u0435\u0441\u043a\u0430\u044f \u0445\u0438\u0440\u0443\u0440\u0433\u0438\u044f\u00bb<\/p>\n<p><strong>\u0421\u0435\u0440\u0442\u0438\u0444\u0438\u043a\u0430\u0442\u044b \u0438 \u043a\u0443\u0440\u0441\u044b:<\/strong><br \/>\n\u041b\u0438\u0446\u0435\u043d\u0437\u0438\u044f \u043d\u0430 \u0432\u0440\u0430\u0447\u0435\u0431\u043d\u0443\u044e \u043f\u0440\u0430\u043a\u0442\u0438\u043a\u0443 \u043f\u043e \u0441\u043f\u0435\u0446\u0438\u0430\u043b\u044c\u043d\u043e\u0441\u0442\u0438 \u00ab\u0425\u0438\u0440\u0443\u0440\u0433\u0438\u044f \u0438 \u043f\u043b\u0430\u0441\u0442\u0438\u0447\u0435\u0441\u043a\u0430\u044f \u0445\u0438\u0440\u0443\u0440\u0433\u0438\u044f\u00bb \u043e\u0442 \u010cLK (\u010cesk\u00e1 l\u00e9ka\u0159sk\u00e1 komora)<br \/>\n\u0414\u0438\u043f\u043b\u043e\u043c \u043e \u043f\u043e\u0436\u0438\u0437\u043d\u0435\u043d\u043d\u043e\u0439 \u0430\u043a\u043a\u0440\u0435\u0434\u0438\u0442\u0430\u0446\u0438\u0438, \u0432\u044b\u0434\u0430\u043d\u043d\u044b\u0439 \u010cLK (\u010cesk\u00e1 l\u00e9ka\u0159sk\u00e1 komora)<br \/>\n\u041b\u0438\u0446\u0435\u043d\u0437\u0438\u044f \u043d\u0430 \u0438\u0441\u043f\u043e\u043b\u043d\u0435\u043d\u0438\u0435 \u043e\u0431\u044f\u0437\u0430\u043d\u043d\u043e\u0441\u0442\u0435\u0439 \u0437\u0430\u0432\u0435\u0434\u0443\u044e\u0449\u0435\u0433\u043e \u043e\u0442\u0434\u0435\u043b\u0435\u043d\u0438\u0435\u043c \u0438 \u0432\u0435\u0434\u0443\u0449\u0435\u0433\u043e \u0441\u043f\u0435\u0446\u0438\u0430\u043b\u0438\u0441\u0442\u0430 \u0432 \u043c\u0435\u0434\u0438\u0446\u0438\u043d\u0441\u043a\u0438\u0445 \u0443\u0447\u0440\u0435\u0436\u0434\u0435\u043d\u0438\u044f\u0445 \u043e\u0442 \u010cLK (\u010cesk\u00e1 l\u00e9ka\u0159sk\u00e1 komora)[\/vc_column_text][\/vc_column_inner][\/vc_row_inner][vc_empty_space height=&#187;20px&#187;][\/vc_column][\/vc_row][vc_row disable_element=&#187;yes&#187; css=&#187;.vc_custom_1692611084819{padding-top: 7% !important;padding-right: 10% !important;padding-left: 10% !important;}&#187;][vc_column width=&#187;2\/3&#8243; css=&#187;.vc_custom_1645457376194{padding-top: 0px !important;}&#187;]<div class=\"mkdf-section-title-holder mkdf-st-standard mkdf-st-title-left mkdf-st-normal-space \" >\n\t<div class=\"mkdf-st-inner\">\n\t\t\t\t\t<h2 class=\"mkdf-st-title\" >\n\t\t\t\t\u0411\u043e\u0433\u0434\u0430\u043d\u0430 \u0422\u043e\u0434\u043e\u0440\u043e\u0432\u0430\t\t\t<\/h2>\n\t\t\t\t\t\t\t<h4 class=\"mkdf-st-text\" >\n\t\t\t\t\u043c\u0435\u0434\u0438\u043a\t\t\t<\/h4>\n\t\t\t<\/div>\n<\/div>[vc_empty_space height=&#187;25px&#187;][vc_row_inner][vc_column_inner width=&#187;2\/3&#8243;][vc_column_text]<strong>\u0417\u0430\u0432\u0435\u0440\u0448\u0435\u043d\u043d\u044b\u0435 \u043a\u0443\u0440\u0441\u044b \u043f\u043e \u043f\u0440\u043e\u0444\u0435\u0441\u0441\u0438\u043e\u043d\u0430\u043b\u044c\u043d\u043e\u0439 \u043f\u043e\u0434\u0433\u043e\u0442\u043e\u0432\u043a\u0435 \u0432 \u0440\u0430\u043c\u043a\u0430\u0445 \u043d\u0435\u043f\u0440\u0435\u0440\u044b\u0432\u043d\u043e\u0433\u043e \u043e\u0431\u0440\u0430\u0437\u043e\u0432\u0430\u043d\u0438\u044f \u0432\u0440\u0430\u0447\u0435\u0439:<\/strong><\/p>\n<ul>\n<li>2017 &#8212; \u041a\u043e\u0441\u043c\u0435\u0442\u043e\u043b\u043e\u0433\u0438\u0447\u0435\u0441\u043a\u0438\u0435 \u043a\u0443\u0440\u0441\u044b, \u041e\u0434\u0435\u0441\u0441\u0430.<\/li>\n<li>2019 &#8212; \u041a\u0443\u0440\u0441 \u043e\u0431\u0443\u0447\u0435\u043d\u0438\u044f \u043a\u043e\u0441\u043c\u0435\u0442\u0438\u043a\u0438 PB s\u00e9rum.<\/li>\n<li>2020- \u043e\u0431\u0443\u0447\u0435\u043d\u0438\u0435 DEKA. \u0418\u0441\u043f\u043e\u043b\u044c\u0437\u043e\u0432\u0430\u043d\u0438\u0435 \u043b\u0430\u0437\u0435\u0440\u0430 \u043f\u0440\u0438 \u0440\u0430\u0437\u043b\u0438\u0447\u043d\u044b\u0445 \u0434\u0435\u0440\u043c\u0430\u0442\u043e\u043b\u043e\u0433\u0438\u0447\u0435\u0441\u043a\u0438\u0445 \u043f\u0440\u043e\u0431\u043b\u0435\u043c\u0430\u0445.<\/li>\n<li>2020- \u043e\u0431\u0443\u0447\u0435\u043d\u0438\u0435 Ericson. \u041d\u0430\u043d\u0435\u0441\u0435\u043d\u0438\u0435 \u0438 \u0438\u0441\u043f\u043e\u043b\u044c\u0437\u043e\u0432\u0430\u043d\u0438\u0435 \u0430\u043a\u0442\u0438\u0432\u043d\u044b\u0445 \u0432\u0435\u0449\u0435\u0441\u0442\u0432 \u043f\u0440\u0438 \u043a\u043e\u0441\u043c\u0435\u0442\u043e\u043b\u043e\u0433\u0438\u0447\u0435\u0441\u043a\u0438\u0445 \u043f\u0440\u043e\u0446\u0435\u0434\u0443\u0440\u0430\u0445.<\/li>\n<li>2020- \u043a\u0443\u0440\u0441 NeoStrata. \u041b\u0435\u0442\u043d\u0438\u0435 \u0445\u0438\u043c\u0438\u0447\u0435\u0441\u043a\u0438\u0435 \u041f\u0438\u043b\u0438\u043d\u0433\u0438.<\/li>\n<\/ul>\n<p>[\/vc_column_text][\/vc_column_inner][vc_column_inner width=&#187;1\/3&#8243;][vc_column_text]<strong>\u041e\u0431\u0440\u0430\u0437\u043e\u0432\u0430\u043d\u0438\u0435:<\/strong><\/p>\n<p>\u0422\u0440\u0435\u0442\u0438\u0439 \u043c\u0435\u0434\u0438\u0446\u0438\u043d\u0441\u043a\u0438\u0439 \u0444\u0430\u043a\u0443\u043b\u044c\u0442\u0435\u0442 \u041a\u0430\u0440\u043b\u043e\u0432\u043e\u0433\u043e \u0443\u043d\u0438\u0432\u0435\u0440\u0441\u0438\u0442\u0435\u0442\u0430<\/p>\n<p><strong>\u041f\u0440\u043e\u0444\u0435\u0441\u0441\u0438\u043e\u043d\u0430\u043b\u044c\u043d\u044b\u0439 \u0441\u0442\u0430\u0436:<\/strong><\/p>\n<p>2019 &#8212; \u041d\u0430\u0441\u0442\u043e\u044f\u0449\u0435\u0435 \u0432\u0440\u0435\u043c\u044f \u041b\u0430\u0437\u0435\u0440\u043d\u0430\u044f \u0434\u0435\u0440\u043c\u0430\u0442\u043e\u043b\u043e\u0433\u0438\u0447\u0435\u0441\u043a\u0430\u044f \u043a\u043b\u0438\u043d\u0438\u043a\u0430 \u0410\u043b\u0442\u043e\u0441<\/p>\n<p><strong>\u0417\u043d\u0430\u043d\u0438\u0435 \u0438\u043d\u043e\u0441\u0442\u0440\u0430\u043d\u043d\u044b\u0445 \u044f\u0437\u044b\u043a\u043e\u0432:<\/strong><\/p>\n<p>\u0420\u0443\u0441\u0441\u043a\u0438\u0439 \u044f\u0437\u044b\u043a<br \/>\n\u0427\u0435\u0448\u0441\u043a\u0438\u0439 \u044f\u0437\u044b\u043a<br \/>\n\u0410\u043d\u0433\u043b\u0438\u0439\u0441\u043a\u0438\u0439 \u044f\u0437\u044b\u043a<br \/>\n\u041d\u0435\u043c\u0435\u0446\u043a\u0438\u0439 \u044f\u0437\u044b\u043a<br \/>\n\u0423\u043a\u0440\u0430\u0438\u043d\u0441\u043a\u0438\u0439 \u044f\u0437\u044b\u043a[\/vc_column_text][\/vc_column_inner][\/vc_row_inner][vc_empty_space height=&#187;20px&#187;][\/vc_column][vc_column width=&#187;1\/3&#8243; css=&#187;.vc_custom_1645457366643{padding-right: 5% !important;padding-left: 5% !important;}&#187; offset=&#187;vc_hidden-xs&#187;]<div class=\"mkdf-elements-holder mkdf-one-column mkdf-responsive-mode-768\" ><div class=\"mkdf-eh-item mkdf-horizontal-alignment-center\"  data-item-class=\"mkdf-eh-custom-183946\">\n\t<div class=\"mkdf-eh-item-inner\">\n\t\t<div class=\"mkdf-eh-item-content mkdf-eh-custom-183946\" >\n\t\t\t[vc_single_image image=&#187;15002&#8243; img_size=&#187;full&#187; alignment=&#187;center&#187;]\t\t<\/div>\n\t<\/div>\n<\/div><\/div>[\/vc_column][\/vc_row][vc_row][vc_column][vc_empty_space height=&#187;50px&#187;][\/vc_column][\/vc_row]<\/p>\n","protected":false},"excerpt":{"rendered":"<p>[vc_row css=&#187;.vc_custom_1640466215659{padding-top: 50px !important;}&#187;][vc_column css=&#187;.vc_custom_1492767171698{padding-top: 0px !important;}&#187;][vc_empty_space height=&#187;20px&#187;][\/vc_column][\/vc_row][vc_row disable_element=&#187;yes&#187; css=&#187;.vc_custom_1646135980058{padding-top: 7% !important;padding-right: 10% !important;padding-left: 10% !important;}&#187;][vc_column width=&#187;2\/3&#8243; css=&#187;.vc_custom_1640468852487{padding-top: 0px !important;padding-right: 5% !important;padding-left: 5% !important;}&#187;][vc_empty_space height=&#187;25px&#187;][vc_column_text]\u041e\u0431\u0443\u0447\u0435\u043d\u0438\u0435 \u0438 \u043a\u0443\u0440\u0441\u044b \u043f\u043e \u043f\u043e\u0432\u044b\u0448\u0435\u043d\u0438\u044e \u043a\u0432\u0430\u043b\u0438\u0444\u0438\u043a\u0430\u0446\u0438\u0438: \u0440\u0435\u0433\u0443\u043b\u044f\u0440\u043d\u043e\u0435 \u043f\u043e\u0441\u0435\u0449\u0435\u043d\u0438\u0435 \u043f\u0440\u043e\u0444\u0435\u0441\u0441\u0438\u043e\u043d\u0430\u043b\u044c\u043d\u044b\u0445 \u0443\u0447\u0435\u0431\u043d\u044b\u0445 \u043c\u0435\u0440\u043e\u043f\u0440\u0438\u044f\u0442\u0438\u0439, \u043a\u0430\u0441\u0430\u044e\u0449\u0438\u0445\u0441\u044f \u043f\u0440\u043e\u0444\u0435\u0441\u0441\u0438\u043e\u043d\u0430\u043b\u044c\u043d\u043e\u0439 \u0434\u0435\u044f\u0442\u0435\u043b\u044c\u043d\u043e\u0441\u0442\u0438; \u0443\u0447\u0430\u0441\u0442\u0438\u0435 \u0432 [&hellip;]<\/p>\n","protected":false},"author":1,"featured_media":0,"parent":0,"menu_order":0,"comment_status":"closed","ping_status":"closed","template":"full-width.php","meta":{"footnotes":""},"class_list":["post-14040","page","type-page","status-publish","hentry"],"acf":[],"_links":{"self":[{"href":"https:\/\/pm.trdevel.cz\/ru\/wp-json\/wp\/v2\/pages\/14040","targetHints":{"allow":["GET"]}}],"collection":[{"href":"https:\/\/pm.trdevel.cz\/ru\/wp-json\/wp\/v2\/pages"}],"about":[{"href":"https:\/\/pm.trdevel.cz\/ru\/wp-json\/wp\/v2\/types\/page"}],"author":[{"embeddable":true,"href":"https:\/\/pm.trdevel.cz\/ru\/wp-json\/wp\/v2\/users\/1"}],"replies":[{"embeddable":true,"href":"https:\/\/pm.trdevel.cz\/ru\/wp-json\/wp\/v2\/comments?post=14040"}],"version-history":[{"count":20,"href":"https:\/\/pm.trdevel.cz\/ru\/wp-json\/wp\/v2\/pages\/14040\/revisions"}],"predecessor-version":[{"id":20656,"href":"https:\/\/pm.trdevel.cz\/ru\/wp-json\/wp\/v2\/pages\/14040\/revisions\/20656"}],"wp:attachment":[{"href":"https:\/\/pm.trdevel.cz\/ru\/wp-json\/wp\/v2\/media?parent=14040"}],"curies":[{"name":"wp","href":"https:\/\/api.w.org\/{rel}","templated":true}]}}